{"id":14609,"date":"2023-12-26T20:22:08","date_gmt":"2023-12-26T20:22:08","guid":{"rendered":"https:\/\/novatronicec.com\/?post_type=product&#038;p=14609"},"modified":"2024-07-27T19:15:22","modified_gmt":"2024-07-27T19:15:22","slug":"bateria-lipo-650mah-2s1p-75c-7-4v-tattu-xt30","status":"publish","type":"product","link":"https:\/\/novatronicec.com\/index.php\/product\/bateria-lipo-650mah-2s1p-75c-7-4v-tattu-xt30\/","title":{"rendered":"BATERIA LIPO 650mAh 2S1P 75C 7.4V TATTU XT30"},"content":{"rendered":"<p>Todas las bater\u00edas Tattu LiPos se embalan con material a prueba de vibraciones e incendios y con nuestra lujosa caja de bater\u00edas, lo que garantiza que reciba su bater\u00eda en perfectas condiciones. Un procedimiento autom\u00e1tico y un sistema inform\u00e1tico de emparejamiento de celdas de bater\u00eda garantizan la estabilidad y calidad de las bater\u00edas. A diferencia de la serie original Gens Ace, TATTU est\u00e1 especializada en el mercado de UAV y UAS, con su calidad industrial (ya que Gens Ace se basa en el \u00e1rea de Hobby), su lema \u00abmenos es m\u00e1s\u00bb, \u00abm\u00e1s\u00bb significa m\u00e1s tiempo de vuelo, m\u00e1s disfrute, y m\u00e1s satisfacci\u00f3n, y \u00abmenos\u00bb significa menos peso, dise\u00f1o simple. Tattu siempre desarrolla sus productos de acuerdo a estas 2 direcciones d\u00e1ndole una bater\u00eda de alta calidad.<\/p>\n<h3>Caracter\u00edsticas:<\/h3>\n<p>&#8211; Notable tecnolog\u00eda de apilamiento permite capacidades de una sola c\u00e9lula de 650mAh.<br \/>\n&#8211; Alto rendimiento de descarga y alta densidad de energ\u00eda.<br \/>\n&#8211; Materias primas superiores de pol\u00edmero de litio de Jap\u00f3n y Corea.<\/p>\n<h3>Especificaciones:<\/h3>\n<p>&#8211; Capacidad m\u00ednima: 650mAh<br \/>\n&#8211; Configuraci\u00f3n: 2S1P \/ 7.4V \/ 2 C\u00e9lulas<br \/>\n&#8211; Tasa de descarga: 75C<br \/>\n&#8211; Tasa de descarga m\u00e1xima: 150C<br \/>\n&#8211; Peso Neto(\u00b120g): 43g<br \/>\n&#8211; Dimensiones: 57mm Largo x 31mm Ancho x 12mm Alto<br \/>\n&#8211; Enchufe de carga: JST-XHR-3P<br \/>\n&#8211; Enchufe de descarga: XT-30<\/p>\n<p>Aplicaci\u00f3n: especialmente dise\u00f1ado para su tama\u00f1o 90-150, torrente 110. Equipado con enchufe XT-30 est\u00e1ndar de la industria.<\/p>\n","protected":false},"excerpt":{"rendered":"<h3>Especificaciones:<\/h3>\n<p>&#8211; Capacidad m\u00ednima: 650mAh<br \/>\n&#8211; Configuraci\u00f3n: 2S1P \/ 7.4V \/ 2 C\u00e9lulas<br \/>\n&#8211; Tasa de descarga: 75C<br \/>\n&#8211; Tasa de descarga m\u00e1xima: 150C<br \/>\n&#8211; Peso Neto(\u00b120g): 43g<br \/>\n&#8211; Dimensiones: 57mm Largo x 31mm Ancho x 12mm Alto<br \/>\n&#8211; Enchufe de carga: JST-XHR-3P<br \/>\n&#8211; Enchufe de descarga: XT-30<\/p>\n","protected":false},"featured_media":14614,"template":"","meta":[],"product_brand":[],"product_cat":[128,86],"product_tag":[131,713,130,129,136,134],"class_list":{"0":"post-14609","1":"product","2":"type-product","3":"status-publish","4":"has-post-thumbnail","6":"product_cat-baterias","7":"product_cat-electronica","8":"product_tag-bateria","9":"product_tag-bateria-recargable","10":"product_tag-baterialipo","11":"product_tag-lipo","12":"product_tag-robot","13":"product_tag-tattu","15":"first","16":"instock","17":"shipping-taxable","18":"purchasable","19":"product-type-simple"},"_links":{"self":[{"href":"https:\/\/novatronicec.com\/index.php\/wp-json\/wp\/v2\/product\/14609","targetHints":{"allow":["GET"]}}],"collection":[{"href":"https:\/\/novatronicec.com\/index.php\/wp-json\/wp\/v2\/product"}],"about":[{"href":"https:\/\/novatronicec.com\/index.php\/wp-json\/wp\/v2\/types\/product"}],"wp:featuredmedia":[{"embeddable":true,"href":"https:\/\/novatronicec.com\/index.php\/wp-json\/wp\/v2\/media\/14614"}],"wp:attachment":[{"href":"https:\/\/novatronicec.com\/index.php\/wp-json\/wp\/v2\/media?parent=14609"}],"wp:term":[{"taxonomy":"product_brand","embeddable":true,"href":"https:\/\/novatronicec.com\/index.php\/wp-json\/wp\/v2\/product_brand?post=14609"},{"taxonomy":"product_cat","embeddable":true,"href":"https:\/\/novatronicec.com\/index.php\/wp-json\/wp\/v2\/product_cat?post=14609"},{"taxonomy":"product_tag","embeddable":true,"href":"https:\/\/novatronicec.com\/index.php\/wp-json\/wp\/v2\/product_tag?post=14609"}],"curies":[{"name":"wp","href":"https:\/\/api.w.org\/{rel}","templated":true}]}}