{"id":14642,"date":"2023-12-26T21:51:01","date_gmt":"2023-12-26T21:51:01","guid":{"rendered":"https:\/\/novatronicec.com\/?post_type=product&#038;p=14642"},"modified":"2025-12-22T15:43:09","modified_gmt":"2025-12-22T15:43:09","slug":"peladora-y-cortadora-de-cable-proskit-6pk-223","status":"publish","type":"product","link":"https:\/\/novatronicec.com\/index.php\/product\/peladora-y-cortadora-de-cable-proskit-6pk-223\/","title":{"rendered":"PELADORA Y CORTADORA DE CABLE PROSKIT 6PK-223"},"content":{"rendered":"<h3>Descripci\u00f3n<\/h3>\n<div id=\"section2\" class=\"feature content container-fluid\">\n<div class=\"tab-content-padding\">\n<div class=\"tab-content-padding\">\n<p>Tiene tope de tornillo ajustable para diferentes tama\u00f1os de alambre, y agarres de coj\u00edn. Corte y desmonte tanto el alambre s\u00f3lido como el trenzado, limpia y ordenadamente. Endurecido con cuchillas molidas.<\/p>\n<p><img decoding=\"async\" class=\"alignnone size-medium wp-image-14643\" src=\"https:\/\/novatronicec.com\/wp-content\/uploads\/2023\/12\/des1-300x300.jpg\" alt=\"\" width=\"300\" height=\"300\" srcset=\"https:\/\/novatronicec.com\/wp-content\/uploads\/2023\/12\/des1-300x300.jpg 300w, https:\/\/novatronicec.com\/wp-content\/uploads\/2023\/12\/des1-430x430.jpg 430w, https:\/\/novatronicec.com\/wp-content\/uploads\/2023\/12\/des1-150x150.jpg 150w, https:\/\/novatronicec.com\/wp-content\/uploads\/2023\/12\/des1.jpg 700w\" sizes=\"(max-width: 300px) 100vw, 300px\" \/><\/p>\n<\/div>\n<\/div>\n<\/div>\n","protected":false},"excerpt":{"rendered":"<h3>Especificaciones<\/h3>\n<p>Se ajusta con un destornillador<br \/>\nAcero de alto carbono<br \/>\nSuperficie de corte de precisi\u00f3n<\/p>\n","protected":false},"featured_media":14647,"template":"","meta":[],"product_brand":[],"product_cat":[86,1110,66],"product_tag":[792,720,1061,1059],"class_list":{"0":"post-14642","1":"product","2":"type-product","3":"status-publish","4":"has-post-thumbnail","6":"product_cat-electronica","7":"product_cat-herramientas","8":"product_cat-varios","9":"product_tag-cortadora","10":"product_tag-herramienta","11":"product_tag-pelador-de-cable","12":"product_tag-proskit","14":"first","15":"outofstock","16":"shipping-taxable","17":"purchasable","18":"product-type-simple"},"_links":{"self":[{"href":"https:\/\/novatronicec.com\/index.php\/wp-json\/wp\/v2\/product\/14642","targetHints":{"allow":["GET"]}}],"collection":[{"href":"https:\/\/novatronicec.com\/index.php\/wp-json\/wp\/v2\/product"}],"about":[{"href":"https:\/\/novatronicec.com\/index.php\/wp-json\/wp\/v2\/types\/product"}],"wp:featuredmedia":[{"embeddable":true,"href":"https:\/\/novatronicec.com\/index.php\/wp-json\/wp\/v2\/media\/14647"}],"wp:attachment":[{"href":"https:\/\/novatronicec.com\/index.php\/wp-json\/wp\/v2\/media?parent=14642"}],"wp:term":[{"taxonomy":"product_brand","embeddable":true,"href":"https:\/\/novatronicec.com\/index.php\/wp-json\/wp\/v2\/product_brand?post=14642"},{"taxonomy":"product_cat","embeddable":true,"href":"https:\/\/novatronicec.com\/index.php\/wp-json\/wp\/v2\/product_cat?post=14642"},{"taxonomy":"product_tag","embeddable":true,"href":"https:\/\/novatronicec.com\/index.php\/wp-json\/wp\/v2\/product_tag?post=14642"}],"curies":[{"name":"wp","href":"https:\/\/api.w.org\/{rel}","templated":true}]}}