{"id":14698,"date":"2024-01-17T17:20:24","date_gmt":"2024-01-17T17:20:24","guid":{"rendered":"https:\/\/novatronicec.com\/?post_type=product&#038;p=14698"},"modified":"2024-05-28T20:23:03","modified_gmt":"2024-05-28T20:23:03","slug":"74ls90-contador-por-decada","status":"publish","type":"product","link":"https:\/\/novatronicec.com\/index.php\/product\/74ls90-contador-por-decada\/","title":{"rendered":"74LS90 Contador por d\u00e9cada"},"content":{"rendered":"<h2>Descripci\u00f3n<\/h2>\n<p>Circuito integrado TTL 74LS90.\u00a0Contador por d\u00e9cada.<\/p>\n<p>El SN74LS90N es un contador de d\u00e9cadas contiene cuatro maestro-esclavo flip-flops y compuerta adicional para proporcionar un contador de divisi\u00f3n por dos y un contador binario de tres etapas para el que la longitud del ciclo recuento es dividir-por-cinco para el \u201990A y\u00a0\u2018LS90, dividir-por-seis para el \u201c92A y\u2019 LS92 y el divisor por ocho para el \u201993A y\u2019 LS93.<\/p>\n<p>Todos estos contadores tienen una cerrada de puesta a cero y el \u201c90A y \u2018LS90 tambi\u00e9n han cerradas conjunto a nueve entradas para su uso en aplicaciones de complemento BCD de nueve.<\/p>\n<p>Para utilizar su longitud m\u00e1xima count (d\u00e9cada, de divisi\u00f3n por doce o de cuatro bits binario) de estos contadores, la entrada CKB est\u00e1 conectado a la salida de control de calidad.<\/p>\n<p>Los impulsos de contaje de entrada se aplican a la entrada de CKA y las salidas son como se describen en la tabla de funci\u00f3n apropiada.<\/p>\n<p>A sim\u00e9trica recuento de divisi\u00f3n por diez se puede obtener de la \u201990A o \u201ccontadores LS90 conectando la salida QD a la entrada CKA y la aplicaci\u00f3n de la cuenta de entrada a la entrada CKB que da una onda cuadrada de divisi\u00f3n por diez de la QA salida.<\/p>\n<ul>\n<li>Compatible con entrada TTL<\/li>\n<li>Salida CMOS<\/li>\n<\/ul>\n","protected":false},"excerpt":{"rendered":"<h2>Caracter\u00edsticas<\/h2>\n<ul>\n<li>Contador Tipo:\u00a0\u00a0<strong>Decenio<\/strong><\/li>\n<li>Frecuencia de reloj:\u00a0\u00a0<strong>42 MHz<\/strong><\/li>\n<li>El n\u00famero m\u00e1ximo:\u00a0\u00a0<strong>9<\/strong><\/li>\n<li>Rango tensi\u00f3n de alimentaci\u00f3n:\u00a0\u00a0<strong>4.75 V a 5.25 V<\/strong><\/li>\n<li>Rango temperatura de funcionamiento:\u00a0<strong>\u00a00 \u00b0 C a +70 \u00b0 C<\/strong><\/li>\n<li>Tipo de familia:\u00a0\u00a0<strong>LS<\/strong><\/li>\n<li>\u00a0Entrada TTL compatibles<\/li>\n<li>Salida CMOS<\/li>\n<li>Encapsulado DIP<\/li>\n<\/ul>\n","protected":false},"featured_media":14699,"template":"","meta":[],"product_brand":[],"product_cat":[1592,86],"product_tag":[1596,1593,615],"class_list":{"0":"post-14698","1":"product","2":"type-product","3":"status-publish","4":"has-post-thumbnail","6":"product_cat-compuertas-logicas","7":"product_cat-electronica","8":"product_tag-74ls90","9":"product_tag-compuertaslogicas","10":"product_tag-ttl","12":"first","13":"instock","14":"shipping-taxable","15":"purchasable","16":"product-type-simple"},"_links":{"self":[{"href":"https:\/\/novatronicec.com\/index.php\/wp-json\/wp\/v2\/product\/14698","targetHints":{"allow":["GET"]}}],"collection":[{"href":"https:\/\/novatronicec.com\/index.php\/wp-json\/wp\/v2\/product"}],"about":[{"href":"https:\/\/novatronicec.com\/index.php\/wp-json\/wp\/v2\/types\/product"}],"wp:featuredmedia":[{"embeddable":true,"href":"https:\/\/novatronicec.com\/index.php\/wp-json\/wp\/v2\/media\/14699"}],"wp:attachment":[{"href":"https:\/\/novatronicec.com\/index.php\/wp-json\/wp\/v2\/media?parent=14698"}],"wp:term":[{"taxonomy":"product_brand","embeddable":true,"href":"https:\/\/novatronicec.com\/index.php\/wp-json\/wp\/v2\/product_brand?post=14698"},{"taxonomy":"product_cat","embeddable":true,"href":"https:\/\/novatronicec.com\/index.php\/wp-json\/wp\/v2\/product_cat?post=14698"},{"taxonomy":"product_tag","embeddable":true,"href":"https:\/\/novatronicec.com\/index.php\/wp-json\/wp\/v2\/product_tag?post=14698"}],"curies":[{"name":"wp","href":"https:\/\/api.w.org\/{rel}","templated":true}]}}