{"id":14701,"date":"2024-01-17T17:24:58","date_gmt":"2024-01-17T17:24:58","guid":{"rendered":"https:\/\/novatronicec.com\/?post_type=product&#038;p=14701"},"modified":"2024-05-28T20:23:03","modified_gmt":"2024-05-28T20:23:03","slug":"74ls112-dos-flip-flop-j-k","status":"publish","type":"product","link":"https:\/\/novatronicec.com\/index.php\/product\/74ls112-dos-flip-flop-j-k\/","title":{"rendered":"74LS112 Dos Flip-Flop J-K"},"content":{"rendered":"<h2>Descripci\u00f3n<\/h2>\n<p>El dispositivo 74112 es un circuito integrado que contiene dos compuertas l\u00f3gicas J-K maestro-esclavo con\u00a0se\u00f1al de reloj negado. Estas compuertas J-K maestro-esclavo son elementos de almacenamiento secuencial utilizados en aplicaciones de electr\u00f3nica digital para la creaci\u00f3n de contadores, registros de desplazamiento y secuenciadores. El 74112 permite la manipulaci\u00f3n y el almacenamiento de datos binarios de forma controlada por un reloj negado, lo que es esencial para el dise\u00f1o de circuitos de l\u00f3gica secuencial y temporizaci\u00f3n. Su versatilidad y rendimiento lo convierten en un componente valioso en proyectos de electr\u00f3nica digital.<\/p>\n<h2><strong>Caracter\u00edsticas<\/strong>:<\/h2>\n<ul>\n<li>Tipo de biestable: Flip Flop J-K<\/li>\n<li><span class=\"hps\">Tipo de trigger<\/span>: Edge\u00a0<span class=\"hps\">Negativo<\/span><\/li>\n<li><span class=\"hps\">Frecuencia<\/span>: 45\u00a0<span class=\"hps\">MHz (typ)<\/span><\/li>\n<li><span id=\"result_box\">Tensi\u00f3n de alimentaci\u00f3n: 4.5 V \u2013 5.5 V<\/span><span id=\"result_box\"><\/span><\/li>\n<li><span class=\"hps\">Corriente de salida:<\/span>\u00a06<span class=\"hps\">\u00a0mA<\/span><span id=\"result_box\"><\/span><\/li>\n<li><span lang=\"es\"><span class=\"hps\">Encapsulado: DIP-16<\/span><\/span><\/li>\n<\/ul>\n","protected":false},"excerpt":{"rendered":"<h2><strong>Caracter\u00edsticas<\/strong>:<\/h2>\n<ul>\n<li>Tipo de biestable: Flip Flop J-K<\/li>\n<li><span class=\"hps\">Tipo de trigger<\/span>: Edge\u00a0<span class=\"hps\">Negativo<\/span><\/li>\n<li><span class=\"hps\">Frecuencia<\/span>: 45\u00a0<span class=\"hps\">MHz (typ)<\/span><\/li>\n<li><span id=\"result_box\">Tensi\u00f3n de alimentaci\u00f3n: 4.5 V \u2013 5.5 V<\/span><span id=\"result_box\"><\/span><\/li>\n<li><span class=\"hps\">Corriente de salida:<\/span>\u00a06<span class=\"hps\">\u00a0mA<\/span><span id=\"result_box\"><\/span><\/li>\n<li><span lang=\"es\"><span class=\"hps\">Encapsulado: DIP-16<\/span><\/span><\/li>\n<\/ul>\n","protected":false},"featured_media":14703,"template":"","meta":[],"product_brand":[],"product_cat":[1592,86],"product_tag":[1598,1597,1593,615],"class_list":{"0":"post-14701","1":"product","2":"type-product","3":"status-publish","4":"has-post-thumbnail","6":"product_cat-compuertas-logicas","7":"product_cat-electronica","8":"product_tag-1598","9":"product_tag-74ls112","10":"product_tag-compuertaslogicas","11":"product_tag-ttl","13":"first","14":"instock","15":"shipping-taxable","16":"purchasable","17":"product-type-simple"},"_links":{"self":[{"href":"https:\/\/novatronicec.com\/index.php\/wp-json\/wp\/v2\/product\/14701","targetHints":{"allow":["GET"]}}],"collection":[{"href":"https:\/\/novatronicec.com\/index.php\/wp-json\/wp\/v2\/product"}],"about":[{"href":"https:\/\/novatronicec.com\/index.php\/wp-json\/wp\/v2\/types\/product"}],"wp:featuredmedia":[{"embeddable":true,"href":"https:\/\/novatronicec.com\/index.php\/wp-json\/wp\/v2\/media\/14703"}],"wp:attachment":[{"href":"https:\/\/novatronicec.com\/index.php\/wp-json\/wp\/v2\/media?parent=14701"}],"wp:term":[{"taxonomy":"product_brand","embeddable":true,"href":"https:\/\/novatronicec.com\/index.php\/wp-json\/wp\/v2\/product_brand?post=14701"},{"taxonomy":"product_cat","embeddable":true,"href":"https:\/\/novatronicec.com\/index.php\/wp-json\/wp\/v2\/product_cat?post=14701"},{"taxonomy":"product_tag","embeddable":true,"href":"https:\/\/novatronicec.com\/index.php\/wp-json\/wp\/v2\/product_tag?post=14701"}],"curies":[{"name":"wp","href":"https:\/\/api.w.org\/{rel}","templated":true}]}}