{"id":14704,"date":"2024-01-17T17:33:23","date_gmt":"2024-01-17T17:33:23","guid":{"rendered":"https:\/\/novatronicec.com\/?post_type=product&#038;p=14704"},"modified":"2024-05-28T20:23:03","modified_gmt":"2024-05-28T20:23:03","slug":"74ls139-dos-decodificadores-demultiplexores-2-a-4","status":"publish","type":"product","link":"https:\/\/novatronicec.com\/index.php\/product\/74ls139-dos-decodificadores-demultiplexores-2-a-4\/","title":{"rendered":"74LS139 Dos Decodificadores \/ Demultiplexores 2 a 4."},"content":{"rendered":"<h2>Descripci\u00f3n<\/h2>\n<p>El 74139 es un circuito integrado que funciona como un decodificador \/ demultiplexor dual de 2 a 4 l\u00edneas. Este IC se utiliza com\u00fanmente en sistemas digitales para tomar una se\u00f1al de entrada y dirigirla a una de las cuatro salidas posibles. El 74139 es especialmente \u00fatil en aplicaciones de selecci\u00f3n de datos y direccionamiento, donde se requiere la distribuci\u00f3n precisa de una se\u00f1al de entrada a m\u00faltiples destinos. Su dise\u00f1o compacto y vers\u00e1til lo hace valioso en proyectos de electr\u00f3nica digital.<\/p>\n<h2><strong>Caracter\u00edsticas:<\/strong><\/h2>\n<ul title=\"Designed specifically for high-speed memory decoders and data transmission systems \u00a0\u00a0\u00a0\u00a0\">\n<li><span id=\"result_box\" lang=\"es\"><span class=\"hps\">Tipo de l\u00f3gica:<\/span>\u00a0<span class=\"hps\">Decodificador \/<\/span>\u00a0<span class=\"hps\">demultiplexor.<\/span><br \/>\n<\/span><\/li>\n<li><span lang=\"es\"><span class=\"hps\">N\u00famero de salidas: 8<\/span><\/span><\/li>\n<li><span lang=\"es\"><span class=\"hps\"><span id=\"descAttributeName_3\" class=\"product\">Configuraci\u00f3n de l\u00ednea\u00a0<\/span><span id=\"descAttributeValue_3\">2<\/span><\/span><\/span><\/li>\n<li><span lang=\"es\"><span class=\"hps\">Tensi\u00f3n de alimentaci\u00f3n: 4.75 V \u2013\u00a0<\/span><\/span><span lang=\"es\"><span class=\"hps\">5.25 V<\/span><\/span><\/li>\n<li>Encapsulado:\u00a0 DIP \u2013 16<\/li>\n<\/ul>\n","protected":false},"excerpt":{"rendered":"<h2><strong>Caracter\u00edsticas:<\/strong><\/h2>\n<ul title=\"Designed specifically for high-speed memory decoders and data transmission systems \u00a0\u00a0\u00a0\u00a0\">\n<li><span id=\"result_box\" lang=\"es\"><span class=\"hps\">Tipo de l\u00f3gica:<\/span>\u00a0<span class=\"hps\">Decodificador \/<\/span>\u00a0<span class=\"hps\">demultiplexor.<\/span><br \/>\n<\/span><\/li>\n<li><span lang=\"es\"><span class=\"hps\">N\u00famero de salidas: 8<\/span><\/span><\/li>\n<li><span lang=\"es\"><span class=\"hps\"><span id=\"descAttributeName_3\" class=\"product\">Configuraci\u00f3n de l\u00ednea\u00a0<\/span><span id=\"descAttributeValue_3\">2<\/span><\/span><\/span><\/li>\n<li><span lang=\"es\"><span class=\"hps\">Tensi\u00f3n de alimentaci\u00f3n: 4.75 V \u2013\u00a0<\/span><\/span><span lang=\"es\"><span class=\"hps\">5.25 V<\/span><\/span><\/li>\n<li>Encapsulado:\u00a0 DIP \u2013 16<\/li>\n<\/ul>\n","protected":false},"featured_media":14706,"template":"","meta":[],"product_brand":[],"product_cat":[1592,86],"product_tag":[1599,1600,1593,615],"class_list":{"0":"post-14704","1":"product","2":"type-product","3":"status-publish","4":"has-post-thumbnail","6":"product_cat-compuertas-logicas","7":"product_cat-electronica","8":"product_tag-1599","9":"product_tag-74ls139","10":"product_tag-compuertaslogicas","11":"product_tag-ttl","13":"first","14":"instock","15":"shipping-taxable","16":"purchasable","17":"product-type-simple"},"_links":{"self":[{"href":"https:\/\/novatronicec.com\/index.php\/wp-json\/wp\/v2\/product\/14704","targetHints":{"allow":["GET"]}}],"collection":[{"href":"https:\/\/novatronicec.com\/index.php\/wp-json\/wp\/v2\/product"}],"about":[{"href":"https:\/\/novatronicec.com\/index.php\/wp-json\/wp\/v2\/types\/product"}],"wp:featuredmedia":[{"embeddable":true,"href":"https:\/\/novatronicec.com\/index.php\/wp-json\/wp\/v2\/media\/14706"}],"wp:attachment":[{"href":"https:\/\/novatronicec.com\/index.php\/wp-json\/wp\/v2\/media?parent=14704"}],"wp:term":[{"taxonomy":"product_brand","embeddable":true,"href":"https:\/\/novatronicec.com\/index.php\/wp-json\/wp\/v2\/product_brand?post=14704"},{"taxonomy":"product_cat","embeddable":true,"href":"https:\/\/novatronicec.com\/index.php\/wp-json\/wp\/v2\/product_cat?post=14704"},{"taxonomy":"product_tag","embeddable":true,"href":"https:\/\/novatronicec.com\/index.php\/wp-json\/wp\/v2\/product_tag?post=14704"}],"curies":[{"name":"wp","href":"https:\/\/api.w.org\/{rel}","templated":true}]}}