{"id":14736,"date":"2024-02-14T14:41:45","date_gmt":"2024-02-14T14:41:45","guid":{"rendered":"https:\/\/novatronicec.com\/?post_type=product&#038;p=14736"},"modified":"2025-07-05T16:20:43","modified_gmt":"2025-07-05T16:20:43","slug":"ttgo-lora32-915mhz-esp32-0-96-inch-oled-blue-screen-bluetooth-wifi","status":"publish","type":"product","link":"https:\/\/novatronicec.com\/index.php\/product\/ttgo-lora32-915mhz-esp32-0-96-inch-oled-blue-screen-bluetooth-wifi\/","title":{"rendered":"TTGO LORA32 915mHz ESP32 0.96 OLED con cable"},"content":{"rendered":"<h2>Descripci\u00f3n<\/h2>\n<p>El m\u00f3dulo Wifi ESP32 es el hermano mayor del ESP8266 que ya casi no requiere de presentaci\u00f3n. \u00c9ste popular m\u00f3dulo Wifi es compatible con Arduino y ofrece conectividad inal\u00e1mbrica\u00a0802.11 b\/g\/n de una forma totalmente sencilla. Sin embargo muchas veces necesitas mostrar alg\u00fan tipo de informaci\u00f3n al usuario como la de un sensor o el estado de la aplicaci\u00f3n por ejemplo. Para eso se suele cablear externamente una pantalla y eso hace m\u00e1s complejo el montaje. La ESP32 OLED combina ambas cosas en una \u00fanica y sencilla placa: El m\u00f3dulo ESP32 junto con una pantalla OLED en la misma placa. Adem\u00e1s, dispone de un conector microUSB para alimentaci\u00f3n y para programarlo directamente desde el IDE de Arduino. A\u00f1ade un extra de potencia con el potente procesador ESP32!<\/p>\n<p>La placa tambi\u00e9n dispone de un m\u00f3dulo LoRa que permite transmitir de forma bidireccional datos a grandes distancias. Es la versi\u00f3n de 900 Mhz y por lo tanto\u00a0<strong>se puede configurar por software tanto a 868Mhz como a 915Mhz.<\/strong>\u00a0Incluye una antena de 2 dBi con rosca para que puedas montarla en una caja.<\/p>\n<p><strong>NOTAS SOBRE DEEP-SLEEP:<\/strong>\u00a0Ten en cuenta que por su dise\u00f1o, la placa en modo deep sleep consume entorno a 20mA, no menos. Si buscas una placa capaz de reducir mucho m\u00e1s su consumo en deep sleep, prueba el\u00a0ESP32 Thing de Sparkfun.<\/p>\n<p>Se entrega con una tira de pines macho sin soldar, una antena de 2dBi con roscas y un cable para bater\u00eda.<\/p>\n<h2><strong>Caracter\u00edsticas:<\/strong><\/h2>\n<ul>\n<li>Chip Wifi ESP32 @ 80 MHz \u2013 802.11 b\/g\/n<\/li>\n<li>M\u00f3dulo LoRa 915 Mhz<\/li>\n<li>Compatible con Arduino<\/li>\n<li>Pantalla OLED 128\u00d764 p\u00edxeles (SSD1306 direcci\u00f3n I2C 0x3C)<\/li>\n<li>Conexi\u00f3n MicroUSB (Alimentaci\u00f3n y programaci\u00f3n)<\/li>\n<li>Antena de 2dBi con rosca SMA<\/li>\n<\/ul>\n","protected":false},"excerpt":{"rendered":"<h2><strong>Caracter\u00edsticas:<\/strong><\/h2>\n<ul>\n<li>Chip Wifi ESP32 @ 80 MHz \u2013 802.11 b\/g\/n<\/li>\n<li>M\u00f3dulo LoRa 915 Mhz<\/li>\n<li>Compatible con Arduino<\/li>\n<li>Pantalla OLED 128\u00d764 p\u00edxeles (SSD1306 direcci\u00f3n I2C 0x3C)<\/li>\n<li>Conexi\u00f3n MicroUSB (Alimentaci\u00f3n y programaci\u00f3n)<\/li>\n<li>Antena de 2dBi con rosca SMA<\/li>\n<\/ul>\n","protected":false},"featured_media":14739,"template":"","meta":[],"product_brand":[],"product_cat":[96,92],"product_tag":[1609,1608,1610],"class_list":{"0":"post-14736","1":"product","2":"type-product","3":"status-publish","4":"has-post-thumbnail","6":"product_cat-modulos-wireless","7":"product_cat-placas","8":"product_tag-915mhz","9":"product_tag-lora","10":"product_tag-placadedesarrollo","12":"first","13":"outofstock","14":"shipping-taxable","15":"purchasable","16":"product-type-simple"},"_links":{"self":[{"href":"https:\/\/novatronicec.com\/index.php\/wp-json\/wp\/v2\/product\/14736","targetHints":{"allow":["GET"]}}],"collection":[{"href":"https:\/\/novatronicec.com\/index.php\/wp-json\/wp\/v2\/product"}],"about":[{"href":"https:\/\/novatronicec.com\/index.php\/wp-json\/wp\/v2\/types\/product"}],"wp:featuredmedia":[{"embeddable":true,"href":"https:\/\/novatronicec.com\/index.php\/wp-json\/wp\/v2\/media\/14739"}],"wp:attachment":[{"href":"https:\/\/novatronicec.com\/index.php\/wp-json\/wp\/v2\/media?parent=14736"}],"wp:term":[{"taxonomy":"product_brand","embeddable":true,"href":"https:\/\/novatronicec.com\/index.php\/wp-json\/wp\/v2\/product_brand?post=14736"},{"taxonomy":"product_cat","embeddable":true,"href":"https:\/\/novatronicec.com\/index.php\/wp-json\/wp\/v2\/product_cat?post=14736"},{"taxonomy":"product_tag","embeddable":true,"href":"https:\/\/novatronicec.com\/index.php\/wp-json\/wp\/v2\/product_tag?post=14736"}],"curies":[{"name":"wp","href":"https:\/\/api.w.org\/{rel}","templated":true}]}}