{"id":14740,"date":"2024-02-14T15:20:55","date_gmt":"2024-02-14T15:20:55","guid":{"rendered":"https:\/\/novatronicec.com\/?post_type=product&#038;p=14740"},"modified":"2024-06-03T17:38:46","modified_gmt":"2024-06-03T17:38:46","slug":"rueda-loca-pololu-1-2-pulgada-metalica","status":"publish","type":"product","link":"https:\/\/novatronicec.com\/index.php\/product\/rueda-loca-pololu-1-2-pulgada-metalica\/","title":{"rendered":"RUEDA LOCA POLOLU 1\/2 PULGADA METALICA"},"content":{"rendered":"<h2>Descripci\u00f3n<\/h2>\n<p>Este juego de ruedas de bolas incluye una carcasa de ABS negro, una bola de metal de 1\/2 \u2033 de di\u00e1metro, dos espaciadores (1\/16 \u2033 y 1\/8 \u2033 de grosor) y dos\u00a0tornillos\u00a0y\u00a0tuercas\u00a0# 2 de 7\/16 \u2033\u00a0.\u00a0La altura total de la bola rodante, 0,53 \u201c, se puede aumentar a aproximadamente 0,7\u201d utilizando los espaciadores incluidos.\u00a0Los dos tornillos n. \u00b0 2 incluidos se pueden usar para montar la rueda de bola en su chasis, o puede usar sus propios tornillos n. \u00b0 2 o M2 si su aplicaci\u00f3n requiere una longitud diferente.<\/p>\n<p>Tenga en cuenta que nuestras ruedas giratorias est\u00e1n dise\u00f1adas para peque\u00f1os robots;\u00a0no est\u00e1n destinados a soportar m\u00e1s de unas pocas libras.\u00a0Con m\u00e1s peso que este, la fricci\u00f3n entre la bola y la carcasa generalmente evitar\u00e1 que ruede bien.<\/p>\n","protected":false},"excerpt":{"rendered":"<h2>Caracter\u00edsticas<\/h2>\n<p>Esta rueda utiliza una bola de metal de 1\/2 \u2033 de di\u00e1metro. La altura del kit ensamblado var\u00eda de 0.5 \u2033 a 0.8 \u2033, dependiendo de la combinaci\u00f3n de espaciadores incluidos utilizados.<\/p>\n","protected":false},"featured_media":14741,"template":"","meta":[],"product_brand":[],"product_cat":[43,241,69],"product_tag":[178,1044,391],"class_list":{"0":"post-14740","1":"product","2":"type-product","3":"status-publish","4":"has-post-thumbnail","6":"product_cat-motores-y-actuadores","7":"product_cat-repuestos","8":"product_cat-robotica","9":"product_tag-dc-motor-n20","10":"product_tag-pololu","11":"product_tag-rueda-loca","13":"first","14":"outofstock","15":"shipping-taxable","16":"purchasable","17":"product-type-simple"},"_links":{"self":[{"href":"https:\/\/novatronicec.com\/index.php\/wp-json\/wp\/v2\/product\/14740","targetHints":{"allow":["GET"]}}],"collection":[{"href":"https:\/\/novatronicec.com\/index.php\/wp-json\/wp\/v2\/product"}],"about":[{"href":"https:\/\/novatronicec.com\/index.php\/wp-json\/wp\/v2\/types\/product"}],"wp:featuredmedia":[{"embeddable":true,"href":"https:\/\/novatronicec.com\/index.php\/wp-json\/wp\/v2\/media\/14741"}],"wp:attachment":[{"href":"https:\/\/novatronicec.com\/index.php\/wp-json\/wp\/v2\/media?parent=14740"}],"wp:term":[{"taxonomy":"product_brand","embeddable":true,"href":"https:\/\/novatronicec.com\/index.php\/wp-json\/wp\/v2\/product_brand?post=14740"},{"taxonomy":"product_cat","embeddable":true,"href":"https:\/\/novatronicec.com\/index.php\/wp-json\/wp\/v2\/product_cat?post=14740"},{"taxonomy":"product_tag","embeddable":true,"href":"https:\/\/novatronicec.com\/index.php\/wp-json\/wp\/v2\/product_tag?post=14740"}],"curies":[{"name":"wp","href":"https:\/\/api.w.org\/{rel}","templated":true}]}}