{"id":14748,"date":"2024-02-19T21:01:02","date_gmt":"2024-02-19T21:01:02","guid":{"rendered":"https:\/\/novatronicec.com\/?post_type=product&#038;p=14748"},"modified":"2025-04-25T17:57:17","modified_gmt":"2025-04-25T17:57:17","slug":"tira-de-luces-rgb-adhesiva-ip55-con-alimentador-y-mando-a-distancia","status":"publish","type":"product","link":"https:\/\/novatronicec.com\/index.php\/product\/tira-de-luces-rgb-adhesiva-ip55-con-alimentador-y-mando-a-distancia\/","title":{"rendered":"Tira de Luces RGB, adhesiva, IP55, con alimentador y mando a distancia"},"content":{"rendered":"<h2>Descripci\u00f3n<\/h2>\n<p>Nuestra tira de luz inteligente LED RGB ofrece 20 colores disponibles.<\/p>\n<p>Puedes ajustar el color de la luz o los modos de iluminaci\u00f3n mediante el mando a distancia de 24 teclas seg\u00fan tus preferencias. Puede aliviar la fatiga visual.<\/p>\n<p>\u2726 Seguro y fiable: esta tira LED est\u00e1 compuesta por LED SMD 3528 de bajo carbono, que se pueden utilizar f\u00e1cilmente para cualquier dispositivo.<\/p>\n<p>Tiene una buena disipaci\u00f3n del calor y dispositivos de protecci\u00f3n contra cortocircuitos, sin contaminaci\u00f3n, bajo consumo de energ\u00eda. El dise\u00f1o impermeable IPX65 te permite usarlo normalmente incluso en d\u00edas lluviosos, sin necesidad de anular la fiesta al aire libre.<\/p>\n<p>\u2726 \u3010Dise\u00f1o recortable\u3011 Esta tira LED RGB se puede cortar sin afectar a las funciones de otras partes.<\/p>\n<p>\u2726 \u3010F\u00e1cil de instalar\u3011 La tira de luz LED viene con adhesivos que se pueden pegar f\u00e1cilmente en una superficie plana y seca. Al instalarlo, simplemente retira la capa inferior (limpia la superficie antes de la instalaci\u00f3n). Esto permitir\u00e1 que la tira de luz LED sea m\u00e1s estable en la pared, en la TV, en la tienda de campa\u00f1a, en el mueble o en los \u00e1rboles de Navidad.<\/p>\n<p>\u2726 \u3010Uso amplio\u3011Las tiras LED de colores tienen una vida \u00fatil de hasta 50.000 horas y son ideales para ser un regalo para la decoraci\u00f3n dom\u00e9stica o al aire libre, como cocinas, armarios, dormitorios, TV, fiestas, bares, bodas, Navidad, decoraci\u00f3n de Halloween.<\/p>\n","protected":false},"excerpt":{"rendered":"<h2>Caracter\u00edsticas<\/h2>\n<ul>\n<li>Alimentaci\u00f3n: 110AC<\/li>\n<li>20 Colores disponibles<\/li>\n<li>Incluye: Control y adaptador<\/li>\n<li>IPX65<\/li>\n<\/ul>\n","protected":false},"featured_media":14751,"template":"","meta":[],"product_brand":[],"product_cat":[66],"product_tag":[437,1611,173,1612],"class_list":{"0":"post-14748","1":"product","2":"type-product","3":"status-publish","4":"has-post-thumbnail","6":"product_cat-varios","7":"product_tag-led","8":"product_tag-lucesled","9":"product_tag-rgb","10":"product_tag-tiradeluces","12":"first","13":"instock","14":"shipping-taxable","15":"purchasable","16":"product-type-variable"},"_links":{"self":[{"href":"https:\/\/novatronicec.com\/index.php\/wp-json\/wp\/v2\/product\/14748","targetHints":{"allow":["GET"]}}],"collection":[{"href":"https:\/\/novatronicec.com\/index.php\/wp-json\/wp\/v2\/product"}],"about":[{"href":"https:\/\/novatronicec.com\/index.php\/wp-json\/wp\/v2\/types\/product"}],"wp:featuredmedia":[{"embeddable":true,"href":"https:\/\/novatronicec.com\/index.php\/wp-json\/wp\/v2\/media\/14751"}],"wp:attachment":[{"href":"https:\/\/novatronicec.com\/index.php\/wp-json\/wp\/v2\/media?parent=14748"}],"wp:term":[{"taxonomy":"product_brand","embeddable":true,"href":"https:\/\/novatronicec.com\/index.php\/wp-json\/wp\/v2\/product_brand?post=14748"},{"taxonomy":"product_cat","embeddable":true,"href":"https:\/\/novatronicec.com\/index.php\/wp-json\/wp\/v2\/product_cat?post=14748"},{"taxonomy":"product_tag","embeddable":true,"href":"https:\/\/novatronicec.com\/index.php\/wp-json\/wp\/v2\/product_tag?post=14748"}],"curies":[{"name":"wp","href":"https:\/\/api.w.org\/{rel}","templated":true}]}}