{"id":15042,"date":"2024-06-25T16:16:51","date_gmt":"2024-06-25T16:16:51","guid":{"rendered":"https:\/\/novatronicec.com\/?post_type=product&#038;p=15042"},"modified":"2025-09-17T15:44:56","modified_gmt":"2025-09-17T15:44:56","slug":"hotrc-b3-20w-1-6a-cargador-de-equilibrio-de-bateria-portatil-compacto-para-1s-2s-3s-rc-lipo-bateria","status":"publish","type":"product","link":"https:\/\/novatronicec.com\/index.php\/product\/hotrc-b3-20w-1-6a-cargador-de-equilibrio-de-bateria-portatil-compacto-para-1s-2s-3s-rc-lipo-bateria\/","title":{"rendered":"HotRc B3 20W 1.6A Cargador De Equilibrio De Bater\u00eda Port\u00e1til Compacto Para 1S\/2S\/3S RC LiPo Bater\u00eda"},"content":{"rendered":"<h3>Descripci\u00f3n:<\/h3>\n<p>Cargador de equilibrio de bater\u00eda compacto B3 20W.<br \/>\nCargador de bater\u00eda inteligente Lipo 2-3S<br \/>\nEl cargador compacto B3 20W es el mejor<br \/>\nSoluci\u00f3n para bater\u00eda Lipo 2S y 3S, porque es ligera y exquisita, 20W Max<br \/>\npoder, corriente de carga 1.6A, funci\u00f3n de CA, especialmente hay separado<br \/>\npuerto de equilibrio correspondiente para cada paquete de bater\u00edas. Es muy adecuado para RC<br \/>\nCoches y helic\u00f3pteros<br \/>\nEn primer lugar, conecte el B3 con la alimentaci\u00f3n<br \/>\nsuministro, y luego las tres luces LED se volver\u00e1n verdes, lo que indica el<br \/>\nEl cargador funciona en buen orden.<br \/>\nEn segundo lugar, conecte el Lipo 2S o 3S<br \/>\nbater\u00eda al puerto de equilibrio, y luego las luces LED se volver\u00e1n rojas y<br \/>\ncomienza a cargar la bater\u00eda. Tenga en cuenta que si una bater\u00eda de celda est\u00e1 completamente<br \/>\ncargado, la luz LED correspondiente se volver\u00e1 verde.<br \/>\nDespu\u00e9s de todo el LED<br \/>\ntodas las luces se vuelven verdes, el proceso de carga est\u00e1 terminado. Pls termina el<br \/>\nproceso de carga.<\/p>\n<h3>Especificaciones:<\/h3>\n<p>Potencia de carga: 20W<br \/>\nCorriente de carga: 1.6 A.<br \/>\nCorriente de carga de la balanza: 1600mA<br \/>\nVoltaje de entrada de energ\u00eda: AC 110 a 240 V, 50\/60 Hz.<br \/>\nPotencia de salida: 20 vatios<br \/>\nTipo de bater\u00eda: LiPo 2S- 3S (Serie)<br \/>\nTama\u00f1o: aprox. 3.583 x 2.283 x 1.378 in<br \/>\nLongitud del cable: aproximadamente 4.6 ft<br \/>\nPeso:5.43 oz<br \/>\nPeso del paquete: 6.84 oz<\/p>\n","protected":false},"excerpt":{"rendered":"<h3>Especificaciones:<\/h3>\n<p>Potencia de carga: 20W<br \/>\nCorriente de carga: 1.6 A.<br \/>\nCorriente de carga de la balanza: 1600mA<br \/>\nVoltaje de entrada de energ\u00eda: AC 110 a 240 V, 50\/60 Hz.<br \/>\nPotencia de salida: 20 vatios<br \/>\nTipo de bater\u00eda: LiPo 2S- 3S (Serie)<br \/>\nTama\u00f1o: aprox. 3.583 x 2.283 x 1.378 in<br \/>\nLongitud del cable: aproximadamente 4.6 ft<br \/>\nPeso:5.43 oz<br \/>\nPeso del paquete: 6.84 oz<\/p>\n","protected":false},"featured_media":15046,"template":"","meta":[],"product_brand":[],"product_cat":[128,86,69],"product_tag":[1641,1642,744,432],"class_list":{"0":"post-15042","1":"product","2":"type-product","3":"status-publish","4":"has-post-thumbnail","6":"product_cat-baterias","7":"product_cat-electronica","8":"product_cat-robotica","9":"product_tag-b3","10":"product_tag-cargador-b3","11":"product_tag-cargador-de-baterias","12":"product_tag-cargador-lipo","14":"first","15":"outofstock","16":"shipping-taxable","17":"purchasable","18":"product-type-simple"},"_links":{"self":[{"href":"https:\/\/novatronicec.com\/index.php\/wp-json\/wp\/v2\/product\/15042","targetHints":{"allow":["GET"]}}],"collection":[{"href":"https:\/\/novatronicec.com\/index.php\/wp-json\/wp\/v2\/product"}],"about":[{"href":"https:\/\/novatronicec.com\/index.php\/wp-json\/wp\/v2\/types\/product"}],"wp:featuredmedia":[{"embeddable":true,"href":"https:\/\/novatronicec.com\/index.php\/wp-json\/wp\/v2\/media\/15046"}],"wp:attachment":[{"href":"https:\/\/novatronicec.com\/index.php\/wp-json\/wp\/v2\/media?parent=15042"}],"wp:term":[{"taxonomy":"product_brand","embeddable":true,"href":"https:\/\/novatronicec.com\/index.php\/wp-json\/wp\/v2\/product_brand?post=15042"},{"taxonomy":"product_cat","embeddable":true,"href":"https:\/\/novatronicec.com\/index.php\/wp-json\/wp\/v2\/product_cat?post=15042"},{"taxonomy":"product_tag","embeddable":true,"href":"https:\/\/novatronicec.com\/index.php\/wp-json\/wp\/v2\/product_tag?post=15042"}],"curies":[{"name":"wp","href":"https:\/\/api.w.org\/{rel}","templated":true}]}}