{"id":15052,"date":"2024-06-25T16:15:47","date_gmt":"2024-06-25T16:15:47","guid":{"rendered":"https:\/\/novatronicec.com\/?post_type=product&#038;p=15052"},"modified":"2025-08-05T17:51:26","modified_gmt":"2025-08-05T17:51:26","slug":"juego-de-destornilladores-de-precision-115-en-1-mini-kit-de-herramientas-de-reparacion-magnetica-profesional","status":"publish","type":"product","link":"https:\/\/novatronicec.com\/index.php\/product\/juego-de-destornilladores-de-precision-115-en-1-mini-kit-de-herramientas-de-reparacion-magnetica-profesional\/","title":{"rendered":"Juego de destornilladores de precisi\u00f3n 115 en 1- Mini kit de herramientas de reparaci\u00f3n magn\u00e9tica profesional"},"content":{"rendered":"<h3>Descripci\u00f3n<\/h3>\n<ul class=\"a-unordered-list a-vertical a-spacing-mini\">\n<li class=\"a-spacing-mini\"><span class=\"a-list-item\">Juego de destornilladores multimagn\u00e9ticos: el juego de destornilladores de precisi\u00f3n 115 en 1 tiene m\u00e1s herramientas, viene con todas las herramientas necesarias para una amplia variedad de trabajos. Perfecto para reparar computadoras port\u00e1tiles, dispositivos m\u00f3viles y otros art\u00edculos de precisi\u00f3n como relojes de pulsera y gafas. Peso ligero y dise\u00f1o compacto<\/span><\/li>\n<li class=\"a-spacing-mini\"><span class=\"a-list-item\">Estable y bien accesible: Se ofrece una barra de extensi\u00f3n adicional de eje flexible de hasta 2.362 in de longitud ajustable y un eje suave flexible, lo que le permite lograr tornillos que son completamente inaccesibles, ideales para trabajos est\u00e9reo. Tama\u00f1o de la caja: 8.3&#215;3.5&#215;1.2 in es f\u00e1cil de transportar y port\u00e1til, se puede poner en bolsa de viaje, coche o caja de herramientas<\/span><\/li>\n<\/ul>\n<p>&nbsp;<\/p>\n<ul class=\"a-unordered-list a-vertical a-spacing-mini\">\n<li>Contenido:<br \/>\nx mango magn\u00e9tico<br \/>\n1 eje de extensi\u00f3n.<br \/>\n1 poste corto.<br \/>\n1 eje de extensi\u00f3n de aleaci\u00f3n de aluminio.<br \/>\n1 caja de herramientas.<br \/>\n1 x pinzas<br \/>\n1 pin para iPhone.<br \/>\n1 magnetizador\/desmagnetizador.<br \/>\n1 ventosa.<br \/>\n1 br\u00e1ctea.<br \/>\n2 palancas.<br \/>\nMini enchufes de 0.315 x 0.157 in: M2.5 \u00b7 M3 \u00b7 M3.5 \u00b7 M4 (2 piezas) \u00b7 M4.5 \u00b7 M5 \u00b7 M5.5<br \/>\nBroca de precisi\u00f3n 90x<br \/>\nRanura: 1.0 (2 piezas) \u00b7 1.5 (2 piezas) \u00b7 2.0 (2 piezas) \u00b7 2.5 (2 piezas) \u00b7 3.0 (2 piezas) \u00b7 3.5 (2 piezas) \u00b7 4.0 (2 piezas) Phillips: PH000 (2 piezas) \u00b7<br \/>\nPH00 (2 piezas) \u00b7 PH0 (2 piezas) \u00b7 PH1 (2 piezas) \u00b7 PH2 (2 piezas) Pozidriv: PZ00 (2 piezas) \u00b7 PZ0 (2 piezas) \u00b7 PZ1 (2 piezas) \u00b7 PZ2 (2 piezas) Torx: T3 (2 piezas) 2 piezas) \u00b7 T4 (2 piezas) \u00b7 T5 (2 piezas) \u00b7 T6 (2 piezas) \u00b7 T7 (2 piezas) \u00b7 T8 (2 piezas) \u00b7 T9 (2 piezas) \u00b7 T10 (2 piezas) \u00b7 T15 (2 piezas) \u00b7 T15 (2 piezas) \u00b7 T20 (2 piezas)<br \/>\nTornillo: 0,7 \u00b7 0,9 \u00b7 1,0 \u00b7 1,3 (2 piezas) \u00b7 3,5 (2 piezas) \u00b7 1,5 (3 piezas) \u00b7 2,0 (3 piezas) \u00b7 2,5 (3 piezas) \u00b7 3,0 (3 piezas) \u00b7 4,0 (3 piezas)<br \/>\nPentalob: 0.8 (2 piezas) \u00b7 1.2 (2 piezas) \u00b7 1.5 (2 piezas) \u00b7 2.0 (2 piezas)<br \/>\nTri-ala: 2.0 &#8211; 3.0<br \/>\nLlave: 2.6 (2 piezas)<\/li>\n<\/ul>\n","protected":false},"excerpt":{"rendered":"<h3>Descripci\u00f3n:<\/h3>\n<p><span class=\"a-list-item\">Juego de destornilladores magn\u00e9ticos: Los cabezales de destornillador son magn\u00e9ticos, hechos de aceros para herramientas resistentes a los impactos, s\u00f3lidos como el acero al cromo vanadio, y pueden apretar los tornillos durante la reparaci\u00f3n, lo que mejora el rendimiento y ahorra tiempo y esfuerzo.<\/span><\/p>\n","protected":false},"featured_media":15057,"template":"","meta":[],"product_brand":[],"product_cat":[1110],"product_tag":[1090,1063],"class_list":{"0":"post-15052","1":"product","2":"type-product","3":"status-publish","4":"has-post-thumbnail","6":"product_cat-herramientas","7":"product_tag-destornillador","8":"product_tag-herramientas","10":"first","11":"outofstock","12":"shipping-taxable","13":"purchasable","14":"product-type-simple"},"_links":{"self":[{"href":"https:\/\/novatronicec.com\/index.php\/wp-json\/wp\/v2\/product\/15052","targetHints":{"allow":["GET"]}}],"collection":[{"href":"https:\/\/novatronicec.com\/index.php\/wp-json\/wp\/v2\/product"}],"about":[{"href":"https:\/\/novatronicec.com\/index.php\/wp-json\/wp\/v2\/types\/product"}],"wp:featuredmedia":[{"embeddable":true,"href":"https:\/\/novatronicec.com\/index.php\/wp-json\/wp\/v2\/media\/15057"}],"wp:attachment":[{"href":"https:\/\/novatronicec.com\/index.php\/wp-json\/wp\/v2\/media?parent=15052"}],"wp:term":[{"taxonomy":"product_brand","embeddable":true,"href":"https:\/\/novatronicec.com\/index.php\/wp-json\/wp\/v2\/product_brand?post=15052"},{"taxonomy":"product_cat","embeddable":true,"href":"https:\/\/novatronicec.com\/index.php\/wp-json\/wp\/v2\/product_cat?post=15052"},{"taxonomy":"product_tag","embeddable":true,"href":"https:\/\/novatronicec.com\/index.php\/wp-json\/wp\/v2\/product_tag?post=15052"}],"curies":[{"name":"wp","href":"https:\/\/api.w.org\/{rel}","templated":true}]}}