{"id":15086,"date":"2024-06-25T15:57:16","date_gmt":"2024-06-25T15:57:16","guid":{"rendered":"https:\/\/novatronicec.com\/?post_type=product&#038;p=15086"},"modified":"2024-06-25T15:57:16","modified_gmt":"2024-06-25T15:57:16","slug":"sensor-de-color-rgb-tcs34725","status":"publish","type":"product","link":"https:\/\/novatronicec.com\/index.php\/product\/sensor-de-color-rgb-tcs34725\/","title":{"rendered":"Sensor de Color RGB TCS34725"},"content":{"rendered":"<h2>Descripci\u00f3n<\/h2>\n<p>El TCS34725 es un sensor de color digital que puede identificar el color de la luz que incide y descomponer el resultado en colores primarios (RGB) para poder ser procesados de forma digital.<\/p>\n<p>El sensor de este m\u00f3dulo es capaz de reconocer los colores primarios y luz blanca. Dispone de un filtro IR para permitir un reconocimiento de color m\u00e1s preciso, ya que minimiza la interferencia de la luz infrarroja que no es visible para el ojo humano.<\/p>\n<p>Para facilitar la integraci\u00f3n del TCS34725, el m\u00f3dulo integra todos los circuitos de soporte necesarios y adem\u00e1s un LED que emite luz de color blanco neutro controlado mediante un transistor MOSFET que permite iluminar el objeto a medir. La iluminaci\u00f3n LED en el m\u00f3dulo puede ser controlada mediante una se\u00f1al digital.<\/p>\n<p>El m\u00f3dulo dispone de un regulador de voltaje que permite alimentarlo a trav\u00e9s de el pin VIN con una fuente de 5 volts, tambi\u00e9n podemos usarlo directamente con una fuente de 3.3 volts inyectando directamente el voltaje a trav\u00e9s del pin 3V3.<\/p>\n","protected":false},"excerpt":{"rendered":"<h2>Especificaciones<\/h2>\n<ul>\n<li>Voltaje de alimentaci\u00f3n: 3 \u2013 5 VDC<\/li>\n<li>Corriente nominal de operaci\u00f3n: 60 a 100 mA<\/li>\n<li>Bajo consumo de corriente en modo de espera: 2.5 uA<\/li>\n<li>Regulador de voltaje incluido en el m\u00f3dulo<\/li>\n<li>Interfaz I2C con salida de interrupci\u00f3n de utiliza solamente 2 pines<\/li>\n<li>Alto rango din\u00e1mico: 3,800,000:1<\/li>\n<li>Temperatura de color de led: 4150K<\/li>\n<li>Alta sensibilidad, puede operar detr\u00e1s de vidrio oscuro<\/li>\n<li>Interrupciones y modo de bajo consumo programables<\/li>\n<\/ul>\n","protected":false},"featured_media":15087,"template":"","meta":[],"product_brand":[],"product_cat":[86,45],"product_tag":[173,207,1649,1650],"class_list":{"0":"post-15086","1":"product","2":"type-product","3":"status-publish","4":"has-post-thumbnail","6":"product_cat-electronica","7":"product_cat-sensores","8":"product_tag-rgb","9":"product_tag-sensor","10":"product_tag-tcs","11":"product_tag-tcs34725","13":"first","14":"instock","15":"shipping-taxable","16":"purchasable","17":"product-type-simple"},"_links":{"self":[{"href":"https:\/\/novatronicec.com\/index.php\/wp-json\/wp\/v2\/product\/15086","targetHints":{"allow":["GET"]}}],"collection":[{"href":"https:\/\/novatronicec.com\/index.php\/wp-json\/wp\/v2\/product"}],"about":[{"href":"https:\/\/novatronicec.com\/index.php\/wp-json\/wp\/v2\/types\/product"}],"wp:featuredmedia":[{"embeddable":true,"href":"https:\/\/novatronicec.com\/index.php\/wp-json\/wp\/v2\/media\/15087"}],"wp:attachment":[{"href":"https:\/\/novatronicec.com\/index.php\/wp-json\/wp\/v2\/media?parent=15086"}],"wp:term":[{"taxonomy":"product_brand","embeddable":true,"href":"https:\/\/novatronicec.com\/index.php\/wp-json\/wp\/v2\/product_brand?post=15086"},{"taxonomy":"product_cat","embeddable":true,"href":"https:\/\/novatronicec.com\/index.php\/wp-json\/wp\/v2\/product_cat?post=15086"},{"taxonomy":"product_tag","embeddable":true,"href":"https:\/\/novatronicec.com\/index.php\/wp-json\/wp\/v2\/product_tag?post=15086"}],"curies":[{"name":"wp","href":"https:\/\/api.w.org\/{rel}","templated":true}]}}