{"id":15093,"date":"2024-06-25T15:56:30","date_gmt":"2024-06-25T15:56:30","guid":{"rendered":"https:\/\/novatronicec.com\/?post_type=product&#038;p=15093"},"modified":"2024-06-25T17:07:41","modified_gmt":"2024-06-25T17:07:41","slug":"tcrt5000-sensor-infrarrojo-seguidor-de-linea-3-pines","status":"publish","type":"product","link":"https:\/\/novatronicec.com\/index.php\/product\/tcrt5000-sensor-infrarrojo-seguidor-de-linea-3-pines\/","title":{"rendered":"TCRT5000 Sensor infrarrojo Seguidor de l\u00ednea 4 pines"},"content":{"rendered":"<h2>Descripci\u00f3n<\/h2>\n<p>TCRT5000 Sensor de obst\u00e1culos HW-006 V1.3 emite continuamente rayos infrarrojos, Cuando los rayos infrarrojos emitidos no se reflejan o se reflejan pero la intensidad no es lo suficientemente grande, el tubo receptor de infrarrojos est\u00e1 siempre en estado apagado, y el extremo de salida del m\u00f3dulo es de nivel bajo, indicando El diodo est\u00e1 siempre apagado, cuando el objeto detectado aparece en el rango de detecci\u00f3n, la luz infrarroja se refleja y la intensidad es lo suficientemente grande, y el tubo receptor de infrarrojos se satura. En este momento, el nivel de salida del m\u00f3dulo es alto, indicando que el diodo est\u00e1 iluminado.<\/p>\n<h2>Especificaciones:<\/h2>\n<p>&#8211; TCRT5000 Sensor de obst\u00e1culos HW-006 Distancia de reflexi\u00f3n de detecci\u00f3n: 1mm~25mm<br \/>\n&#8211; voltaje de trabajo: 5V<br \/>\n&#8211; la forma de salida: se\u00f1al digital (0 y 1) y anal\u00f3gica<br \/>\n&#8211; con agujeros para pernos fijos para una f\u00e1cil instalaci\u00f3n<br \/>\n&#8211; tama\u00f1o de la placa PCB peque\u00f1a: 3.5cm x 1cm<br \/>\n&#8211; solo peso: 4.5g<br \/>\n&#8211; Sensor TCRT5000 incorporado<br \/>\n&#8211; Aplicable a una variedad de plataformas, incluyendo para Arduino \/ AVR \/ ARM \/PIC<br \/>\nCableado:<br \/>\n&#8211; VCC: Conecte el polo positivo de la fuente de alimentaci\u00f3n (5V)<br \/>\n&#8211; GND: conectado al polo negativo de la fuente de alimentaci\u00f3n<br \/>\n&#8211; N\u00famero de salidas: 2 (una anal\u00f3gica y una digital).<\/p>\n<p>&nbsp;<\/p>\n","protected":false},"excerpt":{"rendered":"<h2>Especificaciones:<\/h2>\n<p>&#8211; TCRT5000 Sensor de obst\u00e1culos HW-006 Distancia de reflexi\u00f3n de detecci\u00f3n: 1mm~25mm<br \/>\n&#8211; voltaje de trabajo: 5V<br \/>\n&#8211; la forma de salida: se\u00f1al digital (0 y 1) y anal\u00f3gica<br \/>\n&#8211; con agujeros para pernos fijos para una f\u00e1cil instalaci\u00f3n<br \/>\n&#8211; tama\u00f1o de la placa PCB peque\u00f1a: 3.5cm x 1cm<br \/>\n&#8211; solo peso: 4.5g<br \/>\n&#8211; Sensor TCRT5000 incorporado<br \/>\n&#8211; Aplicable a una variedad de plataformas, incluyendo para Arduino \/ AVR \/ ARM \/PIC<\/p>\n","protected":false},"featured_media":15134,"template":"","meta":[],"product_brand":[],"product_cat":[69,45],"product_tag":[212,207,1652,1651],"class_list":{"0":"post-15093","1":"product","2":"type-product","3":"status-publish","4":"has-post-thumbnail","6":"product_cat-robotica","7":"product_cat-sensores","8":"product_tag-seguidor-de-linea","9":"product_tag-sensor","10":"product_tag-tcrt","11":"product_tag-tcrt5000","13":"first","14":"instock","15":"shipping-taxable","16":"purchasable","17":"product-type-simple"},"_links":{"self":[{"href":"https:\/\/novatronicec.com\/index.php\/wp-json\/wp\/v2\/product\/15093","targetHints":{"allow":["GET"]}}],"collection":[{"href":"https:\/\/novatronicec.com\/index.php\/wp-json\/wp\/v2\/product"}],"about":[{"href":"https:\/\/novatronicec.com\/index.php\/wp-json\/wp\/v2\/types\/product"}],"wp:featuredmedia":[{"embeddable":true,"href":"https:\/\/novatronicec.com\/index.php\/wp-json\/wp\/v2\/media\/15134"}],"wp:attachment":[{"href":"https:\/\/novatronicec.com\/index.php\/wp-json\/wp\/v2\/media?parent=15093"}],"wp:term":[{"taxonomy":"product_brand","embeddable":true,"href":"https:\/\/novatronicec.com\/index.php\/wp-json\/wp\/v2\/product_brand?post=15093"},{"taxonomy":"product_cat","embeddable":true,"href":"https:\/\/novatronicec.com\/index.php\/wp-json\/wp\/v2\/product_cat?post=15093"},{"taxonomy":"product_tag","embeddable":true,"href":"https:\/\/novatronicec.com\/index.php\/wp-json\/wp\/v2\/product_tag?post=15093"}],"curies":[{"name":"wp","href":"https:\/\/api.w.org\/{rel}","templated":true}]}}