{"id":15099,"date":"2024-06-25T15:55:43","date_gmt":"2024-06-25T15:55:43","guid":{"rendered":"https:\/\/novatronicec.com\/?post_type=product&#038;p=15099"},"modified":"2025-05-20T14:23:16","modified_gmt":"2025-05-20T14:23:16","slug":"sensor-medidor-tds-solidos-disueltos-totales-calidad-agua-ppm","status":"publish","type":"product","link":"https:\/\/novatronicec.com\/index.php\/product\/sensor-medidor-tds-solidos-disueltos-totales-calidad-agua-ppm\/","title":{"rendered":"Sensor Medidor TDS Solidos Disueltos Totales Calidad Agua PPM"},"content":{"rendered":"<h2>Descripci\u00f3n<\/h2>\n<p>Este equipo se puede utilizar para medir la calidad general del agua en el hogar.<br \/>\nEn general, el agua del grifo TDS est\u00e1 dentro del 100 (aproximadamente 90 en Shenzhen) y el agua purificada es dentro de 10.<\/p>\n<p>El sensor TDS compatible con Arduino se utiliza para medir el valor TDS del agua. El valor TDS puede reflejar la limpieza del agua y se puede aplicar a pruebas de calidad del agua en el campo del agua dom\u00e9stica y la hidropon\u00eda.<\/p>\n<p>TDS (s\u00f3lidos disueltos totales): indica cu\u00e1ntos miligramos de s\u00f3lidos disueltos se disuelven en 1 litro de agua. En general, cuanto mayor sea el valor TDS, m\u00e1s lisato est\u00e1 contenido en el agua y m\u00e1s limpio ser\u00e1 el agua. Por lo tanto, el tama\u00f1o del TDS se puede utilizar como una de las bases para reflejar la limpieza del agua.<\/p>\n<p>El equipo de prueba TDS com\u00fanmente utilizado es un l\u00e1piz para medir TDS. Aunque es barato y f\u00e1cil de usar, no puede transmitir datos al sistema de control, hacer monitoreo en l\u00ednea a largo plazo y analizar la calidad del agua. Usando un instrumento especial, aunque los datos se pueden transmitir, la precisi\u00f3n es alta, pero el precio es muy caro. Con este fin, hemos introducido especialmente este sensor TDS compatible con Arduino, que se puede utilizar para medir el valor TDS del agua despu\u00e9s de conectarse al controlador Arduino.<\/p>\n<p>Dise\u00f1ado para arduino, este producto es plug and play y f\u00e1cil de usar. La fuente de alimentaci\u00f3n de amplio voltaje de 3,3 ~ 5,5 V y la salida de se\u00f1al anal\u00f3gica de 0 ~ 2,3 V hacen que este producto sea compatible con el sistema de control de 5V, 3,3 V, que se puede utilizar f\u00e1cilmente en el sistema de control prefabricado. La fuente de excitaci\u00f3n utilizada para la medici\u00f3n utiliza una se\u00f1al de CA, que puede prevenir eficazmente la polarizaci\u00f3n de la sonda, extender la vida de la sonda y aumentar la estabilidad de la se\u00f1al de salida. La sonda TDS es una sonda impermeable que se puede sumergir en agua durante largos per\u00edodos de tiempo.<\/p>\n<h2>Caracter\u00edsticas<\/h2>\n<p>1. Funcionamiento de amplio voltaje: 3,3 ~ 5,5 V<br \/>\n2. Salida de se\u00f1al anal\u00f3gica de 0 ~ 2,3 V, compatible con dos sistemas de control de 5V, 3,3 V<br \/>\n3. La fuente de excitaci\u00f3n es una se\u00f1al de CA, evitando eficazmente la polarizaci\u00f3n de la sonda.<br \/>\n4. Sonda impermeable para inmersi\u00f3n a largo plazo en agua<br \/>\n5. compatible con Arduino, f\u00e1cil de conectar, conectar y usar, sin soldadura necesaria.<\/p>\n<p>Placa adaptadora de se\u00f1al:<br \/>\nVoltaje de entrada: 3,3 ~ 5,5 V<br \/>\nSe\u00f1al de salida: 0 ~ 2,3 V<br \/>\nCorriente de funcionamiento: 3 ~ 6mA<br \/>\nRango de medici\u00f3n TDS: 0 ~ 1000ppm<br \/>\nPrecisi\u00f3n de la medici\u00f3n TDS: \u00b1 10% F.S. (25 \u00b0C)<br \/>\nTama\u00f1o: 42x32mm<br \/>\nInterfaz del m\u00f3dulo: XH2.54-3P<br \/>\nInterfaz del Electrodo: XH2.54-2P<\/p>\n<p>TDS sonda:<br \/>\nLongitud total: 83cm<br \/>\nInterfaz de conexi\u00f3n: XH2.54-2P<br \/>\nColor: blanco<br \/>\nOtros: sonda impermeable<\/p>\n<p>Crisol de grafito mini horno de oro de la antorcha de fusi\u00f3n del metal:<br \/>\n1 x placa adaptadora de se\u00f1al TDS<br \/>\n1 * sonda TDS impermeable<br \/>\n1 * l\u00ednea de sensor anal\u00f3gico<\/p>\n","protected":false},"excerpt":{"rendered":"<h2>Caracter\u00edsticas<\/h2>\n<p>Placa adaptadora de se\u00f1al:<br \/>\nVoltaje de entrada: 3,3 ~ 5,5 V<br \/>\nSe\u00f1al de salida: 0 ~ 2,3 V<br \/>\nCorriente de funcionamiento: 3 ~ 6mA<br \/>\nRango de medici\u00f3n TDS: 0 ~ 1000ppm<br \/>\nPrecisi\u00f3n de la medici\u00f3n TDS: \u00b1 10% F.S. (25 \u00b0C)<br \/>\nTama\u00f1o: 42x32mm<br \/>\nInterfaz del m\u00f3dulo: XH2.54-3P<br \/>\nInterfaz del Electrodo: XH2.54-2P<\/p>\n<p>TDS sonda:<br \/>\nLongitud total: 83cm<br \/>\nInterfaz de conexi\u00f3n: XH2.54-2P<br \/>\nColor: blanco<br \/>\nOtros: sonda impermeable<\/p>\n<p>&nbsp;<\/p>\n","protected":false},"featured_media":15104,"template":"","meta":[],"product_brand":[],"product_cat":[86,45],"product_tag":[1653,207,691,1654],"class_list":{"0":"post-15099","1":"product","2":"type-product","3":"status-publish","4":"has-post-thumbnail","6":"product_cat-electronica","7":"product_cat-sensores","8":"product_tag-calidad-de-agua","9":"product_tag-sensor","10":"product_tag-sensor-de-agua","11":"product_tag-tds","13":"first","14":"outofstock","15":"shipping-taxable","16":"purchasable","17":"product-type-simple"},"_links":{"self":[{"href":"https:\/\/novatronicec.com\/index.php\/wp-json\/wp\/v2\/product\/15099","targetHints":{"allow":["GET"]}}],"collection":[{"href":"https:\/\/novatronicec.com\/index.php\/wp-json\/wp\/v2\/product"}],"about":[{"href":"https:\/\/novatronicec.com\/index.php\/wp-json\/wp\/v2\/types\/product"}],"wp:featuredmedia":[{"embeddable":true,"href":"https:\/\/novatronicec.com\/index.php\/wp-json\/wp\/v2\/media\/15104"}],"wp:attachment":[{"href":"https:\/\/novatronicec.com\/index.php\/wp-json\/wp\/v2\/media?parent=15099"}],"wp:term":[{"taxonomy":"product_brand","embeddable":true,"href":"https:\/\/novatronicec.com\/index.php\/wp-json\/wp\/v2\/product_brand?post=15099"},{"taxonomy":"product_cat","embeddable":true,"href":"https:\/\/novatronicec.com\/index.php\/wp-json\/wp\/v2\/product_cat?post=15099"},{"taxonomy":"product_tag","embeddable":true,"href":"https:\/\/novatronicec.com\/index.php\/wp-json\/wp\/v2\/product_tag?post=15099"}],"curies":[{"name":"wp","href":"https:\/\/api.w.org\/{rel}","templated":true}]}}