{"id":15116,"date":"2024-06-25T15:52:51","date_gmt":"2024-06-25T15:52:51","guid":{"rendered":"https:\/\/novatronicec.com\/?post_type=product&#038;p=15116"},"modified":"2024-08-14T15:01:56","modified_gmt":"2024-08-14T15:01:56","slug":"shield-esp32-type-c-micro-usb-wifi-bluetooth","status":"publish","type":"product","link":"https:\/\/novatronicec.com\/index.php\/product\/shield-esp32-type-c-micro-usb-wifi-bluetooth\/","title":{"rendered":"Shield ESP32 Tipo-C\/Micro USB 38PIN"},"content":{"rendered":"<h2><span id=\"tl_1\"><\/span>Descripci\u00f3n:<\/h2>\n<p>1. Compatibilidad vers\u00e1til:Compatible con las placas de desarrollo Lua y otras, con un dise\u00f1o de interfaz est\u00e1ndar de 38 pines que permite a los usuarios aplicar f\u00e1cilmente chips ESP32S a una variedad de proyectos diferentes.<br \/>\n2. Fuente de alimentaci\u00f3n conveniente:Ofrece tres opciones de fuente de alimentaci\u00f3n, incluida la toma de CC, la toma de micro USB y la toma de, lo que facilita a los usuarios alimentar sus dispositivos.<br \/>\n3. Cableado f\u00e1cil:La placa cuenta con una base de extensi\u00f3n para placas de desarrollo ESP32, con todos los puertos IO emitidos y cada puerto equipado con sus propios cabezales de pin positivo y negativo, haciendo que el cableado sea r\u00e1pido y simple al agregar varios m\u00f3dulos de sensor.<br \/>\n4. Alto rendimiento:Esta Placa de extensi\u00f3n p\u00farpura ESP32S es de alto rendimiento, multifuncional y f\u00e1cil de usar, lo que permite a los usuarios implementar funciones y aplicaciones complejas en una variedad de escenarios de IoT.<br \/>\n5. Dise\u00f1o duradero:Hecho con materiales de alta calidad, esta tabla est\u00e1 dise\u00f1ada para durar y presenta un dise\u00f1o robusto y confiable que garantiza un uso y estabilidad a largo plazo.<\/p>\n<h2>Especificaciones:<\/h2>\n<p>Tipo de interfaz: Interfaz est\u00e1ndar de 38 pines<br \/>\nInterfaz USB: 1<br \/>\nInterfaz DC: 1<br \/>\nCompatibilidad: la placa de distribuci\u00f3n solo es adecuada para la versi\u00f3n estrecha ESP32 de 38 pines sin orificios de instalaci\u00f3n.<br \/>\nConsejos: no es adecuado para la versi\u00f3n DevKit V1. Confirme que el ancho del PIN de su placa ESP32 es consistente con el ancho del PIN. Tablero divisor<br \/>\nNota importante: ESP32 Breakout Board GPIO 1 en 2 solo puede ser compatible con 38 pines ESP32<br \/>\nTama\u00f1o de la apariencia: alrededor de 78x53mm\/3,07&#215;2,08 pulgadas<br \/>\nPeso: 30g<\/p>\n","protected":false},"excerpt":{"rendered":"<h2>Especificaciones<\/h2>\n<p>Tipo de interfaz: Interfaz est\u00e1ndar de 38 pines<br \/>\nInterfaz USB: 1<br \/>\nInterfaz DC: 1<br \/>\nCompatibilidad: la placa de distribuci\u00f3n solo es adecuada para la versi\u00f3n estrecha ESP32 de 38 pines sin orificios de instalaci\u00f3n.<br \/>\nConsejos: no es adecuado para la versi\u00f3n DevKit V1. Confirme que el ancho del PIN de su placa ESP32 es consistente con el ancho del PIN. Tablero divisor<br \/>\nNota importante: ESP32 Breakout Board GPIO 1 en 2 solo puede ser compatible con 38 pines ESP32<br \/>\nTama\u00f1o de la apariencia: alrededor de 78x53mm\/3,07&#215;2,08 pulgadas<br \/>\nPeso: 30g<\/p>\n","protected":false},"featured_media":15525,"template":"","meta":[],"product_brand":[],"product_cat":[86,95],"product_tag":[863,1657,199],"class_list":{"0":"post-15116","1":"product","2":"type-product","3":"status-publish","4":"has-post-thumbnail","6":"product_cat-electronica","7":"product_cat-modulos-y-shields","8":"product_tag-esp32","9":"product_tag-placa-de-expansion","10":"product_tag-shield","12":"first","13":"instock","14":"shipping-taxable","15":"purchasable","16":"product-type-simple"},"_links":{"self":[{"href":"https:\/\/novatronicec.com\/index.php\/wp-json\/wp\/v2\/product\/15116","targetHints":{"allow":["GET"]}}],"collection":[{"href":"https:\/\/novatronicec.com\/index.php\/wp-json\/wp\/v2\/product"}],"about":[{"href":"https:\/\/novatronicec.com\/index.php\/wp-json\/wp\/v2\/types\/product"}],"wp:featuredmedia":[{"embeddable":true,"href":"https:\/\/novatronicec.com\/index.php\/wp-json\/wp\/v2\/media\/15525"}],"wp:attachment":[{"href":"https:\/\/novatronicec.com\/index.php\/wp-json\/wp\/v2\/media?parent=15116"}],"wp:term":[{"taxonomy":"product_brand","embeddable":true,"href":"https:\/\/novatronicec.com\/index.php\/wp-json\/wp\/v2\/product_brand?post=15116"},{"taxonomy":"product_cat","embeddable":true,"href":"https:\/\/novatronicec.com\/index.php\/wp-json\/wp\/v2\/product_cat?post=15116"},{"taxonomy":"product_tag","embeddable":true,"href":"https:\/\/novatronicec.com\/index.php\/wp-json\/wp\/v2\/product_tag?post=15116"}],"curies":[{"name":"wp","href":"https:\/\/api.w.org\/{rel}","templated":true}]}}