{"id":15192,"date":"2024-06-26T19:14:48","date_gmt":"2024-06-26T19:14:48","guid":{"rendered":"https:\/\/novatronicec.com\/?post_type=product&#038;p=15192"},"modified":"2024-06-26T19:14:48","modified_gmt":"2024-06-26T19:14:48","slug":"boquilla-e3dv6-4mm","status":"publish","type":"product","link":"https:\/\/novatronicec.com\/index.php\/product\/boquilla-e3dv6-4mm\/","title":{"rendered":"Boquilla E3DV6 4mm"},"content":{"rendered":"<h3><span class=\"nav-link-text wd-tabs-title\">DESCRIPCI\u00d3N<\/span><\/h3>\n<p>La Boquilla E3DV6 0.4mm para filamento de 1.75mm. Esta boquilla es utilizada por la mayor\u00eda de Impresoras 3D que cuentan con un sistema de extrusi\u00f3n Bowden. Es muy \u00fatil tener una o varias boquillas de repuesto ya que es muy frecuente que se tapen las boquillas.<\/p>\n<p>Es muy buena opci\u00f3n cambiar por completo la boquilla, as\u00ed optimizaras los tipos al dar mantenimiento de limpieza, de igual manera si no se realiza una correcta limpieza las boquillas se seguir\u00e1n tapando, por lo que te recomendamos cambiar por completo la boquilla para que no tengas detenida tu impresora y evites los problemas de atascos.<\/p>\n<p>La Boquilla E3DV6 0.4mm es muy resistente y soportara la temperatura que necesitan los filamentos PLA y ABS para poder imprimirse. Debes de tener mucho cuidado a la hora de remplazar las boquillas ya que podr\u00e1s da\u00f1ar otros elementos como el Hotend, utiliza las herramientas adecuadas y ap\u00f3yate con v\u00eddeos de youtube.<\/p>\n","protected":false},"excerpt":{"rendered":"<h3 class=\"section-title section-title-normal\"><span class=\"section-title-main\">CARACTER\u00cdSTICAS<\/span><\/h3>\n<ul>\n<li>Tipo: Boquilla E3DV6<\/li>\n<li>Precisi\u00f3n de la boquilla: 0.4mm<\/li>\n<li>Di\u00e1metro de entrada: 1.75mm<\/li>\n<li>Rosca de tornillo: M6<\/li>\n<li>Material: Lat\u00f3n est\u00e1ndar<\/li>\n<\/ul>\n","protected":false},"featured_media":15194,"template":"","meta":[],"product_brand":[],"product_cat":[241],"product_tag":[232,772,860],"class_list":{"0":"post-15192","1":"product","2":"type-product","3":"status-publish","4":"has-post-thumbnail","6":"product_cat-repuestos","7":"product_tag-impresora-3d","8":"product_tag-repuesto-impresora-3d","9":"product_tag-resorte","11":"first","12":"instock","13":"shipping-taxable","14":"purchasable","15":"product-type-simple"},"_links":{"self":[{"href":"https:\/\/novatronicec.com\/index.php\/wp-json\/wp\/v2\/product\/15192","targetHints":{"allow":["GET"]}}],"collection":[{"href":"https:\/\/novatronicec.com\/index.php\/wp-json\/wp\/v2\/product"}],"about":[{"href":"https:\/\/novatronicec.com\/index.php\/wp-json\/wp\/v2\/types\/product"}],"wp:featuredmedia":[{"embeddable":true,"href":"https:\/\/novatronicec.com\/index.php\/wp-json\/wp\/v2\/media\/15194"}],"wp:attachment":[{"href":"https:\/\/novatronicec.com\/index.php\/wp-json\/wp\/v2\/media?parent=15192"}],"wp:term":[{"taxonomy":"product_brand","embeddable":true,"href":"https:\/\/novatronicec.com\/index.php\/wp-json\/wp\/v2\/product_brand?post=15192"},{"taxonomy":"product_cat","embeddable":true,"href":"https:\/\/novatronicec.com\/index.php\/wp-json\/wp\/v2\/product_cat?post=15192"},{"taxonomy":"product_tag","embeddable":true,"href":"https:\/\/novatronicec.com\/index.php\/wp-json\/wp\/v2\/product_tag?post=15192"}],"curies":[{"name":"wp","href":"https:\/\/api.w.org\/{rel}","templated":true}]}}