{"id":15249,"date":"2024-07-25T15:59:41","date_gmt":"2024-07-25T15:59:41","guid":{"rendered":"https:\/\/novatronicec.com\/?post_type=product&#038;p=15249"},"modified":"2024-07-25T15:59:41","modified_gmt":"2024-07-25T15:59:41","slug":"foco-e10-1-5v","status":"publish","type":"product","link":"https:\/\/novatronicec.com\/index.php\/product\/foco-e10-1-5v\/","title":{"rendered":"Foco E10 1.5V"},"content":{"rendered":"<h2>Descripci\u00f3n:<\/h2>\n<ul class=\"a-unordered-list a-vertical a-spacing-mini\">\n<li class=\"a-spacing-mini\"><span class=\"a-list-item\">Hecho de vidrio, metal y materiales aislantes, que se puede utilizar como fuente de luz de linterna, luz indicadora de caja de distribuci\u00f3n.<\/span><\/li>\n<li class=\"a-spacing-mini\"><span class=\"a-list-item\">La peque\u00f1a bombilla de tornillo se puede utilizar como fuente de luz de la linterna y la luz indicadora de la caja de distribuci\u00f3n.<\/span><\/li>\n<li class=\"a-spacing-mini\"><span class=\"a-list-item\">Compatible con una variedad de herramientas el\u00e9ctricas y aplicado en experimentos, caracter\u00edsticas duraderas y seguras lo convierten en un aparato el\u00e9ctrico esencial para ciencias de la escuela primaria, laboratorio de f\u00edsica de la escuela secundaria y laboratorio dom\u00e9stico de estudiantes. Tambi\u00e9n son populares en l\u00e1mparas de inspecci\u00f3n de equipos bombilla de instrumento, luces de peligro de instrumentos de avi\u00f3n, bombilla de antorcha, l\u00e1mpara de microscopio, entretenimiento de linterna, etc.<\/span><\/li>\n<li class=\"a-spacing-mini\"><span class=\"a-list-item\">Voltaje: 1.5V. Corriente: 0.3A.<\/span><\/li>\n<\/ul>\n","protected":false},"excerpt":{"rendered":"<h2>Especificaciones:<\/h2>\n<table id=\"productDetails_techSpec_section_1\" class=\"a-keyvalue prodDetTable\" style=\"height: 275px;\" role=\"presentation\" width=\"443\">\n<tbody>\n<tr>\n<th class=\"a-color-secondary a-size-base prodDetSectionEntry\">Tipo ligero<\/th>\n<td class=\"a-size-base prodDetAttrValue\">\u200eIncandescente<\/td>\n<\/tr>\n<tr>\n<th class=\"a-color-secondary a-size-base prodDetSectionEntry\">Base del foco<\/th>\n<td class=\"a-size-base prodDetAttrValue\">\u200eE10<\/td>\n<\/tr>\n<tr>\n<th class=\"a-color-secondary a-size-base prodDetSectionEntry\">Usos espec\u00edficos del producto<\/th>\n<td class=\"a-size-base prodDetAttrValue\">\u200eL\u00e1mparas<\/td>\n<\/tr>\n<tr>\n<th class=\"a-color-secondary a-size-base prodDetSectionEntry\">Voltaje<\/th>\n<td class=\"a-size-base prodDetAttrValue\">\u00a0\u200e1,5 Voltios<\/td>\n<\/tr>\n<tr>\n<th class=\"a-color-secondary a-size-base prodDetSectionEntry\">Forma<\/th>\n<td class=\"a-size-base prodDetAttrValue\">\u00a0\u200eTubular (T)<\/td>\n<\/tr>\n<tr>\n<th class=\"a-color-secondary a-size-base prodDetSectionEntry\">Material<\/th>\n<td class=\"a-size-base prodDetAttrValue\">\u200etungsteno, metal, vidrio<\/td>\n<\/tr>\n<tr>\n<th class=\"a-color-secondary a-size-base prodDetSectionEntry\">Tecnolog\u00eda de conectividad<\/th>\n<td class=\"a-size-base prodDetAttrValue\">\u00a0\u200eBombilla normal<\/td>\n<\/tr>\n<\/tbody>\n<\/table>\n<p>&nbsp;<\/p>\n<p>&nbsp;<\/p>\n","protected":false},"featured_media":15250,"template":"","meta":[],"product_brand":[],"product_cat":[86,66],"product_tag":[1663,1662,437],"class_list":{"0":"post-15249","1":"product","2":"type-product","3":"status-publish","4":"has-post-thumbnail","6":"product_cat-electronica","7":"product_cat-varios","8":"product_tag-bombilla","9":"product_tag-foco","10":"product_tag-led","12":"first","13":"instock","14":"shipping-taxable","15":"purchasable","16":"product-type-simple"},"_links":{"self":[{"href":"https:\/\/novatronicec.com\/index.php\/wp-json\/wp\/v2\/product\/15249","targetHints":{"allow":["GET"]}}],"collection":[{"href":"https:\/\/novatronicec.com\/index.php\/wp-json\/wp\/v2\/product"}],"about":[{"href":"https:\/\/novatronicec.com\/index.php\/wp-json\/wp\/v2\/types\/product"}],"wp:featuredmedia":[{"embeddable":true,"href":"https:\/\/novatronicec.com\/index.php\/wp-json\/wp\/v2\/media\/15250"}],"wp:attachment":[{"href":"https:\/\/novatronicec.com\/index.php\/wp-json\/wp\/v2\/media?parent=15249"}],"wp:term":[{"taxonomy":"product_brand","embeddable":true,"href":"https:\/\/novatronicec.com\/index.php\/wp-json\/wp\/v2\/product_brand?post=15249"},{"taxonomy":"product_cat","embeddable":true,"href":"https:\/\/novatronicec.com\/index.php\/wp-json\/wp\/v2\/product_cat?post=15249"},{"taxonomy":"product_tag","embeddable":true,"href":"https:\/\/novatronicec.com\/index.php\/wp-json\/wp\/v2\/product_tag?post=15249"}],"curies":[{"name":"wp","href":"https:\/\/api.w.org\/{rel}","templated":true}]}}