{"id":15307,"date":"2024-07-27T16:36:50","date_gmt":"2024-07-27T16:36:50","guid":{"rendered":"https:\/\/novatronicec.com\/?post_type=product&#038;p=15307"},"modified":"2025-03-11T20:14:55","modified_gmt":"2025-03-11T20:14:55","slug":"pilas-kokak-aa-y-aaa","status":"publish","type":"product","link":"https:\/\/novatronicec.com\/index.php\/product\/pilas-kokak-aa-y-aaa\/","title":{"rendered":"PILAS KOKAK AA Y AAA"},"content":{"rendered":"<h2>Descripci\u00f3n:<\/h2>\n<p>Ideales para juguetes, controles remotos, drones, cepillos de dientes el\u00e9ctricos, relojes, linternas, controladores de juegos y m\u00e1s, estas\u00a0<b>bater\u00edas alcalinas s\u00faper MAX AA<\/b>\u00a0\u00a0(paquete de 2) de\u00a0<b>Kodak<\/b> brindan energ\u00eda de mayor duraci\u00f3n. Cada bater\u00eda de 2800 mAh y 1,5 V brinda hasta 15 veces m\u00e1s energ\u00eda en comparaci\u00f3n.<\/p>\n<div class=\"title_OMS5rN7R1Z\">\n<h2 class=\"text_TAw0W35QK_ comfy_TAw0W35QK_ sizeTitle4_TAw0W35QK_ weightBold_TAw0W35QK_ primary_i3MsQsqoe0\" data-selenium=\"sellingPointsTitle\">Caracter\u00edsticas<\/h2>\n<ul>\n<li class=\"text_TAw0W35QK_ comfy_TAw0W35QK_ sizeTitle4_TAw0W35QK_ weightBold_TAw0W35QK_ primary_i3MsQsqoe0\" data-selenium=\"sellingPointsTitle\">Pilas AA de 1,5 V<\/li>\n<li class=\"text_TAw0W35QK_ comfy_TAw0W35QK_ sizeTitle4_TAw0W35QK_ weightBold_TAw0W35QK_ primary_i3MsQsqoe0\" data-selenium=\"sellingPointsTitle\">15 veces m\u00e1s potencia que la Kodak Zinc<\/li>\n<li class=\"text_TAw0W35QK_ comfy_TAw0W35QK_ sizeTitle4_TAw0W35QK_ weightBold_TAw0W35QK_ primary_i3MsQsqoe0\" data-selenium=\"sellingPointsTitle\">Sin plomo, mercurio ni cadmio<\/li>\n<\/ul>\n<\/div>\n","protected":false},"excerpt":{"rendered":"<div class=\"title_OMS5rN7R1Z\">\n<h2 class=\"text_TAw0W35QK_ comfy_TAw0W35QK_ sizeTitle4_TAw0W35QK_ weightBold_TAw0W35QK_ primary_i3MsQsqoe0\" data-selenium=\"sellingPointsTitle\">Caracter\u00edsticas<\/h2>\n<ul>\n<li class=\"text_TAw0W35QK_ comfy_TAw0W35QK_ sizeTitle4_TAw0W35QK_ weightBold_TAw0W35QK_ primary_i3MsQsqoe0\" data-selenium=\"sellingPointsTitle\">Pilas AA de 1,5 V<\/li>\n<li class=\"text_TAw0W35QK_ comfy_TAw0W35QK_ sizeTitle4_TAw0W35QK_ weightBold_TAw0W35QK_ primary_i3MsQsqoe0\" data-selenium=\"sellingPointsTitle\">15 veces m\u00e1s potencia que la Kodak Zinc<\/li>\n<li class=\"text_TAw0W35QK_ comfy_TAw0W35QK_ sizeTitle4_TAw0W35QK_ weightBold_TAw0W35QK_ primary_i3MsQsqoe0\" data-selenium=\"sellingPointsTitle\">Sin plomo, mercurio ni cadmio<\/li>\n<\/ul>\n<\/div>\n","protected":false},"featured_media":15311,"template":"","meta":[],"product_brand":[],"product_cat":[1668],"product_tag":[1669,1679,1107],"class_list":{"0":"post-15307","1":"product","2":"type-product","3":"status-publish","4":"has-post-thumbnail","6":"product_cat-pilas","7":"product_tag-1-5v","8":"product_tag-kodak","9":"product_tag-pila","11":"first","12":"instock","13":"shipping-taxable","14":"purchasable","15":"product-type-variable"},"_links":{"self":[{"href":"https:\/\/novatronicec.com\/index.php\/wp-json\/wp\/v2\/product\/15307","targetHints":{"allow":["GET"]}}],"collection":[{"href":"https:\/\/novatronicec.com\/index.php\/wp-json\/wp\/v2\/product"}],"about":[{"href":"https:\/\/novatronicec.com\/index.php\/wp-json\/wp\/v2\/types\/product"}],"wp:featuredmedia":[{"embeddable":true,"href":"https:\/\/novatronicec.com\/index.php\/wp-json\/wp\/v2\/media\/15311"}],"wp:attachment":[{"href":"https:\/\/novatronicec.com\/index.php\/wp-json\/wp\/v2\/media?parent=15307"}],"wp:term":[{"taxonomy":"product_brand","embeddable":true,"href":"https:\/\/novatronicec.com\/index.php\/wp-json\/wp\/v2\/product_brand?post=15307"},{"taxonomy":"product_cat","embeddable":true,"href":"https:\/\/novatronicec.com\/index.php\/wp-json\/wp\/v2\/product_cat?post=15307"},{"taxonomy":"product_tag","embeddable":true,"href":"https:\/\/novatronicec.com\/index.php\/wp-json\/wp\/v2\/product_tag?post=15307"}],"curies":[{"name":"wp","href":"https:\/\/api.w.org\/{rel}","templated":true}]}}