{"id":15326,"date":"2024-07-29T15:09:15","date_gmt":"2024-07-29T15:09:15","guid":{"rendered":"https:\/\/novatronicec.com\/?post_type=product&#038;p=15326"},"modified":"2025-07-01T21:40:30","modified_gmt":"2025-07-01T21:40:30","slug":"kit-de-condensador-de-ceramica-de-alto-voltaje-300-unidades-de-15-valores-01-nf-22-nf","status":"publish","type":"product","link":"https:\/\/novatronicec.com\/index.php\/product\/kit-de-condensador-de-ceramica-de-alto-voltaje-300-unidades-de-15-valores-01-nf-22-nf\/","title":{"rendered":"Kit de condensador de cer\u00e1mica de alto voltaje, 300 unidades de 15 valores  0,1 nF ~ 22 nF"},"content":{"rendered":"<h2>Caracter\u00edsticas:<\/h2>\n<p>Estos condensadores de cer\u00e1mica son compactos y ofrecen capacitores de alta capacitancia. Hay un total de 300 piezas de condensadores en 15 valores en este conjunto que satisfar\u00e1n sus necesidades b\u00e1sicas. Todos los condensadores est\u00e1n bien embalados y surtidos en una caja transparente para un almacenamiento c\u00f3modo. Hay una etiqueta en la caja para que pueda identificar f\u00e1cilmente el tipo de condensadores que necesita. Este es un gran surtido de condensadores para profesionales electr\u00f3nicos o entusiastas.<\/p>\n<h2>Especificaciones:<\/h2>\n<p>Longitud del condensador: alrededor de 0.394 in.<br \/>\nRango de capacitancia: 0,1 nF ~ 22 nF.<br \/>\nError de capacitancia: \u00b1 10%<br \/>\nVoltaje de funcionamiento: 50 V.<br \/>\nTipo:<br \/>\n1kV 102.<br \/>\n1 nF 1 kV 222<br \/>\n2.2 nF 1 kV 103<br \/>\n10 nF 1 kV 223<br \/>\n22 nF 2 kV 471<br \/>\n0,47 nF 2 kV 561<br \/>\n0,56 nF 2 kV 681.<br \/>\n0,68 nF 2 kV 102<br \/>\n1nF 2kV 152.<br \/>\n1.5nF 2kV 332.<br \/>\n3.3nF 3kV 101.<br \/>\n0,1nF 3kV 221.<br \/>\n0,22 nF 3 kV 222<br \/>\n2.2nF 3kV 472<br \/>\n4,7 nF 3 kV 103<br \/>\n10 nF<\/p>\n<p>Cantidad: 20 unidades cada tipo (total 300 piezas).<br \/>\nPeso: 5.33 oz (aprox.).<\/p>\n","protected":false},"excerpt":{"rendered":"<h2>Especificaciones:<\/h2>\n<p>Longitud del condensador: alrededor de 0.394 in.<br \/>\nRango de capacitancia: 0,1 nF ~ 22 nF.<br \/>\nError de capacitancia: \u00b1 10%<br \/>\nVoltaje de funcionamiento: 50 V.<\/p>\n","protected":false},"featured_media":15327,"template":"","meta":[],"product_brand":[],"product_cat":[86],"product_tag":[351,420,421,1682],"class_list":{"0":"post-15326","1":"product","2":"type-product","3":"status-publish","4":"has-post-thumbnail","6":"product_cat-electronica","7":"product_tag-capacitor","8":"product_tag-capacitores","9":"product_tag-condensadores","10":"product_tag-faradios","12":"first","13":"outofstock","14":"shipping-taxable","15":"purchasable","16":"product-type-simple"},"_links":{"self":[{"href":"https:\/\/novatronicec.com\/index.php\/wp-json\/wp\/v2\/product\/15326","targetHints":{"allow":["GET"]}}],"collection":[{"href":"https:\/\/novatronicec.com\/index.php\/wp-json\/wp\/v2\/product"}],"about":[{"href":"https:\/\/novatronicec.com\/index.php\/wp-json\/wp\/v2\/types\/product"}],"wp:featuredmedia":[{"embeddable":true,"href":"https:\/\/novatronicec.com\/index.php\/wp-json\/wp\/v2\/media\/15327"}],"wp:attachment":[{"href":"https:\/\/novatronicec.com\/index.php\/wp-json\/wp\/v2\/media?parent=15326"}],"wp:term":[{"taxonomy":"product_brand","embeddable":true,"href":"https:\/\/novatronicec.com\/index.php\/wp-json\/wp\/v2\/product_brand?post=15326"},{"taxonomy":"product_cat","embeddable":true,"href":"https:\/\/novatronicec.com\/index.php\/wp-json\/wp\/v2\/product_cat?post=15326"},{"taxonomy":"product_tag","embeddable":true,"href":"https:\/\/novatronicec.com\/index.php\/wp-json\/wp\/v2\/product_tag?post=15326"}],"curies":[{"name":"wp","href":"https:\/\/api.w.org\/{rel}","templated":true}]}}