{"id":15330,"date":"2024-07-29T15:24:43","date_gmt":"2024-07-29T15:24:43","guid":{"rendered":"https:\/\/novatronicec.com\/?post_type=product&#038;p=15330"},"modified":"2024-07-29T15:24:43","modified_gmt":"2024-07-29T15:24:43","slug":"600-piezas-kit-de-diodo-zener-de-1w-3v-47v","status":"publish","type":"product","link":"https:\/\/novatronicec.com\/index.php\/product\/600-piezas-kit-de-diodo-zener-de-1w-3v-47v\/","title":{"rendered":"600 Piezas Kit de diodo Zener de 1W 3V-47V"},"content":{"rendered":"<h2>Descripci\u00f3n:<\/h2>\n<ul class=\"a-unordered-list a-vertical a-spacing-mini\">\n<li class=\"a-spacing-mini\"><span class=\"a-list-item\">Alta fiabilidad: Los diodos son uno de los componentes electr\u00f3nicos m\u00e1s fiables, con una vida \u00fatil de decenas de miles de horas o m\u00e1s, y pueden funcionar de forma estable.<\/span><\/li>\n<li class=\"a-spacing-mini\"><span class=\"a-list-item\">Tama\u00f1o reducido: los diodos son compactos y pueden integrarse en otros componentes del circuito, lo que proporciona soluciones de aplicaci\u00f3n m\u00e1s inteligentes y eficientes.<\/span><\/li>\n<li class=\"a-spacing-mini\"><span class=\"a-list-item\">Sencillos y f\u00e1ciles de usar: los diodos son sencillos y f\u00e1ciles de usar, y no requieren muchos circuitos de control, lo que reduce los costes de producci\u00f3n y facilita su uso.<\/span><\/li>\n<li class=\"a-spacing-mini\"><span class=\"a-list-item\">Amplia gama de temperaturas de funcionamiento: los diodos pueden funcionar en una amplia gama de temperaturas, lo que proporciona una buena adaptabilidad y compatibilidad.<\/span><\/li>\n<li class=\"a-spacing-mini\"><span class=\"a-list-item\">Amplia gama de tipos entre los que elegir: los diodos est\u00e1n disponibles en una amplia gama de tipos, lo que permite seleccionar diferentes tipos de diodos seg\u00fan sea necesario para satisfacer mejor las necesidades de las distintas aplicaciones.<\/span><\/li>\n<li class=\"a-spacing-mini\"><span class=\"a-list-item\">Alta capacidad de corriente de entrada<\/span><\/li>\n<li class=\"a-spacing-mini\"><span class=\"a-list-item\">Baja fuga y ca\u00edda de tensi\u00f3n directa; bajo consumo de energ\u00eda, alta eficiencia<\/span><\/li>\n<\/ul>\n<p>&nbsp;<\/p>\n<p>&nbsp;<\/p>\n","protected":false},"excerpt":{"rendered":"<h2>Especificaciones:<\/h2>\n<p>30 valores x 20 piezas = 600 Uds., 3v, 3,3 V, 3,6 V, 3,9 V, 4,3 V, 4,7 V, 5,1 V, 5,6 V, 6,2 V, 6,8 V, 7,5 V, 8,2 V Kit de diodo Zener, 47V, 1W, 1N\/IN4742A<\/p>\n<p><img decoding=\"async\" class=\"alignnone wp-image-15333\" src=\"https:\/\/novatronicec.com\/wp-content\/uploads\/2024\/07\/H7a14786fd61b40c08dfbf47c71dc68d0U-363x300.webp\" alt=\"\" width=\"553\" height=\"457\" srcset=\"https:\/\/novatronicec.com\/wp-content\/uploads\/2024\/07\/H7a14786fd61b40c08dfbf47c71dc68d0U-363x300.webp 363w, https:\/\/novatronicec.com\/wp-content\/uploads\/2024\/07\/H7a14786fd61b40c08dfbf47c71dc68d0U-430x356.webp 430w, https:\/\/novatronicec.com\/wp-content\/uploads\/2024\/07\/H7a14786fd61b40c08dfbf47c71dc68d0U-700x579.webp 700w, https:\/\/novatronicec.com\/wp-content\/uploads\/2024\/07\/H7a14786fd61b40c08dfbf47c71dc68d0U-150x124.webp 150w, https:\/\/novatronicec.com\/wp-content\/uploads\/2024\/07\/H7a14786fd61b40c08dfbf47c71dc68d0U.webp 765w\" sizes=\"(max-width: 553px) 100vw, 553px\" \/><\/p>\n","protected":false},"featured_media":15332,"template":"","meta":[],"product_brand":[],"product_cat":[86],"product_tag":[439,1683,639,1290],"class_list":{"0":"post-15330","1":"product","2":"type-product","3":"status-publish","4":"has-post-thumbnail","6":"product_cat-electronica","7":"product_tag-diodo","8":"product_tag-diodos","9":"product_tag-kit","10":"product_tag-zener","12":"first","13":"instock","14":"shipping-taxable","15":"purchasable","16":"product-type-simple"},"_links":{"self":[{"href":"https:\/\/novatronicec.com\/index.php\/wp-json\/wp\/v2\/product\/15330","targetHints":{"allow":["GET"]}}],"collection":[{"href":"https:\/\/novatronicec.com\/index.php\/wp-json\/wp\/v2\/product"}],"about":[{"href":"https:\/\/novatronicec.com\/index.php\/wp-json\/wp\/v2\/types\/product"}],"wp:featuredmedia":[{"embeddable":true,"href":"https:\/\/novatronicec.com\/index.php\/wp-json\/wp\/v2\/media\/15332"}],"wp:attachment":[{"href":"https:\/\/novatronicec.com\/index.php\/wp-json\/wp\/v2\/media?parent=15330"}],"wp:term":[{"taxonomy":"product_brand","embeddable":true,"href":"https:\/\/novatronicec.com\/index.php\/wp-json\/wp\/v2\/product_brand?post=15330"},{"taxonomy":"product_cat","embeddable":true,"href":"https:\/\/novatronicec.com\/index.php\/wp-json\/wp\/v2\/product_cat?post=15330"},{"taxonomy":"product_tag","embeddable":true,"href":"https:\/\/novatronicec.com\/index.php\/wp-json\/wp\/v2\/product_tag?post=15330"}],"curies":[{"name":"wp","href":"https:\/\/api.w.org\/{rel}","templated":true}]}}