{"id":15414,"date":"2024-10-08T17:58:21","date_gmt":"2024-10-08T17:58:21","guid":{"rendered":"https:\/\/novatronicec.com\/?post_type=product&#038;p=15414"},"modified":"2025-12-22T15:27:49","modified_gmt":"2025-12-22T15:27:49","slug":"chupasueldas-alta-presion-proskit","status":"publish","type":"product","link":"https:\/\/novatronicec.com\/index.php\/product\/chupasueldas-alta-presion-proskit\/","title":{"rendered":"CHUPASUELDAS ALTA PRESI\u00d3N PROSKIT"},"content":{"rendered":"<h2>Descripci\u00f3n:<\/h2>\n<ul>\n<li>\n<div>Herramienta de desoldadura ideal para la reparaci\u00f3n de placas de circuitos<\/div>\n<\/li>\n<li>\n<div>Pist\u00f3n con sellos de aceite dobles: sin garant\u00eda de fugas de aire<\/div>\n<\/li>\n<li>\n<div>Mango con espuma suave proporciona un funcionamiento c\u00f3modo, antideslizante.<\/div>\n<\/li>\n<li>\n<div>Carcasa de\u00a0pl\u00e1stico compacto\u00a0y ligero,anticorrosiva<\/div>\n<\/li>\n<li>\n<div>Pist\u00f3n cargado con resorte con un bot\u00f3n de liberaci\u00f3n<\/div>\n<\/li>\n<li>\n<div>Muelle resistente al antioxidante y punta f\u00e1cilmente reemplazable<\/div>\n<\/li>\n<li>\n<div>Liberaci\u00f3n r\u00e1pida y f\u00e1cil de residuos de soldadura<\/div>\n<\/li>\n<\/ul>\n","protected":false},"excerpt":{"rendered":"<h2>Descripci\u00f3n:<\/h2>\n<ul>\n<li>\n<div>Herramienta de desoldadura ideal para la reparaci\u00f3n de placas de circuitos<\/div>\n<\/li>\n<li>\n<div>Pist\u00f3n con sellos de aceite dobles: sin garant\u00eda de fugas de aire<\/div>\n<\/li>\n<li>\n<div>Mango con espuma suave proporciona un funcionamiento c\u00f3modo, antideslizante.<\/div>\n<\/li>\n<li>\n<div>Carcasa de\u00a0pl\u00e1stico compacto\u00a0y ligero,anticorrosiva<\/div>\n<\/li>\n<li>\n<div>Pist\u00f3n cargado con resorte con un bot\u00f3n de liberaci\u00f3n<\/div>\n<\/li>\n<li>\n<div>Muelle resistente al antioxidante y punta f\u00e1cilmente reemplazable<\/div>\n<\/li>\n<li>\n<div>Liberaci\u00f3n r\u00e1pida y f\u00e1cil de residuos de soldadura<\/div>\n<\/li>\n<\/ul>\n","protected":false},"featured_media":15415,"template":"","meta":[],"product_brand":[],"product_cat":[86,1110],"product_tag":[577,1707,1058,724,1708],"class_list":{"0":"post-15414","1":"product","2":"type-product","3":"status-publish","4":"has-post-thumbnail","6":"product_cat-electronica","7":"product_cat-herramientas","8":"product_tag-cautin","9":"product_tag-chupasuelda","10":"product_tag-desoldar","11":"product_tag-estano","12":"product_tag-suelda","14":"first","15":"outofstock","16":"shipping-taxable","17":"purchasable","18":"product-type-simple"},"_links":{"self":[{"href":"https:\/\/novatronicec.com\/index.php\/wp-json\/wp\/v2\/product\/15414","targetHints":{"allow":["GET"]}}],"collection":[{"href":"https:\/\/novatronicec.com\/index.php\/wp-json\/wp\/v2\/product"}],"about":[{"href":"https:\/\/novatronicec.com\/index.php\/wp-json\/wp\/v2\/types\/product"}],"wp:featuredmedia":[{"embeddable":true,"href":"https:\/\/novatronicec.com\/index.php\/wp-json\/wp\/v2\/media\/15415"}],"wp:attachment":[{"href":"https:\/\/novatronicec.com\/index.php\/wp-json\/wp\/v2\/media?parent=15414"}],"wp:term":[{"taxonomy":"product_brand","embeddable":true,"href":"https:\/\/novatronicec.com\/index.php\/wp-json\/wp\/v2\/product_brand?post=15414"},{"taxonomy":"product_cat","embeddable":true,"href":"https:\/\/novatronicec.com\/index.php\/wp-json\/wp\/v2\/product_cat?post=15414"},{"taxonomy":"product_tag","embeddable":true,"href":"https:\/\/novatronicec.com\/index.php\/wp-json\/wp\/v2\/product_tag?post=15414"}],"curies":[{"name":"wp","href":"https:\/\/api.w.org\/{rel}","templated":true}]}}