{"id":15510,"date":"2024-08-13T20:20:29","date_gmt":"2024-08-13T20:20:29","guid":{"rendered":"https:\/\/novatronicec.com\/?post_type=product&#038;p=15510"},"modified":"2025-03-17T20:05:52","modified_gmt":"2025-03-17T20:05:52","slug":"jack-rca-metalico-rojo-y-negro-para-chasis","status":"publish","type":"product","link":"https:\/\/novatronicec.com\/index.php\/product\/jack-rca-metalico-rojo-y-negro-para-chasis\/","title":{"rendered":"Jack RCA  Met\u00e1lico Rojo Y Negro para chasis"},"content":{"rendered":"<h2>Descripci\u00f3n:<\/h2>\n<p class=\"page-title\">Jack\u00a0RCA Met\u00e1lico color rojo\u00a0dorado. Pr\u00e1ctico para aplicaciones en audio y sonido dando un \u00f3ptimo desempe\u00f1o.<\/p>\n<h3 class=\"page-title\">Caracter\u00edsticas:<\/h3>\n<ul>\n<li>Tipo:\u00a0RCA<\/li>\n<li>Medidas: 25mm Largo<\/li>\n<li>Material: Met\u00e1lico-pl\u00e1stico<\/li>\n<li>Color: Rojo-Dorado<\/li>\n<li>Negro-Dorado<\/li>\n<\/ul>\n","protected":false},"excerpt":{"rendered":"<h3 class=\"page-title\">Caracter\u00edsticas:<\/h3>\n<ul>\n<li>Tipo:\u00a0RCA<\/li>\n<li>Medidas: 25mm Largo<\/li>\n<li>Material: Met\u00e1lico-pl\u00e1stico<\/li>\n<li>Color: Rojo-Dorado | Negro-Dorado<\/li>\n<\/ul>\n","protected":false},"featured_media":15514,"template":"","meta":[],"product_brand":[],"product_cat":[1110,66],"product_tag":[1178,1702,850,1738],"class_list":{"0":"post-15510","1":"product","2":"type-product","3":"status-publish","4":"has-post-thumbnail","6":"product_cat-herramientas","7":"product_cat-varios","8":"product_tag-audio","9":"product_tag-audio-y-video","10":"product_tag-jack","11":"product_tag-jack-audio","13":"first","14":"instock","15":"shipping-taxable","16":"purchasable","17":"product-type-variable"},"_links":{"self":[{"href":"https:\/\/novatronicec.com\/index.php\/wp-json\/wp\/v2\/product\/15510","targetHints":{"allow":["GET"]}}],"collection":[{"href":"https:\/\/novatronicec.com\/index.php\/wp-json\/wp\/v2\/product"}],"about":[{"href":"https:\/\/novatronicec.com\/index.php\/wp-json\/wp\/v2\/types\/product"}],"wp:featuredmedia":[{"embeddable":true,"href":"https:\/\/novatronicec.com\/index.php\/wp-json\/wp\/v2\/media\/15514"}],"wp:attachment":[{"href":"https:\/\/novatronicec.com\/index.php\/wp-json\/wp\/v2\/media?parent=15510"}],"wp:term":[{"taxonomy":"product_brand","embeddable":true,"href":"https:\/\/novatronicec.com\/index.php\/wp-json\/wp\/v2\/product_brand?post=15510"},{"taxonomy":"product_cat","embeddable":true,"href":"https:\/\/novatronicec.com\/index.php\/wp-json\/wp\/v2\/product_cat?post=15510"},{"taxonomy":"product_tag","embeddable":true,"href":"https:\/\/novatronicec.com\/index.php\/wp-json\/wp\/v2\/product_tag?post=15510"}],"curies":[{"name":"wp","href":"https:\/\/api.w.org\/{rel}","templated":true}]}}