{"id":15609,"date":"2024-08-21T19:45:53","date_gmt":"2024-08-21T19:45:53","guid":{"rendered":"https:\/\/novatronicec.com\/?post_type=product&#038;p=15609"},"modified":"2024-08-21T19:45:53","modified_gmt":"2024-08-21T19:45:53","slug":"pulsador-roscable-redondo-pequeno-nc-pbs-111-negro","status":"publish","type":"product","link":"https:\/\/novatronicec.com\/index.php\/product\/pulsador-roscable-redondo-pequeno-nc-pbs-111-negro\/","title":{"rendered":"Pulsador roscable redondo peque\u00f1o NC PBS-111 Negro"},"content":{"rendered":"<h2>Descripci\u00f3n:<\/h2>\n<ul class=\"seo-sellpoints--sellerPoint--RcmFO_y\" data-spm-anchor-id=\"a2g0o.detail.0.i10.6106URkDURkDi1\">\n<li>\n<p data-spm-anchor-id=\"a2g0o.detail.0.i11.6106URkDURkDi1\">Fabricado profesionalmente: Este es un interruptor de interruptor de bot\u00f3n de interruptor, est\u00e1 fabricado por expertos en control de calidad y se adapta perfectamente a su sistema.<\/p>\n<\/li>\n<li>\n<p data-spm-anchor-id=\"a2g0o.detail.0.i11.6106URkDURkDi1\">Este interruptor de bot\u00f3n es una parte de interruptores mec\u00e1nicos de precisi\u00f3n y alambres el\u00e9ctricos, conmutaci\u00f3n r\u00e1pida y suave. Construcci\u00f3n de metal, cubierta exterior y pl\u00e1sticos de alta calidad, duradero para usar.<\/p>\n<\/li>\n<li>F\u00e1cil de instalar y usar: Es muy f\u00e1cil de instalar en la mayor\u00eda de los veh\u00edculos, puede reemplazar el interruptor viejo o roto.<\/li>\n<li>Suficientemente peque\u00f1o: El bot\u00f3n de inicio es lo suficientemente pegada para satisfacer la curiosidad del ni\u00f1o y los ni\u00f1os en su vida diaria. Los botones de interruptor son lo suficientemente pegados en el cable, que es un componente necesario para el interruptor mec\u00e1nico autom\u00e1tico.<\/li>\n<li>Hecho de material pl\u00e1stico, es duradero, resistente y tiene una construcci\u00f3n duradera, la superficie lisa est\u00e1 galvanizada para una protecci\u00f3n s\u00f3lida contra el \u00f3xido y la corrosi\u00f3n.<\/li>\n<\/ul>\n<div class=\"title--wrap--NWOaiSp description--title--NMh4UiD\">\n<div class=\"title--text--Otu0bLr\">\n<h2 class=\"title--title--O6xcB1q\">Caracter\u00edsticas:<\/h2>\n<\/div>\n<\/div>\n<div>\n<div class=\"extend--content--VuIQZia\">\n<div>\n<div id=\"product-description\" class=\"description--product-description--Mjtql28\" data-spm=\"1000023\" data-pl=\"product-description\">\n<div class=\"description--origin-part--rWy05pE\">\n<div class=\"detailmodule_html\">\n<div class=\"detail-desc-decorate-richtext\">\n<ul>\n<li id=\"tl_1\" data-spm-anchor-id=\"a2g0o.detail.1000023.i0.6106URkDURkDi1\">Nombre del producto: bot\u00f3n pulsador<\/li>\n<li data-spm-anchor-id=\"a2g0o.detail.1000023.i0.6106URkDURkDi1\">Tipo de acci\u00f3n: Contacto moment\u00e1neo<\/li>\n<li data-spm-anchor-id=\"a2g0o.detail.1000023.i0.6106URkDURkDi1\">Tipo: NC<\/li>\n<li data-spm-anchor-id=\"a2g0o.detail.1000023.i0.6106URkDURkDi1\">Voltaje: 250VAC\/1A,125VAC\/3A<\/li>\n<li data-spm-anchor-id=\"a2g0o.detail.1000023.i0.6106URkDURkDi1\">Terminales: 2 pines<\/li>\n<li data-spm-anchor-id=\"a2g0o.detail.1000023.i0.6106URkDURkDi1\">Color: Negro<\/li>\n<li data-spm-anchor-id=\"a2g0o.detail.1000023.i0.6106URkDURkDi1\">Di\u00e1metro del bot\u00f3n: 6mm<\/li>\n<li data-spm-anchor-id=\"a2g0o.detail.1000023.i0.6106URkDURkDi1\">Di\u00e1metro del agujero: 7mm<\/li>\n<\/ul>\n<\/div>\n<\/div>\n<\/div>\n<\/div>\n<\/div>\n<\/div>\n<\/div>\n","protected":false},"excerpt":{"rendered":"<div class=\"title--wrap--NWOaiSp description--title--NMh4UiD\">\n<div class=\"title--text--Otu0bLr\">\n<h2 class=\"title--title--O6xcB1q\">Caracter\u00edsticas:<\/h2>\n<\/div>\n<\/div>\n<div>\n<div class=\"extend--content--VuIQZia\">\n<div>\n<div id=\"product-description\" class=\"description--product-description--Mjtql28\" data-spm=\"1000023\" data-pl=\"product-description\">\n<div class=\"description--origin-part--rWy05pE\">\n<div class=\"detailmodule_html\">\n<div class=\"detail-desc-decorate-richtext\">\n<ul>\n<li id=\"tl_1\" data-spm-anchor-id=\"a2g0o.detail.1000023.i0.6106URkDURkDi1\">Nombre del producto: bot\u00f3n pulsador<\/li>\n<li data-spm-anchor-id=\"a2g0o.detail.1000023.i0.6106URkDURkDi1\">Tipo de acci\u00f3n: Contacto moment\u00e1neo<\/li>\n<li data-spm-anchor-id=\"a2g0o.detail.1000023.i0.6106URkDURkDi1\">Tipo: NC<\/li>\n<li data-spm-anchor-id=\"a2g0o.detail.1000023.i0.6106URkDURkDi1\">Voltaje: 250VAC\/1A,125VAC\/3A<\/li>\n<li data-spm-anchor-id=\"a2g0o.detail.1000023.i0.6106URkDURkDi1\">Terminales: 2 pines<\/li>\n<li data-spm-anchor-id=\"a2g0o.detail.1000023.i0.6106URkDURkDi1\">Color: Negro<\/li>\n<li data-spm-anchor-id=\"a2g0o.detail.1000023.i0.6106URkDURkDi1\">Di\u00e1metro del bot\u00f3n: 6mm<\/li>\n<li data-spm-anchor-id=\"a2g0o.detail.1000023.i0.6106URkDURkDi1\">Di\u00e1metro del agujero: 7mm<\/li>\n<\/ul>\n<\/div>\n<\/div>\n<\/div>\n<\/div>\n<\/div>\n<\/div>\n<\/div>\n","protected":false},"featured_media":15610,"template":"","meta":[],"product_brand":[],"product_cat":[86,66],"product_tag":[1769,512,1768],"class_list":{"0":"post-15609","1":"product","2":"type-product","3":"status-publish","4":"has-post-thumbnail","6":"product_cat-electronica","7":"product_cat-varios","8":"product_tag-pbs-111","9":"product_tag-pulsador","10":"product_tag-pulsador-nc","12":"first","13":"instock","14":"shipping-taxable","15":"purchasable","16":"product-type-simple"},"_links":{"self":[{"href":"https:\/\/novatronicec.com\/index.php\/wp-json\/wp\/v2\/product\/15609","targetHints":{"allow":["GET"]}}],"collection":[{"href":"https:\/\/novatronicec.com\/index.php\/wp-json\/wp\/v2\/product"}],"about":[{"href":"https:\/\/novatronicec.com\/index.php\/wp-json\/wp\/v2\/types\/product"}],"wp:featuredmedia":[{"embeddable":true,"href":"https:\/\/novatronicec.com\/index.php\/wp-json\/wp\/v2\/media\/15610"}],"wp:attachment":[{"href":"https:\/\/novatronicec.com\/index.php\/wp-json\/wp\/v2\/media?parent=15609"}],"wp:term":[{"taxonomy":"product_brand","embeddable":true,"href":"https:\/\/novatronicec.com\/index.php\/wp-json\/wp\/v2\/product_brand?post=15609"},{"taxonomy":"product_cat","embeddable":true,"href":"https:\/\/novatronicec.com\/index.php\/wp-json\/wp\/v2\/product_cat?post=15609"},{"taxonomy":"product_tag","embeddable":true,"href":"https:\/\/novatronicec.com\/index.php\/wp-json\/wp\/v2\/product_tag?post=15609"}],"curies":[{"name":"wp","href":"https:\/\/api.w.org\/{rel}","templated":true}]}}