{"id":15627,"date":"2024-08-22T17:02:02","date_gmt":"2024-08-22T17:02:02","guid":{"rendered":"https:\/\/novatronicec.com\/?post_type=product&#038;p=15627"},"modified":"2024-08-22T17:02:02","modified_gmt":"2024-08-22T17:02:02","slug":"kit-de-tanque-lego-486pcz","status":"publish","type":"product","link":"https:\/\/novatronicec.com\/index.php\/product\/kit-de-tanque-lego-486pcz\/","title":{"rendered":"KIT DE TANQUE LEGO 486PCZ"},"content":{"rendered":"<h2>Descripci\u00f3n:<\/h2>\n<h4>Tanque de control remoto Military Blocks FC9004<\/h4>\n<p>Robot inteligente de Control remoto para ni\u00f1os, juguete de ensamblaje, aplicaci\u00f3n de programaci\u00f3n, Control remoto, bloque de construcci\u00f3n, modelo de tanque<\/p>\n<h2>Caracter\u00edsticas:<\/h2>\n<ul>\n<li><strong>Edad recomendada:<\/strong>\u00a0 M\u00ednimo de 4-6 a\u00f1os<\/li>\n<li><strong>Certificaci\u00f3n:<\/strong>\u00a0\u00a0CE<\/li>\n<li><strong>Advertencia:<\/strong>\u00a0\u00a0mantener alejado del fuego y tener cuidado con los ni\u00f1os que coman por error.<\/li>\n<li><strong>Tipo de pl\u00e1stico:<\/strong>\u00a0\u00a0ABS<\/li>\n<li><strong>Contiene:\u00a0<\/strong>\u00a0486\u00a0\u00a0piezas<\/li>\n<li><strong>Incluye: <\/strong>\u00a0Control Remoto<\/li>\n<\/ul>\n","protected":false},"excerpt":{"rendered":"<h2>Caracter\u00edsticas:<\/h2>\n<ul>\n<li><strong>Edad recomendada:<\/strong>\u00a0 M\u00ednimo 4-6 a\u00f1os<\/li>\n<li><strong>Certificaci\u00f3n:<\/strong>\u00a0\u00a0CE<\/li>\n<li><strong>Advertencia:<\/strong>\u00a0\u00a0mantener alejado del fuego y tener cuidado con los ni\u00f1os que coman por error.<\/li>\n<li><strong>Tipo de pl\u00e1stico:<\/strong>\u00a0\u00a0ABS<\/li>\n<li><strong>Contiene:\u00a0<\/strong>\u00a0486\u00a0\u00a0piezas<\/li>\n<li><strong>Incluye: <\/strong>\u00a0Control Remoto<\/li>\n<\/ul>\n","protected":false},"featured_media":15631,"template":"","meta":[],"product_brand":[],"product_cat":[1746,69],"product_tag":[639,298,1775,136,1774],"class_list":{"0":"post-15627","1":"product","2":"type-product","3":"status-publish","4":"has-post-thumbnail","6":"product_cat-kit-diy","7":"product_cat-robotica","8":"product_tag-kit","9":"product_tag-kit-robot","10":"product_tag-lego","11":"product_tag-robot","12":"product_tag-robot-lego","14":"first","15":"instock","16":"shipping-taxable","17":"purchasable","18":"product-type-simple"},"_links":{"self":[{"href":"https:\/\/novatronicec.com\/index.php\/wp-json\/wp\/v2\/product\/15627","targetHints":{"allow":["GET"]}}],"collection":[{"href":"https:\/\/novatronicec.com\/index.php\/wp-json\/wp\/v2\/product"}],"about":[{"href":"https:\/\/novatronicec.com\/index.php\/wp-json\/wp\/v2\/types\/product"}],"wp:featuredmedia":[{"embeddable":true,"href":"https:\/\/novatronicec.com\/index.php\/wp-json\/wp\/v2\/media\/15631"}],"wp:attachment":[{"href":"https:\/\/novatronicec.com\/index.php\/wp-json\/wp\/v2\/media?parent=15627"}],"wp:term":[{"taxonomy":"product_brand","embeddable":true,"href":"https:\/\/novatronicec.com\/index.php\/wp-json\/wp\/v2\/product_brand?post=15627"},{"taxonomy":"product_cat","embeddable":true,"href":"https:\/\/novatronicec.com\/index.php\/wp-json\/wp\/v2\/product_cat?post=15627"},{"taxonomy":"product_tag","embeddable":true,"href":"https:\/\/novatronicec.com\/index.php\/wp-json\/wp\/v2\/product_tag?post=15627"}],"curies":[{"name":"wp","href":"https:\/\/api.w.org\/{rel}","templated":true}]}}