{"id":15638,"date":"2024-08-26T21:17:29","date_gmt":"2024-08-26T21:17:29","guid":{"rendered":"https:\/\/novatronicec.com\/?post_type=product&#038;p=15638"},"modified":"2024-08-26T21:17:29","modified_gmt":"2024-08-26T21:17:29","slug":"micromotor-dc12v-n20-301-1000rpm","status":"publish","type":"product","link":"https:\/\/novatronicec.com\/index.php\/product\/micromotor-dc12v-n20-301-1000rpm\/","title":{"rendered":"Micromotor DC12V N20 30:1 1000RPM"},"content":{"rendered":"<h2>Descripci\u00f3n:<\/h2>\n<p>Estos diminutos motorreductores DC est\u00e1n destinados para uso a 6 V, aunque en general, este tipo de motores pueden funcionar a tensiones por encima y por debajo de este voltaje nominal, por lo que deben operar c\u00f3modamente entre 3-12 V. Tensiones m\u00e1s bajas pueden no ser pr\u00e1cticas, y voltajes m\u00e1s altos podr\u00edan comenzar a afectar negativamente la vida \u00fatil del motor. Los motorreductores est\u00e1n disponibles en una amplia gama de relaciones de engranajes \u2013 de 5:1 hasta 1000:1. Con la excepci\u00f3n de los de 1000: 1, todos los motorreductores tienen las mismas dimensiones f\u00edsicas, por lo que una versi\u00f3n puede ser f\u00e1cilmente cambiada por otra si sus requisitos de dise\u00f1o cambian.<\/p>\n<h2>Caracter\u00edsticas:<\/h2>\n<ul>\n<li><strong>Voltaje de funcionamiento:<\/strong>\u00a06V-12V<\/li>\n<li><strong>Velocidad (sin carga):<\/strong> 1000 RPM<\/li>\n<li><strong>Relaci\u00f3n de engranajes (reductora):<\/strong> 30: 1<\/li>\n<li><strong>Corriente de trabajo:<\/strong>\u00a00.1A<\/li>\n<li><strong>Corriente de bloqueo:<\/strong>\u00a00.8A<\/li>\n<li><strong>Par de parada (torque):<\/strong>\u00a00.29 kg-cm<\/li>\n<li><strong>Dimensiones:<\/strong>\u00a010 x 12 x 26 mm<\/li>\n<li><strong>Peso:<\/strong>\u00a09.5gr<\/li>\n<li><strong>Eje:<\/strong>\u00a0tipo D de 3 mm<\/li>\n<\/ul>\n","protected":false},"excerpt":{"rendered":"<h2>Caracter\u00edsticas:<\/h2>\n<ul>\n<li><strong>Voltaje de funcionamiento:<\/strong>\u00a06V-12V<\/li>\n<li><strong>Velocidad (sin carga):<\/strong> 1000 RPM<\/li>\n<li><strong>Relaci\u00f3n de engranajes (reductora):<\/strong> 30: 1<\/li>\n<li><strong>Corriente de trabajo:<\/strong>\u00a00.1A<\/li>\n<li><strong>Corriente de bloqueo:<\/strong>\u00a00.8A<\/li>\n<li><strong>Par de parada (torque):<\/strong>\u00a00.29 kg-cm<\/li>\n<li><strong>Dimensiones:<\/strong>\u00a010 x 12 x 26 mm<\/li>\n<li><strong>Peso:<\/strong>\u00a09.5gr<\/li>\n<li><strong>Eje:<\/strong>\u00a0tipo D de 3 mm<\/li>\n<\/ul>\n","protected":false},"featured_media":15639,"template":"","meta":[],"product_brand":[],"product_cat":[86,43,69],"product_tag":[177,141,1777,1144],"class_list":{"0":"post-15638","1":"product","2":"type-product","3":"status-publish","4":"has-post-thumbnail","6":"product_cat-electronica","7":"product_cat-motores-y-actuadores","8":"product_cat-robotica","9":"product_tag-micromotor","10":"product_tag-motor-dc","11":"product_tag-motor-n20","12":"product_tag-n20","14":"first","15":"instock","16":"shipping-taxable","17":"purchasable","18":"product-type-simple"},"_links":{"self":[{"href":"https:\/\/novatronicec.com\/index.php\/wp-json\/wp\/v2\/product\/15638","targetHints":{"allow":["GET"]}}],"collection":[{"href":"https:\/\/novatronicec.com\/index.php\/wp-json\/wp\/v2\/product"}],"about":[{"href":"https:\/\/novatronicec.com\/index.php\/wp-json\/wp\/v2\/types\/product"}],"wp:featuredmedia":[{"embeddable":true,"href":"https:\/\/novatronicec.com\/index.php\/wp-json\/wp\/v2\/media\/15639"}],"wp:attachment":[{"href":"https:\/\/novatronicec.com\/index.php\/wp-json\/wp\/v2\/media?parent=15638"}],"wp:term":[{"taxonomy":"product_brand","embeddable":true,"href":"https:\/\/novatronicec.com\/index.php\/wp-json\/wp\/v2\/product_brand?post=15638"},{"taxonomy":"product_cat","embeddable":true,"href":"https:\/\/novatronicec.com\/index.php\/wp-json\/wp\/v2\/product_cat?post=15638"},{"taxonomy":"product_tag","embeddable":true,"href":"https:\/\/novatronicec.com\/index.php\/wp-json\/wp\/v2\/product_tag?post=15638"}],"curies":[{"name":"wp","href":"https:\/\/api.w.org\/{rel}","templated":true}]}}