{"id":15645,"date":"2024-08-27T19:11:21","date_gmt":"2024-08-27T19:11:21","guid":{"rendered":"https:\/\/novatronicec.com\/?post_type=product&#038;p=15645"},"modified":"2024-08-27T19:11:21","modified_gmt":"2024-08-27T19:11:21","slug":"servo-ds3225-25kg-90degree-270degree","status":"publish","type":"product","link":"https:\/\/novatronicec.com\/index.php\/product\/servo-ds3225-25kg-90degree-270degree\/","title":{"rendered":"Servo DS3225 25KG 90Degree\/270degree"},"content":{"rendered":"<h2>Descripcion:<\/h2>\n<p>Servomotor DS3225MG digital de 180\u00b0 a torque m\u00e1ximo de 25Kg*cm, su pi\u00f1oner\u00eda es met\u00e1lica, tiene doble balinera, la carcasa es met\u00e1lica y el sistemas de control es por se\u00f1ales de PWM<\/p>\n<h3>Caracter\u00edsticas<\/h3>\n<ul>\n<li>Peso: 60g<\/li>\n<li>Dimensiones: 40.7\u00d719.7\u00d742.9 mm<\/li>\n<li>Voltaje de operaci\u00f3n: 5~ 6.8v<\/li>\n<li>Pi\u00f1oneria: Cobre y aluminio<\/li>\n<li>Stall torque a 5V: 21 kg\/cm (291,5 oz\/in)<\/li>\n<li>Stall torque a 6.8V: 25 kg\/cm (340,1 oz\/in)<\/li>\n<li>Velocidad a 4.8V: 60\u00b0 en 0.19sec<\/li>\n<li>Velocidad a 6V: 60\u00b0 en 0.15sec<\/li>\n<li>Frecuencia : 50-333Hz<\/li>\n<li>Tama\u00f1o: 40x20x40,5mm<\/li>\n<\/ul>\n<h3>Aplicaciones:<\/h3>\n<ul>\n<li>Robotica<\/li>\n<li>Sistemas de control<\/li>\n<\/ul>\n","protected":false},"excerpt":{"rendered":"<h3>Caracter\u00edsticas<\/h3>\n<ul>\n<li>Peso: 60g<\/li>\n<li>Dimensiones: 40.7\u00d719.7\u00d742.9 mm<\/li>\n<li>Voltaje de operaci\u00f3n: 5~ 6.8v<\/li>\n<li>Pi\u00f1oneria: Cobre y aluminio<\/li>\n<li>Stall torque a 5V: 21 kg\/cm (291,5 oz\/in)<\/li>\n<li>Stall torque a 6.8V: 25 kg\/cm (340,1 oz\/in)<\/li>\n<li>Velocidad a 4.8V: 60\u00b0 en 0.19sec<\/li>\n<li>Velocidad a 6V: 60\u00b0 en 0.15sec<\/li>\n<li>Frecuencia : 50-333Hz<\/li>\n<li>Tama\u00f1o: 40x20x40,5mm<\/li>\n<\/ul>\n","protected":false},"featured_media":15647,"template":"","meta":[],"product_brand":[],"product_cat":[43,69],"product_tag":[154,153],"class_list":{"0":"post-15645","1":"product","2":"type-product","3":"status-publish","4":"has-post-thumbnail","6":"product_cat-motores-y-actuadores","7":"product_cat-robotica","8":"product_tag-servo","9":"product_tag-servomotor","11":"first","12":"instock","13":"shipping-taxable","14":"purchasable","15":"product-type-simple"},"_links":{"self":[{"href":"https:\/\/novatronicec.com\/index.php\/wp-json\/wp\/v2\/product\/15645","targetHints":{"allow":["GET"]}}],"collection":[{"href":"https:\/\/novatronicec.com\/index.php\/wp-json\/wp\/v2\/product"}],"about":[{"href":"https:\/\/novatronicec.com\/index.php\/wp-json\/wp\/v2\/types\/product"}],"wp:featuredmedia":[{"embeddable":true,"href":"https:\/\/novatronicec.com\/index.php\/wp-json\/wp\/v2\/media\/15647"}],"wp:attachment":[{"href":"https:\/\/novatronicec.com\/index.php\/wp-json\/wp\/v2\/media?parent=15645"}],"wp:term":[{"taxonomy":"product_brand","embeddable":true,"href":"https:\/\/novatronicec.com\/index.php\/wp-json\/wp\/v2\/product_brand?post=15645"},{"taxonomy":"product_cat","embeddable":true,"href":"https:\/\/novatronicec.com\/index.php\/wp-json\/wp\/v2\/product_cat?post=15645"},{"taxonomy":"product_tag","embeddable":true,"href":"https:\/\/novatronicec.com\/index.php\/wp-json\/wp\/v2\/product_tag?post=15645"}],"curies":[{"name":"wp","href":"https:\/\/api.w.org\/{rel}","templated":true}]}}