{"id":15648,"date":"2024-08-27T19:43:45","date_gmt":"2024-08-27T19:43:45","guid":{"rendered":"https:\/\/novatronicec.com\/?post_type=product&#038;p=15648"},"modified":"2024-08-27T19:43:45","modified_gmt":"2024-08-27T19:43:45","slug":"servo-ds3230-30kg-90degree-270degree","status":"publish","type":"product","link":"https:\/\/novatronicec.com\/index.php\/product\/servo-ds3230-30kg-90degree-270degree\/","title":{"rendered":"Servo DS3230 30KG 90Degree\/270degree"},"content":{"rendered":"<h2>Descripci\u00f3n:<\/h2>\n<p>DS3230 &#8211; Servo digital RC de 30 kg, 270 grados, resistente al agua, motor completo de engranaje de metal con servo de 25T para brazo rob\u00f3tico RC, modelo DIY Baja Car escala 1\/10 Cami\u00f3n orugadora<\/p>\n<h3>Caracter\u00edsticas:<\/h3>\n<p>Rango de temperatura de almacenamiento: -20 \u2103 ~ 60 \u2103<br \/>\nRango de temperatura de funcionamiento: -10 \u2103 ~ 50 \u2103<br \/>\nRango de voltaje de funcionamiento: 5 V ~ 6,5 V.<\/p>\n<p>Especificaci\u00f3n el\u00e9ctrica (funci\u00f3n del rendimiento):<br \/>\nVelocidad de funcionamiento (sin carga): 0,2 seg\/60 \u00b0 (5 V); 0,18 seg\/60 \u00b0 (6,5 V).<br \/>\nCorriente de funcionamiento (sin carga): 80 mA (5 V); 100 mA (6,5 V).<br \/>\nPar de parada (en bloqueado): 26 kg-cm (5V); 30 kg-cm (6,5 V).<br \/>\nCorriente de calado (en bloqueo): 3,5 A (5 V); 3,8 A (6,5 V).<br \/>\nCorriente de ralent\u00ed (en parado): 4 mA (5 V); 5 mA (6,5 V).<\/p>\n<p>Especificaciones mec\u00e1nicas:<br \/>\nMateriales del engranaje: Metal Gear<br \/>\n\u00c1ngulo de l\u00edmite: 60\u00b1 1 g<br \/>\nCalibre del cable del conector: PVC #28.<br \/>\nLongitud del cable del conector: 320 \u00b1 5 mm<br \/>\nEscultura de engranaje de cuerno: 25T\/\u03b85.80<br \/>\nRelaci\u00f3n de reducci\u00f3n: 310:1<\/p>\n<p>Especificaciones de control:<br \/>\nSistema de control: cambiar el ancho del pulso<br \/>\nFrecuencia de funcionamiento: 50-330Hz<br \/>\nPosici\u00f3n neutra: 1500 \u03bcseg.<br \/>\nAncho de banda muerta: 3 \u03bcseg.<br \/>\nRango de ancho de pulso: 500 \u2192 2500 \u03bcseg.<br \/>\n\u00c1ngulo mec\u00e1nico: 360\u00b0.<\/p>\n","protected":false},"excerpt":{"rendered":"<h3>Caracter\u00edsticas:<\/h3>\n<p>Rango de temperatura de almacenamiento: -20 \u2103 ~ 60 \u2103<br \/>\nRango de temperatura de funcionamiento: -10 \u2103 ~ 50 \u2103<br \/>\nRango de voltaje de funcionamiento: 5 V ~ 6,5 V.<br \/>\nEspecificaci\u00f3n el\u00e9ctrica (funci\u00f3n del rendimiento):<br \/>\nVelocidad de funcionamiento (sin carga): 0,2 seg\/60 \u00b0 (5 V); 0,18 seg\/60 \u00b0 (6,5 V).<br \/>\nCorriente de funcionamiento (sin carga): 80 mA (5 V); 100 mA (6,5 V).<br \/>\nPar de parada (en bloqueado): 26 kg-cm (5V); 30 kg-cm (6,5 V).<br \/>\nCorriente de calado (en bloqueo): 3,5 A (5 V); 3,8 A (6,5 V).<br \/>\nCorriente de ralent\u00ed (en parado): 4 mA (5 V); 5 mA (6,5 V).<\/p>\n","protected":false},"featured_media":15649,"template":"","meta":[],"product_brand":[],"product_cat":[43],"product_tag":[154,1779,153],"class_list":{"0":"post-15648","1":"product","2":"type-product","3":"status-publish","4":"has-post-thumbnail","6":"product_cat-motores-y-actuadores","7":"product_tag-servo","8":"product_tag-servo180","9":"product_tag-servomotor","11":"first","12":"instock","13":"shipping-taxable","14":"purchasable","15":"product-type-simple"},"_links":{"self":[{"href":"https:\/\/novatronicec.com\/index.php\/wp-json\/wp\/v2\/product\/15648","targetHints":{"allow":["GET"]}}],"collection":[{"href":"https:\/\/novatronicec.com\/index.php\/wp-json\/wp\/v2\/product"}],"about":[{"href":"https:\/\/novatronicec.com\/index.php\/wp-json\/wp\/v2\/types\/product"}],"wp:featuredmedia":[{"embeddable":true,"href":"https:\/\/novatronicec.com\/index.php\/wp-json\/wp\/v2\/media\/15649"}],"wp:attachment":[{"href":"https:\/\/novatronicec.com\/index.php\/wp-json\/wp\/v2\/media?parent=15648"}],"wp:term":[{"taxonomy":"product_brand","embeddable":true,"href":"https:\/\/novatronicec.com\/index.php\/wp-json\/wp\/v2\/product_brand?post=15648"},{"taxonomy":"product_cat","embeddable":true,"href":"https:\/\/novatronicec.com\/index.php\/wp-json\/wp\/v2\/product_cat?post=15648"},{"taxonomy":"product_tag","embeddable":true,"href":"https:\/\/novatronicec.com\/index.php\/wp-json\/wp\/v2\/product_tag?post=15648"}],"curies":[{"name":"wp","href":"https:\/\/api.w.org\/{rel}","templated":true}]}}