{"id":15689,"date":"2024-09-10T16:37:16","date_gmt":"2024-09-10T16:37:16","guid":{"rendered":"https:\/\/novatronicec.com\/?post_type=product&#038;p=15689"},"modified":"2024-09-10T16:37:16","modified_gmt":"2024-09-10T16:37:16","slug":"tercera-mano-para-soldar-con-lupa-tipo-microscopio","status":"publish","type":"product","link":"https:\/\/novatronicec.com\/index.php\/product\/tercera-mano-para-soldar-con-lupa-tipo-microscopio\/","title":{"rendered":"Tercera Mano para Soldar con lupa tipo Microscopio"},"content":{"rendered":"<h2>Descripci\u00f3n:<\/h2>\n<ul class=\"a-unordered-list a-vertical a-spacing-mini\">\n<li class=\"a-spacing-mini\"><span class=\"a-list-item\">\u3010Lupa de lectura\u3011Este art\u00edculo con lupa le brinda una experiencia visual m\u00e1s clara. Este tama\u00f1o de lupa es muy adecuado para leer, observar insectos y realizar actividades cient\u00edficas.<\/span><\/li>\n<li class=\"a-spacing-mini\"><span class=\"a-list-item\">\u3010Lupa de escritorio con luz LED\u3011La distancia y el \u00e1ngulo de la luz se pueden ajustar libremente, adem\u00e1s, el clip de soporte y la pinza de cocodrilo tambi\u00e9n se pueden ajustar para su conveniencia y comodidad en el uso.<\/span><\/li>\n<li class=\"a-spacing-mini\"><span class=\"a-list-item\">\u3010Cuello de cisne flexible\u3011Lupa de escritorio con luces LED, 5 luces LED brillantes individuales en tubos de metal flexibles, la distancia y el \u00e1ngulo de las luces se pueden ajustar libremente.<\/span><\/li>\n<li class=\"a-spacing-mini\"><span class=\"a-list-item\">\u3010Ajustable\u3011Las luces est\u00e1n equipadas con clips de metal flexibles ajustables con forma de cuello de cisne que giran 360 grados, lo que le permite colocar las luces donde m\u00e1s las necesita. Excelente herramienta de aumento para tallar, tasar joyas, pintar, tejer a crochet, reparar dispositivos electr\u00f3nicos y m\u00e1s.<\/span><\/li>\n<li class=\"a-spacing-mini\"><span class=\"a-list-item\">\u3010Perfecto para banco de trabajo de soldador\u3011Con soporte para soldador. Adecuado para soldadura electr\u00f3nica\/reparaci\u00f3n de relojes\/coleccionismo de sellos\/bordado\/observaci\u00f3n de antig\u00fcedades\/observaci\u00f3n biol\u00f3gica\/lectura para personas mayores, etc.<\/span><\/li>\n<li class=\"a-spacing-mini\"><span class=\"a-list-item\">\u3010Aumento ajustable\u3011Esta peque\u00f1a lente telesc\u00f3pica e intercambiable, puede elegir diferentes aumentos, 3 engranajes diferentes de telescopicidad, aumenta el campo de visi\u00f3n. 3 tipos de lupa: 2.5X 90 mm (di\u00e1metro), 7.5X 34 mm, 10X 34 mm. Sin parpadeo, antideslumbrante, sin estroboscopio ni radiaci\u00f3n. Lentes de alta calidad, sin mareos al trabajar de cerca. La lupa mantiene sus ojos alejados de la fatiga.<\/span><\/li>\n<\/ul>\n<h2>Caracter\u00edsticas:<\/h2>\n<table id=\"productDetails_techSpec_section_1\" class=\"a-keyvalue prodDetTable\" role=\"presentation\">\n<tbody>\n<tr>\n<th class=\"a-color-secondary a-size-base prodDetSectionEntry\">Peso del art\u00edculo<\/th>\n<td class=\"a-size-base prodDetAttrValue\">610 gramos<\/td>\n<\/tr>\n<tr>\n<th class=\"a-color-secondary a-size-base prodDetSectionEntry\">Dimensiones del paquete<\/th>\n<td class=\"a-size-base prodDetAttrValue\">17,6 x 12,3 x 9,6 cm; 610 gramos<\/td>\n<\/tr>\n<tr>\n<th class=\"a-color-secondary a-size-base prodDetSectionEntry\">Tipo de Luz<\/th>\n<td class=\"a-size-base prodDetAttrValue\">Led<\/td>\n<\/tr>\n<tr>\n<th class=\"a-color-secondary a-size-base prodDetSectionEntry\">Color<\/th>\n<td class=\"a-size-base prodDetAttrValue\">\u200eNegro<\/td>\n<\/tr>\n<tr>\n<th class=\"a-color-secondary a-size-base prodDetSectionEntry\">Material<\/th>\n<td class=\"a-size-base prodDetAttrValue\">ABS, metal<\/td>\n<\/tr>\n<tr>\n<th class=\"a-color-secondary a-size-base prodDetSectionEntry\">Tipo de fuente de alimentaci\u00f3n<\/th>\n<td class=\"a-size-base prodDetAttrValue\">\u200eBater\u00eda<\/td>\n<\/tr>\n<\/tbody>\n<\/table>\n","protected":false},"excerpt":{"rendered":"<h2>Caracter\u00edsticas:<\/h2>\n<table id=\"productDetails_techSpec_section_1\" class=\"a-keyvalue prodDetTable\" role=\"presentation\">\n<tbody>\n<tr>\n<th class=\"a-color-secondary a-size-base prodDetSectionEntry\">Peso del art\u00edculo<\/th>\n<td class=\"a-size-base prodDetAttrValue\">610 gramos<\/td>\n<\/tr>\n<tr>\n<th class=\"a-color-secondary a-size-base prodDetSectionEntry\">Dimensiones del paquete<\/th>\n<td class=\"a-size-base prodDetAttrValue\">17,6 x 12,3 x 9,6 cm; 610 gramos<\/td>\n<\/tr>\n<tr>\n<th class=\"a-color-secondary a-size-base prodDetSectionEntry\">Tipo de Luz<\/th>\n<td class=\"a-size-base prodDetAttrValue\">Led<\/td>\n<\/tr>\n<tr>\n<th class=\"a-color-secondary a-size-base prodDetSectionEntry\">Color<\/th>\n<td class=\"a-size-base prodDetAttrValue\">\u200eNegro<\/td>\n<\/tr>\n<tr>\n<th class=\"a-color-secondary a-size-base prodDetSectionEntry\">Material<\/th>\n<td class=\"a-size-base prodDetAttrValue\">ABS, metal<\/td>\n<\/tr>\n<tr>\n<th class=\"a-color-secondary a-size-base prodDetSectionEntry\">Tipo de fuente de alimentaci\u00f3n<\/th>\n<td class=\"a-size-base prodDetAttrValue\">\u200eBater\u00eda<\/td>\n<\/tr>\n<\/tbody>\n<\/table>\n<p>&nbsp;<\/p>\n","protected":false},"featured_media":15696,"template":"","meta":[],"product_brand":[],"product_cat":[86,1110,66],"product_tag":[577,893,891],"class_list":{"0":"post-15689","1":"product","2":"type-product","3":"status-publish","4":"has-post-thumbnail","6":"product_cat-electronica","7":"product_cat-herramientas","8":"product_cat-varios","9":"product_tag-cautin","10":"product_tag-soporte-cautin","11":"product_tag-tercera-mano","13":"first","14":"instock","15":"shipping-taxable","16":"purchasable","17":"product-type-simple"},"_links":{"self":[{"href":"https:\/\/novatronicec.com\/index.php\/wp-json\/wp\/v2\/product\/15689","targetHints":{"allow":["GET"]}}],"collection":[{"href":"https:\/\/novatronicec.com\/index.php\/wp-json\/wp\/v2\/product"}],"about":[{"href":"https:\/\/novatronicec.com\/index.php\/wp-json\/wp\/v2\/types\/product"}],"wp:featuredmedia":[{"embeddable":true,"href":"https:\/\/novatronicec.com\/index.php\/wp-json\/wp\/v2\/media\/15696"}],"wp:attachment":[{"href":"https:\/\/novatronicec.com\/index.php\/wp-json\/wp\/v2\/media?parent=15689"}],"wp:term":[{"taxonomy":"product_brand","embeddable":true,"href":"https:\/\/novatronicec.com\/index.php\/wp-json\/wp\/v2\/product_brand?post=15689"},{"taxonomy":"product_cat","embeddable":true,"href":"https:\/\/novatronicec.com\/index.php\/wp-json\/wp\/v2\/product_cat?post=15689"},{"taxonomy":"product_tag","embeddable":true,"href":"https:\/\/novatronicec.com\/index.php\/wp-json\/wp\/v2\/product_tag?post=15689"}],"curies":[{"name":"wp","href":"https:\/\/api.w.org\/{rel}","templated":true}]}}