{"id":15706,"date":"2024-09-13T17:37:44","date_gmt":"2024-09-13T17:37:44","guid":{"rendered":"https:\/\/novatronicec.com\/?post_type=product&#038;p=15706"},"modified":"2024-09-13T17:37:44","modified_gmt":"2024-09-13T17:37:44","slug":"radio-control-2-4g-6ch-6v-12v-con-receptor","status":"publish","type":"product","link":"https:\/\/novatronicec.com\/index.php\/product\/radio-control-2-4g-6ch-6v-12v-con-receptor\/","title":{"rendered":"Radio control 2.4G 6CH 6V-12V con receptor"},"content":{"rendered":"<p>Modelo: HS06A-KGL<br \/>\nReceptor: HS0RX-1.2A-2.4G<\/p>\n<p>Un controlador, \u00a1muchas posibilidades!<\/p>\n<h2>Descripci\u00f3n:<\/h2>\n<p>Este mando a distancia se puede utilizar para controlar 3 motores, cada motor se puede controlar en el sentido de las agujas del reloj o en sentido contrario.<br \/>\nLa corriente total es de 1,2 A como m\u00e1ximo (esto se aplica a la suma de los 3 motores).<br \/>\nStick izquierdo: adelante-atr\u00e1s<br \/>\nStick derecho: adelante-atr\u00e1s<br \/>\nDos botones denominados \u00abARRIBA\u00bb y \u00abABAJO\u00bb controlan el tercer motor.<br \/>\nEl mando a distancia se alimenta con dos pilas AA<\/p>\n<h2>Caracter\u00edsticas:<\/h2>\n<ul>\n<li>Tensi\u00f3n de funcionamiento del receptor: DC 3,6 V &#8211; 6 V, 1,2 A<\/li>\n<li>Distancia controlada: hasta 50 metros<\/li>\n<li>Frecuencia: 2,4 GHz, 6 CH<\/li>\n<li>Material: pl\u00e1stico<\/li>\n<li>Tama\u00f1o del mando a distancia: 15,5 cm x 13 cm<\/li>\n<li>Color: negro<\/li>\n<li>Tama\u00f1o del receptor: 4,6 cm x 4 cm x 1,5 cm<\/li>\n<\/ul>\n<p>Conexi\u00f3n del receptor:<br \/>\nConexi\u00f3n de alimentaci\u00f3n del receptor, la polaridad de la alimentaci\u00f3n est\u00e1 marcada con \u00abV-\u00bb (cable negro) y \u00abV+\u00bb (cable rojo).<br \/>\nOtras conexiones para conectar los motores.<\/p>\n","protected":false},"excerpt":{"rendered":"<h2>Caracter\u00edsticas:<\/h2>\n<ul>\n<li>Tensi\u00f3n de funcionamiento del receptor: DC 3,6 V &#8211; 6 V, 1,2 A<\/li>\n<li>Distancia controlada: hasta 50 metros<\/li>\n<li>Frecuencia: 2,4 GHz, 6 CH<\/li>\n<li>Material: pl\u00e1stico<\/li>\n<li>Tama\u00f1o del mando a distancia: 15,5 cm x 13 cm<\/li>\n<li>Color: negro<\/li>\n<li>Tama\u00f1o del receptor: 4,6 cm x 4 cm x 1,5 cm<\/li>\n<\/ul>\n","protected":false},"featured_media":15709,"template":"","meta":[],"product_brand":[],"product_cat":[99],"product_tag":[593,1324,537,534],"class_list":{"0":"post-15706","1":"product","2":"type-product","3":"status-publish","4":"has-post-thumbnail","6":"product_cat-radiocontroles","7":"product_tag-2-4ghz","8":"product_tag-control","9":"product_tag-radio-control","10":"product_tag-radiocontrol","12":"first","13":"instock","14":"shipping-taxable","15":"purchasable","16":"product-type-simple"},"_links":{"self":[{"href":"https:\/\/novatronicec.com\/index.php\/wp-json\/wp\/v2\/product\/15706","targetHints":{"allow":["GET"]}}],"collection":[{"href":"https:\/\/novatronicec.com\/index.php\/wp-json\/wp\/v2\/product"}],"about":[{"href":"https:\/\/novatronicec.com\/index.php\/wp-json\/wp\/v2\/types\/product"}],"wp:featuredmedia":[{"embeddable":true,"href":"https:\/\/novatronicec.com\/index.php\/wp-json\/wp\/v2\/media\/15709"}],"wp:attachment":[{"href":"https:\/\/novatronicec.com\/index.php\/wp-json\/wp\/v2\/media?parent=15706"}],"wp:term":[{"taxonomy":"product_brand","embeddable":true,"href":"https:\/\/novatronicec.com\/index.php\/wp-json\/wp\/v2\/product_brand?post=15706"},{"taxonomy":"product_cat","embeddable":true,"href":"https:\/\/novatronicec.com\/index.php\/wp-json\/wp\/v2\/product_cat?post=15706"},{"taxonomy":"product_tag","embeddable":true,"href":"https:\/\/novatronicec.com\/index.php\/wp-json\/wp\/v2\/product_tag?post=15706"}],"curies":[{"name":"wp","href":"https:\/\/api.w.org\/{rel}","templated":true}]}}