{"id":15778,"date":"2024-11-11T21:44:22","date_gmt":"2024-11-11T21:44:22","guid":{"rendered":"https:\/\/novatronicec.com\/?post_type=product&#038;p=15778"},"modified":"2025-11-13T21:52:22","modified_gmt":"2025-11-13T21:52:22","slug":"electroiman-de-succion-p30-22-12v-10kg-100n","status":"publish","type":"product","link":"https:\/\/novatronicec.com\/index.php\/product\/electroiman-de-succion-p30-22-12v-10kg-100n\/","title":{"rendered":"ELECTROIMAN DE SUCCION P30\/22 12V 10KG 100N"},"content":{"rendered":"<h2>Descripci\u00f3n<\/h2>\n<p>Electroim\u00e1n 12Vdc (BR-P30\/22)<\/p>\n<p>Fuerza de succi\u00f3n m\u00e1xima: 100N (10Kg aprox)<\/p>\n<p>Potencia: 5W (12Vdc \/ 0,42A)<\/p>\n<p>Para lograr una fuerza de succi\u00f3n adecuada:<\/p>\n<ul>\n<li>La pieza a aspirar debe ser un material con buena permeabilidad magn\u00e9tica<\/li>\n<li>La superficie de la pieza a aspirar debe ser de un espesor m\u00ednimo de 4mm<\/li>\n<li>La zona de succi\u00f3n debe ser plana<\/li>\n<li>La superficie de succi\u00f3n debe ser m\u00e1s grande que el electroim\u00e1n<\/li>\n<\/ul>\n","protected":false},"excerpt":{"rendered":"<h2><strong>Caracter\u00edsticas:<\/strong><\/h2>\n<p>Modelo: WF-P30\/22<br \/>\nVoltaje y corriente: 12VCD<br \/>\nSucci\u00f3n: 100N<br \/>\nDimensiones: 30x22mm (di\u00e1metro x altura)<br \/>\nCable: 20cm<\/p>\n","protected":false},"featured_media":15779,"template":"","meta":[],"product_brand":[],"product_cat":[86],"product_tag":[1800,1801,1802],"class_list":{"0":"post-15778","1":"product","2":"type-product","3":"status-publish","4":"has-post-thumbnail","6":"product_cat-electronica","7":"product_tag-electroiman","8":"product_tag-iman","9":"product_tag-imanes","11":"first","12":"instock","13":"shipping-taxable","14":"purchasable","15":"product-type-simple"},"_links":{"self":[{"href":"https:\/\/novatronicec.com\/index.php\/wp-json\/wp\/v2\/product\/15778","targetHints":{"allow":["GET"]}}],"collection":[{"href":"https:\/\/novatronicec.com\/index.php\/wp-json\/wp\/v2\/product"}],"about":[{"href":"https:\/\/novatronicec.com\/index.php\/wp-json\/wp\/v2\/types\/product"}],"wp:featuredmedia":[{"embeddable":true,"href":"https:\/\/novatronicec.com\/index.php\/wp-json\/wp\/v2\/media\/15779"}],"wp:attachment":[{"href":"https:\/\/novatronicec.com\/index.php\/wp-json\/wp\/v2\/media?parent=15778"}],"wp:term":[{"taxonomy":"product_brand","embeddable":true,"href":"https:\/\/novatronicec.com\/index.php\/wp-json\/wp\/v2\/product_brand?post=15778"},{"taxonomy":"product_cat","embeddable":true,"href":"https:\/\/novatronicec.com\/index.php\/wp-json\/wp\/v2\/product_cat?post=15778"},{"taxonomy":"product_tag","embeddable":true,"href":"https:\/\/novatronicec.com\/index.php\/wp-json\/wp\/v2\/product_tag?post=15778"}],"curies":[{"name":"wp","href":"https:\/\/api.w.org\/{rel}","templated":true}]}}