{"id":15870,"date":"2025-01-30T22:55:33","date_gmt":"2025-01-30T22:55:33","guid":{"rendered":"https:\/\/novatronicec.com\/?post_type=product&#038;p=15870"},"modified":"2025-08-25T14:38:59","modified_gmt":"2025-08-25T14:38:59","slug":"modulo-de-carga-solar-500mah","status":"publish","type":"product","link":"https:\/\/novatronicec.com\/index.php\/product\/modulo-de-carga-solar-500mah\/","title":{"rendered":"M\u00f3dulo de carga Solar 500mAH"},"content":{"rendered":"<h3>Descripci\u00f3n:<\/h3>\n<p>El m\u00f3dulo de carga solar basado en el chip CN3065 es una soluci\u00f3n compacta y eficiente dise\u00f1ada para proyectos de energ\u00eda renovable y dispositivos port\u00e1tiles. Permite cargar bater\u00edas de litio de una celda directamente desde un panel solar o fuente de energ\u00eda limitada, maximizando la captaci\u00f3n de energ\u00eda gracias a su control inteligente de carga.<\/p>\n<p>Ideal para sistemas aut\u00f3nomos, IoT, proyectos de rob\u00f3tica, sensores remotos y aplicaciones donde se requiere un bajo consumo con carga solar confiable.<\/p>\n<h3><strong>Caracter\u00edsticas:<\/strong><\/h3>\n<ul>\n<li class=\"a-spacing-mini\">Chip controlador: CN3065<\/li>\n<li>Corriente de carga: 500mA<\/li>\n<li>Compatibilidad: Bater\u00edas recargables de litio de una celda (3.7V)<\/li>\n<li>Voltaje de entrada: 4.4V &#8211; 6V<\/li>\n<li>Previene sobrecarga y mejora la vida \u00fatil de la bater\u00eda<\/li>\n<li>Led indicador de estado de carga<\/li>\n<li>Dimensiones: 40 mm x 20 mm x 7 mm<\/li>\n<li>Peso:5g<\/li>\n<li>Pines:\n<ul>\n<li>MicroUSB: Entrada de voltaje<\/li>\n<li>SOLAR: Cuenta con dos \u00e1reas para realizar la conexi\u00f3n a la celda solar por JST \/PH2.0 o INT(+,-)<\/li>\n<li>BATT IN:\u00a0 Cuenta con dos \u00e1reas para realizar la conexi\u00f3n a la bateria LiPo por JST \/PH2.0 o INT(+,-)<\/li>\n<li>Sys OUT: Salida de voltaje a la carga<\/li>\n<\/ul>\n<\/li>\n<\/ul>\n","protected":false},"excerpt":{"rendered":"<h3><strong>Caracter\u00edsticas:<\/strong><\/h3>\n<ul>\n<li class=\"a-spacing-mini\">Chip controlador: CN3065<\/li>\n<li>Corriente de carga: 500mA<\/li>\n<li>Compatibilidad: Bater\u00edas recargables de litio de una celda (3.7V)<\/li>\n<li>Voltaje de entrada: 4.4V &#8211; 6V<\/li>\n<li>Previene sobrecarga y mejora la vida \u00fatil de la bater\u00eda<\/li>\n<li>Led indicador de estado de carga<\/li>\n<li>Dimensiones: 40 mm x 20 mm x 7 mm<\/li>\n<li>Peso:5g<\/li>\n<li>Pines:\n<ul>\n<li>MicroUSB: Entrada de voltaje<\/li>\n<li>SOLAR: Cuenta con dos \u00e1reas para realizar la conexi\u00f3n a la celda solar por JST \/PH2.0 o INT(+,-)<\/li>\n<li>BATT IN:\u00a0 Cuenta con dos \u00e1reas para realizar la conexi\u00f3n a la bateria LiPo por JST \/PH2.0 o INT(+,-)<\/li>\n<li>Sys OUT: Salida de voltaje a la carga<\/li>\n<\/ul>\n<\/li>\n<\/ul>\n","protected":false},"featured_media":15874,"template":"","meta":[],"product_brand":[],"product_cat":[128,86,46],"product_tag":[131,1931,1287,385,328,1282],"class_list":{"0":"post-15870","1":"product","2":"type-product","3":"status-publish","4":"has-post-thumbnail","6":"product_cat-baterias","7":"product_cat-electronica","8":"product_cat-fuentes-y-adaptadores-de-voltaje","9":"product_tag-bateria","10":"product_tag-cn3065","11":"product_tag-litio","12":"product_tag-modulo-de-carga","13":"product_tag-regulador-de-voltaje","14":"product_tag-solar","16":"first","17":"instock","18":"shipping-taxable","19":"purchasable","20":"product-type-simple"},"_links":{"self":[{"href":"https:\/\/novatronicec.com\/index.php\/wp-json\/wp\/v2\/product\/15870","targetHints":{"allow":["GET"]}}],"collection":[{"href":"https:\/\/novatronicec.com\/index.php\/wp-json\/wp\/v2\/product"}],"about":[{"href":"https:\/\/novatronicec.com\/index.php\/wp-json\/wp\/v2\/types\/product"}],"wp:featuredmedia":[{"embeddable":true,"href":"https:\/\/novatronicec.com\/index.php\/wp-json\/wp\/v2\/media\/15874"}],"wp:attachment":[{"href":"https:\/\/novatronicec.com\/index.php\/wp-json\/wp\/v2\/media?parent=15870"}],"wp:term":[{"taxonomy":"product_brand","embeddable":true,"href":"https:\/\/novatronicec.com\/index.php\/wp-json\/wp\/v2\/product_brand?post=15870"},{"taxonomy":"product_cat","embeddable":true,"href":"https:\/\/novatronicec.com\/index.php\/wp-json\/wp\/v2\/product_cat?post=15870"},{"taxonomy":"product_tag","embeddable":true,"href":"https:\/\/novatronicec.com\/index.php\/wp-json\/wp\/v2\/product_tag?post=15870"}],"curies":[{"name":"wp","href":"https:\/\/api.w.org\/{rel}","templated":true}]}}