{"id":15892,"date":"2025-02-08T18:08:07","date_gmt":"2025-02-08T18:08:07","guid":{"rendered":"https:\/\/novatronicec.com\/?post_type=product&#038;p=15892"},"modified":"2025-02-08T18:08:07","modified_gmt":"2025-02-08T18:08:07","slug":"modulo-de-motor-de-vibracion","status":"publish","type":"product","link":"https:\/\/novatronicec.com\/index.php\/product\/modulo-de-motor-de-vibracion\/","title":{"rendered":"M\u00f3dulo de motor de vibraci\u00f3n"},"content":{"rendered":"<h3><strong>Descripci\u00f3n:<\/strong><\/h3>\n<div align=\"justify\">\n<p>El M\u00f3dulo de Vibraci\u00f3n PWM es un dispositivo que causara efecto vibratorio cuando la entrada de PWM es alta, similar al que un tel\u00e9fono celular estando en modo vibraci\u00f3n\/silencioso. Funciona en un rango de voltaje 3V a 5.3 V DC, siendo un motor de corriente continua.<\/p>\n<p>El M\u00f3dulo de Vibraci\u00f3n PWM es adecuado para la producci\u00f3n de productos interactivos sensibles a la vibraci\u00f3n, es un peque\u00f1o motor de vibraci\u00f3n adecuado como indicador no audible.Compatible con tarjetas de desarrollo Arduino, Raspberry, ESP.<\/p>\n<\/div>\n<h3><strong>Caracter\u00edsticas:<\/strong><\/h3>\n<ul>\n<li>Tensi\u00f3n Nominal: 5V DC<\/li>\n<li>Tensi\u00f3n de trabajo: 3V a 5.3 V DC<\/li>\n<li>Nominal de velocidad: 9000 rpm<\/li>\n<li>\u00a0Corriente nominal: hasta a 60 mA<\/li>\n<li>Corriente en arranque: hasta a 90 mA<\/li>\n<li>Aislamiento resistencia: 10Mohm<\/li>\n<li>Puerto: Digital<\/li>\n<li>Orificio de Fijaci\u00f3n: 3mm<\/li>\n<li>Motor: 10mm en di\u00e1metro y 2,7mm en grosor<\/li>\n<li>Dimensiones: 23mm x 20mm x 5mm<\/li>\n<li>Peso : 1g<\/li>\n<\/ul>\n","protected":false},"excerpt":{"rendered":"<h3><strong>Caracter\u00edsticas:<\/strong><\/h3>\n<ul>\n<li>Tensi\u00f3n Nominal: 5V DC<\/li>\n<li>Tensi\u00f3n de trabajo: 3V a 5.3 V DC<\/li>\n<li>Nominal de velocidad: 9000 rpm<\/li>\n<li>\u00a0Corriente nominal: hasta a 60 mA<\/li>\n<li>Corriente en arranque: hasta a 90 mA<\/li>\n<li>Aislamiento resistencia: 10Mohm<\/li>\n<li>Puerto: Digital<\/li>\n<li>Orificio de Fijaci\u00f3n: 3mm<\/li>\n<li>Motor: 10mm en di\u00e1metro y 2,7mm en grosor<\/li>\n<li>Dimensiones: 23mm x 20mm x 5mm<\/li>\n<li>Peso : 1g<\/li>\n<\/ul>\n","protected":false},"featured_media":15893,"template":"","meta":[],"product_brand":[],"product_cat":[86,43],"product_tag":[365,142,730],"class_list":{"0":"post-15892","1":"product","2":"type-product","3":"status-publish","4":"has-post-thumbnail","6":"product_cat-electronica","7":"product_cat-motores-y-actuadores","8":"product_tag-modulo","9":"product_tag-motor","10":"product_tag-vibracion","12":"first","13":"instock","14":"shipping-taxable","15":"purchasable","16":"product-type-simple"},"_links":{"self":[{"href":"https:\/\/novatronicec.com\/index.php\/wp-json\/wp\/v2\/product\/15892","targetHints":{"allow":["GET"]}}],"collection":[{"href":"https:\/\/novatronicec.com\/index.php\/wp-json\/wp\/v2\/product"}],"about":[{"href":"https:\/\/novatronicec.com\/index.php\/wp-json\/wp\/v2\/types\/product"}],"wp:featuredmedia":[{"embeddable":true,"href":"https:\/\/novatronicec.com\/index.php\/wp-json\/wp\/v2\/media\/15893"}],"wp:attachment":[{"href":"https:\/\/novatronicec.com\/index.php\/wp-json\/wp\/v2\/media?parent=15892"}],"wp:term":[{"taxonomy":"product_brand","embeddable":true,"href":"https:\/\/novatronicec.com\/index.php\/wp-json\/wp\/v2\/product_brand?post=15892"},{"taxonomy":"product_cat","embeddable":true,"href":"https:\/\/novatronicec.com\/index.php\/wp-json\/wp\/v2\/product_cat?post=15892"},{"taxonomy":"product_tag","embeddable":true,"href":"https:\/\/novatronicec.com\/index.php\/wp-json\/wp\/v2\/product_tag?post=15892"}],"curies":[{"name":"wp","href":"https:\/\/api.w.org\/{rel}","templated":true}]}}