{"id":15943,"date":"2025-02-14T22:45:34","date_gmt":"2025-02-14T22:45:34","guid":{"rendered":"https:\/\/novatronicec.com\/?post_type=product&#038;p=15943"},"modified":"2025-02-14T22:45:34","modified_gmt":"2025-02-14T22:45:34","slug":"cable-plug-dc-macho-55x21mm-90-grados-25cm","status":"publish","type":"product","link":"https:\/\/novatronicec.com\/index.php\/product\/cable-plug-dc-macho-55x21mm-90-grados-25cm\/","title":{"rendered":"Cable Plug DC macho 5,5&#215;2,1mm 90 grados 25cm"},"content":{"rendered":"<h2>Descripci\u00f3n:<\/h2>\n<ul>\n<li>Cable de alimentaci\u00f3n de DC 12V 22AWG. Pr\u00e1cticas soluciones de alimentaci\u00f3n: Conector DC macho con nuestro cable de alimentaci\u00f3n de 12V 22AWG que viene con conector macho de barril 2.1mm.<\/li>\n<li>Construcci\u00f3n de alta calidad: Conexi\u00f3n segura y r\u00e1pida con revestimiento preesta\u00f1ado. Nuestro cable de enchufe de DC es f\u00e1cil de soldar e instalar, tambi\u00e9n cuenta con dos cables en las otras cubiertas de alambre rojo negro que indican polaridad.<\/li>\n<li>Soluci\u00f3n de alimentaci\u00f3n vers\u00e1til para bricolaje: Logra una soluci\u00f3n de conectividad de energ\u00eda simple y confiable que funciona con un adaptador de corriente o caja de fuente de alimentaci\u00f3n<\/li>\n<li>Compatibilidad universal: Compatible con todos los sistemas de c\u00e1maras de vigilancia CCTV y dispositivos de alimentaci\u00f3n CC, como tiras LED e iluminaci\u00f3n.<\/li>\n<\/ul>\n<h2>Caracter\u00edsticas:<\/h2>\n<ul>\n<li>Modelo: Plug<\/li>\n<li>Tipo de cable y adaptador: Plug DC<\/li>\n<li>Color: Rojo\/Negro<\/li>\n<li>Largo del cable: 25cm<\/li>\n<li>Tama\u00f1o AWG: 22<\/li>\n<li>Conector de entrada: 5.5&#215;2.1mm<\/li>\n<li>G\u00e9nero del conector de entrada: Macho<\/li>\n<\/ul>\n","protected":false},"excerpt":{"rendered":"<h2>Caracter\u00edsticas:<\/h2>\n<ul>\n<li>Modelo: Plug<\/li>\n<li>Tipo de cable y adaptador: Plug DC<\/li>\n<li>Color: Rojo\/Negro<\/li>\n<li>Largo del cable: 25cm<\/li>\n<li>Tama\u00f1o AWG: 22<\/li>\n<li>Conector de entrada: 5.5&#215;2.1mm<\/li>\n<li>G\u00e9nero del conector de entrada: Macho<\/li>\n<\/ul>\n","protected":false},"featured_media":15947,"template":"","meta":[],"product_brand":[],"product_cat":[86,46,241,66],"product_tag":[1698,567,1817],"class_list":{"0":"post-15943","1":"product","2":"type-product","3":"status-publish","4":"has-post-thumbnail","6":"product_cat-electronica","7":"product_cat-fuentes-y-adaptadores-de-voltaje","8":"product_cat-repuestos","9":"product_cat-varios","10":"product_tag-22awg","11":"product_tag-alimentacion","12":"product_tag-cable-de-alimentacion","14":"first","15":"instock","16":"shipping-taxable","17":"purchasable","18":"product-type-simple"},"_links":{"self":[{"href":"https:\/\/novatronicec.com\/index.php\/wp-json\/wp\/v2\/product\/15943","targetHints":{"allow":["GET"]}}],"collection":[{"href":"https:\/\/novatronicec.com\/index.php\/wp-json\/wp\/v2\/product"}],"about":[{"href":"https:\/\/novatronicec.com\/index.php\/wp-json\/wp\/v2\/types\/product"}],"wp:featuredmedia":[{"embeddable":true,"href":"https:\/\/novatronicec.com\/index.php\/wp-json\/wp\/v2\/media\/15947"}],"wp:attachment":[{"href":"https:\/\/novatronicec.com\/index.php\/wp-json\/wp\/v2\/media?parent=15943"}],"wp:term":[{"taxonomy":"product_brand","embeddable":true,"href":"https:\/\/novatronicec.com\/index.php\/wp-json\/wp\/v2\/product_brand?post=15943"},{"taxonomy":"product_cat","embeddable":true,"href":"https:\/\/novatronicec.com\/index.php\/wp-json\/wp\/v2\/product_cat?post=15943"},{"taxonomy":"product_tag","embeddable":true,"href":"https:\/\/novatronicec.com\/index.php\/wp-json\/wp\/v2\/product_tag?post=15943"}],"curies":[{"name":"wp","href":"https:\/\/api.w.org\/{rel}","templated":true}]}}