{"id":15954,"date":"2025-02-15T15:40:52","date_gmt":"2025-02-15T15:40:52","guid":{"rendered":"https:\/\/novatronicec.com\/?post_type=product&#038;p=15954"},"modified":"2025-02-15T15:40:52","modified_gmt":"2025-02-15T15:40:52","slug":"cargador-12v-3a-plug-arduino","status":"publish","type":"product","link":"https:\/\/novatronicec.com\/index.php\/product\/cargador-12v-3a-plug-arduino\/","title":{"rendered":"Cargador 12V 3A (plug Arduino)"},"content":{"rendered":"<h2>Descripci\u00f3n:<\/h2>\n<p>La fuente de alimentaci\u00f3n es un adaptador de corriente monocanal para vigilancia de grado profesional. Este producto es ideal para c\u00e1maras de seguridad y equipos de control. Brinda alimentaci\u00f3n constante y sirve como protecci\u00f3n de corriente contra fluctuaciones de voltaje y cortocircuitos.<\/p>\n<h2>Caracter\u00edsticas:<\/h2>\n<ul>\n<li>Modelo: D-1203<\/li>\n<li>Entrada: 100V ~ 240V, 50 ~ 60Hz<\/li>\n<li>Salida:DC 12V 3A<\/li>\n<li>Potencia: 36W<\/li>\n<li>Longitud del cable sobre: \u200b\u200b110 cm<\/li>\n<li>Especificaciones del enchufe: enchufe de EU \/ US<\/li>\n<li>El conector de los adaptadores: interior positivo (+). fuera negativo (-)<\/li>\n<\/ul>\n","protected":false},"excerpt":{"rendered":"<h2>Caracter\u00edsticas:<\/h2>\n<ul>\n<li>Modelo: D-1203<\/li>\n<li>Entrada: 100V ~ 240V, 50 ~ 60Hz<\/li>\n<li>Salida:DC 12V 3A<\/li>\n<li>Potencia: 36W<\/li>\n<li>Longitud del cable sobre: \u200b\u200b110 cm<\/li>\n<li>Especificaciones del enchufe: enchufe de EU \/ US<\/li>\n<li>El conector de los adaptadores: interior positivo (+). fuera negativo (-)<\/li>\n<\/ul>\n","protected":false},"featured_media":15956,"template":"","meta":[],"product_brand":[],"product_cat":[86,46],"product_tag":[435,898,372,88,431,428],"class_list":{"0":"post-15954","1":"product","2":"type-product","3":"status-publish","4":"has-post-thumbnail","6":"product_cat-electronica","7":"product_cat-fuentes-y-adaptadores-de-voltaje","8":"product_tag-12v","9":"product_tag-3a","10":"product_tag-adaptador","11":"product_tag-arduino","12":"product_tag-cargador","13":"product_tag-fuente","15":"first","16":"instock","17":"shipping-taxable","18":"purchasable","19":"product-type-simple"},"_links":{"self":[{"href":"https:\/\/novatronicec.com\/index.php\/wp-json\/wp\/v2\/product\/15954","targetHints":{"allow":["GET"]}}],"collection":[{"href":"https:\/\/novatronicec.com\/index.php\/wp-json\/wp\/v2\/product"}],"about":[{"href":"https:\/\/novatronicec.com\/index.php\/wp-json\/wp\/v2\/types\/product"}],"wp:featuredmedia":[{"embeddable":true,"href":"https:\/\/novatronicec.com\/index.php\/wp-json\/wp\/v2\/media\/15956"}],"wp:attachment":[{"href":"https:\/\/novatronicec.com\/index.php\/wp-json\/wp\/v2\/media?parent=15954"}],"wp:term":[{"taxonomy":"product_brand","embeddable":true,"href":"https:\/\/novatronicec.com\/index.php\/wp-json\/wp\/v2\/product_brand?post=15954"},{"taxonomy":"product_cat","embeddable":true,"href":"https:\/\/novatronicec.com\/index.php\/wp-json\/wp\/v2\/product_cat?post=15954"},{"taxonomy":"product_tag","embeddable":true,"href":"https:\/\/novatronicec.com\/index.php\/wp-json\/wp\/v2\/product_tag?post=15954"}],"curies":[{"name":"wp","href":"https:\/\/api.w.org\/{rel}","templated":true}]}}