{"id":15998,"date":"2025-03-11T22:08:19","date_gmt":"2025-03-11T22:08:19","guid":{"rendered":"https:\/\/novatronicec.com\/?post_type=product&#038;p=15998"},"modified":"2025-03-11T22:08:19","modified_gmt":"2025-03-11T22:08:19","slug":"pilas-1-5v-pkcell-aa-y-aaa","status":"publish","type":"product","link":"https:\/\/novatronicec.com\/index.php\/product\/pilas-1-5v-pkcell-aa-y-aaa\/","title":{"rendered":"PILAS 1.5V PKCELL AA Y AAA"},"content":{"rendered":"<h2>Descripci\u00f3n:<\/h2>\n<p>Las bater\u00edas PKcell 1.5V son adecuadas por su larga vida \u00fatil de 10 a\u00f1os para una amplia gama de aplicaciones, como abridores de puerta, controles remoto, alarmas de carro y dem\u00e1s dispositivos electr\u00f3nicos. Esta bater\u00eda no contiene mercurio, cadmio ni plomo.<\/p>\n<h2>Caracter\u00edsticas:<\/h2>\n<ul>\n<li>Marca: PKcell<\/li>\n<li>Voltaje: 1.5V<\/li>\n<li>Recargable: No<\/li>\n<li>Composici\u00f3n: zinc-carb\u00f3n<\/li>\n<li>Empaque de 4 unidades<\/li>\n<\/ul>\n","protected":false},"excerpt":{"rendered":"<h2>Caracter\u00edsticas:<\/h2>\n<ul>\n<li>Marca: PKcell<\/li>\n<li>Voltaje: 1.5V<\/li>\n<li>Recargable: No<\/li>\n<li>Composici\u00f3n: zinc-carb\u00f3n<\/li>\n<li>Empaque de 4 unidades<\/li>\n<\/ul>\n","protected":false},"featured_media":16001,"template":"","meta":[],"product_brand":[],"product_cat":[1668],"product_tag":[1669,749,1103,1107,1825],"class_list":{"0":"post-15998","1":"product","2":"type-product","3":"status-publish","4":"has-post-thumbnail","6":"product_cat-pilas","7":"product_tag-1-5v","8":"product_tag-aa","9":"product_tag-aaa","10":"product_tag-pila","11":"product_tag-pkcell","13":"first","14":"instock","15":"shipping-taxable","16":"purchasable","17":"product-type-variable"},"_links":{"self":[{"href":"https:\/\/novatronicec.com\/index.php\/wp-json\/wp\/v2\/product\/15998","targetHints":{"allow":["GET"]}}],"collection":[{"href":"https:\/\/novatronicec.com\/index.php\/wp-json\/wp\/v2\/product"}],"about":[{"href":"https:\/\/novatronicec.com\/index.php\/wp-json\/wp\/v2\/types\/product"}],"wp:featuredmedia":[{"embeddable":true,"href":"https:\/\/novatronicec.com\/index.php\/wp-json\/wp\/v2\/media\/16001"}],"wp:attachment":[{"href":"https:\/\/novatronicec.com\/index.php\/wp-json\/wp\/v2\/media?parent=15998"}],"wp:term":[{"taxonomy":"product_brand","embeddable":true,"href":"https:\/\/novatronicec.com\/index.php\/wp-json\/wp\/v2\/product_brand?post=15998"},{"taxonomy":"product_cat","embeddable":true,"href":"https:\/\/novatronicec.com\/index.php\/wp-json\/wp\/v2\/product_cat?post=15998"},{"taxonomy":"product_tag","embeddable":true,"href":"https:\/\/novatronicec.com\/index.php\/wp-json\/wp\/v2\/product_tag?post=15998"}],"curies":[{"name":"wp","href":"https:\/\/api.w.org\/{rel}","templated":true}]}}