{"id":16033,"date":"2025-03-13T17:03:25","date_gmt":"2025-03-13T17:03:25","guid":{"rendered":"https:\/\/novatronicec.com\/?post_type=product&#038;p=16033"},"modified":"2025-03-13T17:03:26","modified_gmt":"2025-03-13T17:03:26","slug":"led-alto-brillo-5mm-rgb-intermitente-rapido-2-pines","status":"publish","type":"product","link":"https:\/\/novatronicec.com\/index.php\/product\/led-alto-brillo-5mm-rgb-intermitente-rapido-2-pines\/","title":{"rendered":"LED ALTO BRILLO 5mm RGB INTERMITENTE RAPIDO (2 PINES)"},"content":{"rendered":"<h2>Descripci\u00f3n:<\/h2>\n<p>Este tipo de led con dos pines, cambia de color de forma autom\u00e1tica con efecto flash y con un patr\u00f3n ya establecido, no puede ser controlado para que funcione siguiendo otro patr\u00f3n o para que cambie a un color deseado.<\/p>\n<p>Este diodo emisor de luz LED es capaz de emitir luz de los 3 colores principales, rojo, verde y azul, a partir de la combinaci\u00f3n de estos 3 colores principales se pueden generar una gran gama de colores. Aunque todos los LED tienen la misma forma y el mismo programa b\u00e1sico, debido a las variables de fabricaci\u00f3n, no se sincronizar\u00e1n entre s\u00ed.<\/p>\n<p>Son Leds bastante brillantes y se difunden muy bien para que puedas ver el cambio de color desde cualquier \u00e1ngulo.<\/p>\n<h2>Caracter\u00edsticas:<\/h2>\n<ul>\n<li>Voltaje de Operaci\u00f3n:\u00a0 \u00a03V &#8211; 3.4V<\/li>\n<li>Corriente:\u00a0\u00a0\u00a020 mA<\/li>\n<li>Corriente Inversa:\u00a0\u00a0\u00a0\u2264 30 \u00b5A<\/li>\n<li>Tama\u00f1o:\u00a0\u00a05mm<\/li>\n<li>Color:\u00a0 \u00a0Multicolor \u2013 Full Color RGB Tri Color destello r\u00e1pido<\/li>\n<li>Intensidad de Luminosidad:\n<ul>\n<li>R:\u00a0 \u00a01000 mcd ~ 1500 mcd<\/li>\n<li>G:\u00a0 \u00a04000 mcd ~ 4500 mcd<\/li>\n<li>B:\u00a0 \u00a02000 mcd ~ 3000 mcd<\/li>\n<\/ul>\n<\/li>\n<li>Longitud de Onda:\n<ul>\n<li>R:\u00a0\u00a0\u00a0630nm ~ 635nm<\/li>\n<li>G:\u00a0 \u00a0525nm ~ 530nm<\/li>\n<li>B:\u00a0 \u00a0465nm ~ 470nm<\/li>\n<\/ul>\n<\/li>\n<li>Angulo de Luminosidad:\u00a0\u00a0\u00a030\u00b0<\/li>\n<\/ul>\n","protected":false},"excerpt":{"rendered":"<h2>Caracter\u00edsticas:<\/h2>\n<ul>\n<li>Voltaje de Operaci\u00f3n:\u00a0 \u00a03V &#8211; 3.4V<\/li>\n<li>Corriente:\u00a0\u00a0\u00a020 mA<\/li>\n<li>Corriente Inversa:\u00a0\u00a0\u00a0\u2264 30 \u00b5A<\/li>\n<li>Tama\u00f1o:\u00a0\u00a05mm<\/li>\n<li>Color:\u00a0 \u00a0Multicolor \u2013 Full Color RGB Tri Color destello r\u00e1pido<\/li>\n<li>Intensidad de Luminosidad:\n<ul>\n<li>R:\u00a0 \u00a01000 mcd ~ 1500 mcd<\/li>\n<li>G:\u00a0 \u00a04000 mcd ~ 4500 mcd<\/li>\n<li>B:\u00a0 \u00a02000 mcd ~ 3000 mcd<\/li>\n<\/ul>\n<\/li>\n<li>Longitud de Onda:\n<ul>\n<li>R:\u00a0\u00a0\u00a0630nm ~ 635nm<\/li>\n<li>G:\u00a0 \u00a0525nm ~ 530nm<\/li>\n<li>B:\u00a0 \u00a0465nm ~ 470nm<\/li>\n<\/ul>\n<\/li>\n<li>Angulo de Luminosidad:\u00a0\u00a0\u00a030\u00b0<\/li>\n<\/ul>\n","protected":false},"featured_media":16034,"template":"","meta":[],"product_brand":[],"product_cat":[86],"product_tag":[714,439,437,238,870,173],"class_list":{"0":"post-16033","1":"product","2":"type-product","3":"status-publish","4":"has-post-thumbnail","6":"product_cat-electronica","7":"product_tag-5mm","8":"product_tag-diodo","9":"product_tag-led","10":"product_tag-luz","11":"product_tag-multicolor","12":"product_tag-rgb","14":"first","15":"instock","16":"shipping-taxable","17":"purchasable","18":"product-type-simple"},"_links":{"self":[{"href":"https:\/\/novatronicec.com\/index.php\/wp-json\/wp\/v2\/product\/16033","targetHints":{"allow":["GET"]}}],"collection":[{"href":"https:\/\/novatronicec.com\/index.php\/wp-json\/wp\/v2\/product"}],"about":[{"href":"https:\/\/novatronicec.com\/index.php\/wp-json\/wp\/v2\/types\/product"}],"wp:featuredmedia":[{"embeddable":true,"href":"https:\/\/novatronicec.com\/index.php\/wp-json\/wp\/v2\/media\/16034"}],"wp:attachment":[{"href":"https:\/\/novatronicec.com\/index.php\/wp-json\/wp\/v2\/media?parent=16033"}],"wp:term":[{"taxonomy":"product_brand","embeddable":true,"href":"https:\/\/novatronicec.com\/index.php\/wp-json\/wp\/v2\/product_brand?post=16033"},{"taxonomy":"product_cat","embeddable":true,"href":"https:\/\/novatronicec.com\/index.php\/wp-json\/wp\/v2\/product_cat?post=16033"},{"taxonomy":"product_tag","embeddable":true,"href":"https:\/\/novatronicec.com\/index.php\/wp-json\/wp\/v2\/product_tag?post=16033"}],"curies":[{"name":"wp","href":"https:\/\/api.w.org\/{rel}","templated":true}]}}