{"id":16045,"date":"2025-03-13T20:47:37","date_gmt":"2025-03-13T20:47:37","guid":{"rendered":"https:\/\/novatronicec.com\/?post_type=product&#038;p=16045"},"modified":"2025-03-13T20:47:37","modified_gmt":"2025-03-13T20:47:37","slug":"modulo-led-rgb-smd-ky-009","status":"publish","type":"product","link":"https:\/\/novatronicec.com\/index.php\/product\/modulo-led-rgb-smd-ky-009\/","title":{"rendered":"M\u00f3dulo LED RGB SMD KY-009"},"content":{"rendered":"<div align=\"justify\">\n<h2>Descripci\u00f3n:<\/h2>\n<p>El m\u00f3dulo KY-009 es un Led SMD que tiene los 3 colores primarios (Azul,\u00a0Verde,\u00a0Rojo), los cuales, con la programaci\u00f3n adecuada permiten generar m\u00e1s colores. El m\u00f3dulo KY-009 se pueden conectar a un Arduino,ESP8266 o microcontrolador.<\/p>\n<p>Este m\u00f3dulo se utiliza para indicar estados, iluminar o simple decoraci\u00f3n; ya que se puede controlar varios efectos de iluminaci\u00f3n juntando los colores primarios.<\/p>\n<\/div>\n<h2><strong>Caracter\u00edsticas:<\/strong><\/h2>\n<ul>\n<li>Voltaje de Funcionamiento: 5 V<\/li>\n<li>Corriente alimentaci\u00f3n: 30mA a 60 mA DC<\/li>\n<li>Consumo de energ\u00eda: 90 mW<\/li>\n<li>Temperatura de funcionamiento: -25 \u00b0C a 80 \u00b0C<\/li>\n<li>Dimensiones: 18.5 mm x 15 mm<\/li>\n<li>Peso: 2 g<\/li>\n<li>Utiliza el 5050 SMD, LED de 3 colores con corriente m\u00e1xima de 20 mA<\/li>\n<\/ul>\n","protected":false},"excerpt":{"rendered":"<h2><strong>Caracter\u00edsticas:<\/strong><\/h2>\n<ul>\n<li>Voltaje de Funcionamiento: 5 V<\/li>\n<li>Corriente alimentaci\u00f3n: 30mA a 60 mA DC<\/li>\n<li>Consumo de energ\u00eda: 90 mW<\/li>\n<li>Temperatura de funcionamiento: -25 \u00b0C a 80 \u00b0C<\/li>\n<li>Dimensiones: 18.5 mm x 15 mm<\/li>\n<li>Peso: 2 g<\/li>\n<li>Utiliza el 5050 SMD, LED de 3 colores con corriente m\u00e1xima de 20 mA<\/li>\n<\/ul>\n","protected":false},"featured_media":16048,"template":"","meta":[],"product_brand":[],"product_cat":[86],"product_tag":[1842,1843,1844,173,1845],"class_list":{"0":"post-16045","1":"product","2":"type-product","3":"status-publish","4":"has-post-thumbnail","6":"product_cat-electronica","7":"product_tag-1842","8":"product_tag-ky009","9":"product_tag-modulo-led-rgb","10":"product_tag-rgb","11":"product_tag-smd-led","13":"first","14":"instock","15":"shipping-taxable","16":"purchasable","17":"product-type-simple"},"_links":{"self":[{"href":"https:\/\/novatronicec.com\/index.php\/wp-json\/wp\/v2\/product\/16045","targetHints":{"allow":["GET"]}}],"collection":[{"href":"https:\/\/novatronicec.com\/index.php\/wp-json\/wp\/v2\/product"}],"about":[{"href":"https:\/\/novatronicec.com\/index.php\/wp-json\/wp\/v2\/types\/product"}],"wp:featuredmedia":[{"embeddable":true,"href":"https:\/\/novatronicec.com\/index.php\/wp-json\/wp\/v2\/media\/16048"}],"wp:attachment":[{"href":"https:\/\/novatronicec.com\/index.php\/wp-json\/wp\/v2\/media?parent=16045"}],"wp:term":[{"taxonomy":"product_brand","embeddable":true,"href":"https:\/\/novatronicec.com\/index.php\/wp-json\/wp\/v2\/product_brand?post=16045"},{"taxonomy":"product_cat","embeddable":true,"href":"https:\/\/novatronicec.com\/index.php\/wp-json\/wp\/v2\/product_cat?post=16045"},{"taxonomy":"product_tag","embeddable":true,"href":"https:\/\/novatronicec.com\/index.php\/wp-json\/wp\/v2\/product_tag?post=16045"}],"curies":[{"name":"wp","href":"https:\/\/api.w.org\/{rel}","templated":true}]}}