{"id":16067,"date":"2025-03-14T17:20:37","date_gmt":"2025-03-14T17:20:37","guid":{"rendered":"https:\/\/novatronicec.com\/?post_type=product&#038;p=16067"},"modified":"2025-03-14T17:20:38","modified_gmt":"2025-03-14T17:20:38","slug":"cd4013-flip-flop-tipo-d","status":"publish","type":"product","link":"https:\/\/novatronicec.com\/index.php\/product\/cd4013-flip-flop-tipo-d\/","title":{"rendered":"CD4013 Flip flop Tipo D"},"content":{"rendered":"<h2>Descripci\u00f3n:<\/h2>\n<p>CD4013BE Flip Flop tipo D es un circuito integrado CMOS con encapsulado DIP-14 que se compone por 2 Flip Flop independientes, cada uno cuenta con entradas de datos, configuraci\u00f3n, reinicio y reloj, as\u00ed como salidas Q y Q\\. Estos dispositivos se pueden utilizar en aplicaciones de registro de desplazamiento y aplicaciones de conteo y conmutaci\u00f3n (conectando la salida Q\\ a la entrada de datos). El nivel l\u00f3gico presente en la entrada D se transfiere a la salida Q durante la transici\u00f3n positiva del impulso de reloj. La configuraci\u00f3n y el reinicio son independientes del reloj y se realizan mediante un nivel elevado en la l\u00ednea de ajuste o reinicio, respectivamente.<\/p>\n<h2><strong>Caracter\u00edsticas:<\/strong><\/h2>\n<ul>\n<li>Funci\u00f3n l\u00f3gica: Flip-Flop<\/li>\n<li>Tipo de Flip-Flop: D<\/li>\n<li>Funci\u00f3n: CMOS<\/li>\n<li>N\u00famero canales: 2<\/li>\n<li>Color: Negro<\/li>\n<li>Encapsulado: DIP-14<\/li>\n<li>Pines: 14<\/li>\n<li>Montaje: THT<\/li>\n<li>Voltaje de alimentaci\u00f3n: MIN. \u00a03V &#8211; M\u00c1X. 18V<\/li>\n<li>Retardo de propagaci\u00f3n: 45ns<\/li>\n<li>Frecuencia m\u00e1xima: 12MHz<\/li>\n<li>Corriente de salida: 6.8mA<\/li>\n<\/ul>\n","protected":false},"excerpt":{"rendered":"<h2><strong>Caracter\u00edsticas:<\/strong><\/h2>\n<ul>\n<li>Funci\u00f3n l\u00f3gica: Flip-Flop<\/li>\n<li>Tipo de Flip-Flop: D<\/li>\n<li>Funci\u00f3n: CMOS<\/li>\n<li>N\u00famero canales: 2<\/li>\n<li>Color: Negro<\/li>\n<li>Encapsulado: DIP-14<\/li>\n<li>Pines: 14<\/li>\n<li>Montaje: THT<\/li>\n<li>Voltaje de alimentaci\u00f3n: MIN. \u00a03V &#8211; M\u00c1X. 18V<\/li>\n<li>Retardo de propagaci\u00f3n: 45ns<\/li>\n<li>Frecuencia m\u00e1xima: 12MHz<\/li>\n<li>Corriente de salida: 6.8mA<\/li>\n<\/ul>\n","protected":false},"featured_media":16068,"template":"","meta":[],"product_brand":[],"product_cat":[1592,86],"product_tag":[1853,526,1851,1829,1852,1848],"class_list":{"0":"post-16067","1":"product","2":"type-product","3":"status-publish","4":"has-post-thumbnail","6":"product_cat-compuertas-logicas","7":"product_cat-electronica","8":"product_tag-1853","9":"product_tag-circuito-integrado","10":"product_tag-cmos","11":"product_tag-compuerta-logica","12":"product_tag-flip-flops","13":"product_tag-integrado","15":"first","16":"instock","17":"shipping-taxable","18":"purchasable","19":"product-type-simple"},"_links":{"self":[{"href":"https:\/\/novatronicec.com\/index.php\/wp-json\/wp\/v2\/product\/16067","targetHints":{"allow":["GET"]}}],"collection":[{"href":"https:\/\/novatronicec.com\/index.php\/wp-json\/wp\/v2\/product"}],"about":[{"href":"https:\/\/novatronicec.com\/index.php\/wp-json\/wp\/v2\/types\/product"}],"wp:featuredmedia":[{"embeddable":true,"href":"https:\/\/novatronicec.com\/index.php\/wp-json\/wp\/v2\/media\/16068"}],"wp:attachment":[{"href":"https:\/\/novatronicec.com\/index.php\/wp-json\/wp\/v2\/media?parent=16067"}],"wp:term":[{"taxonomy":"product_brand","embeddable":true,"href":"https:\/\/novatronicec.com\/index.php\/wp-json\/wp\/v2\/product_brand?post=16067"},{"taxonomy":"product_cat","embeddable":true,"href":"https:\/\/novatronicec.com\/index.php\/wp-json\/wp\/v2\/product_cat?post=16067"},{"taxonomy":"product_tag","embeddable":true,"href":"https:\/\/novatronicec.com\/index.php\/wp-json\/wp\/v2\/product_tag?post=16067"}],"curies":[{"name":"wp","href":"https:\/\/api.w.org\/{rel}","templated":true}]}}