{"id":16077,"date":"2025-03-14T20:06:37","date_gmt":"2025-03-14T20:06:37","guid":{"rendered":"https:\/\/novatronicec.com\/?post_type=product&#038;p=16077"},"modified":"2025-03-14T20:08:25","modified_gmt":"2025-03-14T20:08:25","slug":"cd4017be-decodificador-10-salidas","status":"publish","type":"product","link":"https:\/\/novatronicec.com\/index.php\/product\/cd4017be-decodificador-10-salidas\/","title":{"rendered":"CD4017BE Decodificador 10 salidas"},"content":{"rendered":"<h2>Descripci\u00f3n:<\/h2>\n<p>Se trata de un contador\/divisor o decodificador\u00a0con 10 salidas. Estructuralmente est\u00e1 formado por un contador Johnson de 5 etapas que puede dividir o contar por cualquier valor entre 2 y 9, con recursos para continuar o detenerse al final del ciclo, est\u00e1\u00a0basado en tecnolog\u00eda\u00a0CMOS.<\/p>\n<p>Cuenta con 16 pines en total de los cuales, la alimentaci\u00f3n del circuito integrado se hace por medio del pin 16 y debido a su tecnolog\u00eda CMOS, puede ser alimentado desde 3 a unos 18 voltios de corriente continua.<\/p>\n<p>Es utilizado muchas veces como\u00a0secuenciador de luces\u00a0y divisor de bajas frecuencias. Se puede adquirir por un costo muy bajo, esto\u00a0lo hace ideal para poder realizar proyectos nada costosos o realizar pruebas y experimentos caseros.<\/p>\n<h2>Caracter\u00edsticas:<\/h2>\n<ul id=\"result_box\" class=\"hps\" lang=\"es\">\n<li><span class=\"hps\">Tipo: CMOS<\/span><\/li>\n<li><span class=\"hps\">Familia: CD4000<\/span><\/li>\n<li><span class=\"hps\">Tipo contador:\u00a0 D\u00e9cada\/Divisor<\/span><\/li>\n<li><span class=\"hps\"><span id=\"result_box\" class=\"\" lang=\"es\">Frecuencia del reloj:\u00a011 MHz<\/span><\/span><\/li>\n<li><span class=\"hps\"><span class=\"\" lang=\"es\"><span id=\"result_box\" class=\"\" lang=\"es\">Tensi\u00f3n de alimentaci\u00f3n m\u00ednima: 3 V<\/span><\/span><\/span><\/li>\n<li><span class=\"hps\"><span class=\"\" lang=\"es\"><span id=\"result_box\" class=\"\" lang=\"es\">Tensi\u00f3n de alimentaci\u00f3n m\u00e1xima: 18 V<\/span><\/span><\/span><\/li>\n<li><span class=\"hps\"><span id=\"result_box\" class=\"\" lang=\"es\">Temperatura de funcionamiento m\u00ednima: -55 \u00b0 C<\/span><\/span><\/li>\n<li><span class=\"hps\"><span id=\"result_box\" class=\"\" lang=\"es\">Temperatura de funcionamiento m\u00e1xima: 125 \u00b0 C<\/span><\/span><\/li>\n<li>Encapsulado: DIP<\/li>\n<li>N\u00famero de pines: 16<\/li>\n<\/ul>\n","protected":false},"excerpt":{"rendered":"<h2>Caracter\u00edsticas:<\/h2>\n<ul id=\"result_box\" class=\"hps\" lang=\"es\">\n<li><span class=\"hps\">Tipo: CMOS<\/span><\/li>\n<li><span class=\"hps\">Familia: CD4000<\/span><\/li>\n<li><span class=\"hps\">Tipo contador:\u00a0 D\u00e9cada\/Divisor<\/span><\/li>\n<li><span class=\"hps\"><span id=\"result_box\" class=\"\" lang=\"es\">Frecuencia del reloj:\u00a011 MHz<\/span><\/span><\/li>\n<li><span class=\"hps\"><span class=\"\" lang=\"es\"><span id=\"result_box\" class=\"\" lang=\"es\">Tensi\u00f3n de alimentaci\u00f3n m\u00ednima: 3 V<\/span><\/span><\/span><\/li>\n<li><span class=\"hps\"><span class=\"\" lang=\"es\"><span id=\"result_box\" class=\"\" lang=\"es\">Tensi\u00f3n de alimentaci\u00f3n m\u00e1xima: 18 V<\/span><\/span><\/span><\/li>\n<li><span class=\"hps\"><span id=\"result_box\" class=\"\" lang=\"es\">Temperatura de funcionamiento m\u00ednima: -55 \u00b0 C<\/span><\/span><\/li>\n<li><span class=\"hps\"><span id=\"result_box\" class=\"\" lang=\"es\">Temperatura de funcionamiento m\u00e1xima: 125 \u00b0 C<\/span><\/span><\/li>\n<li>Encapsulado: DIP<\/li>\n<li>N\u00famero de pines: 16<\/li>\n<\/ul>\n","protected":false},"featured_media":16078,"template":"","meta":[],"product_brand":[],"product_cat":[1592,86],"product_tag":[1858,526,1851,1859,1848],"class_list":{"0":"post-16077","1":"product","2":"type-product","3":"status-publish","4":"has-post-thumbnail","6":"product_cat-compuertas-logicas","7":"product_cat-electronica","8":"product_tag-1858","9":"product_tag-circuito-integrado","10":"product_tag-cmos","11":"product_tag-contador","12":"product_tag-integrado","14":"first","15":"instock","16":"shipping-taxable","17":"purchasable","18":"product-type-simple"},"_links":{"self":[{"href":"https:\/\/novatronicec.com\/index.php\/wp-json\/wp\/v2\/product\/16077","targetHints":{"allow":["GET"]}}],"collection":[{"href":"https:\/\/novatronicec.com\/index.php\/wp-json\/wp\/v2\/product"}],"about":[{"href":"https:\/\/novatronicec.com\/index.php\/wp-json\/wp\/v2\/types\/product"}],"wp:featuredmedia":[{"embeddable":true,"href":"https:\/\/novatronicec.com\/index.php\/wp-json\/wp\/v2\/media\/16078"}],"wp:attachment":[{"href":"https:\/\/novatronicec.com\/index.php\/wp-json\/wp\/v2\/media?parent=16077"}],"wp:term":[{"taxonomy":"product_brand","embeddable":true,"href":"https:\/\/novatronicec.com\/index.php\/wp-json\/wp\/v2\/product_brand?post=16077"},{"taxonomy":"product_cat","embeddable":true,"href":"https:\/\/novatronicec.com\/index.php\/wp-json\/wp\/v2\/product_cat?post=16077"},{"taxonomy":"product_tag","embeddable":true,"href":"https:\/\/novatronicec.com\/index.php\/wp-json\/wp\/v2\/product_tag?post=16077"}],"curies":[{"name":"wp","href":"https:\/\/api.w.org\/{rel}","templated":true}]}}