{"id":16115,"date":"2025-03-18T16:42:08","date_gmt":"2025-03-18T16:42:08","guid":{"rendered":"https:\/\/novatronicec.com\/?post_type=product&#038;p=16115"},"modified":"2025-11-13T21:13:09","modified_gmt":"2025-11-13T21:13:09","slug":"lcd-2004-backlight-azul-204","status":"publish","type":"product","link":"https:\/\/novatronicec.com\/index.php\/product\/lcd-2004-backlight-azul-204\/","title":{"rendered":"LCD 2004 Backlight azul 20*4"},"content":{"rendered":"<h2>Descripci\u00f3n:<\/h2>\n<p>Display LCD de 20 columnas y 4 filas con retroiluminaci\u00f3n color Azul. Ampliamente usada en proyectos electr\u00f3nicos en donde es necesario mostrar datos o crear men\u00fas para usuarios. Compatible con cualquier plataforma de desarrollo electr\u00f3nica que cuenta con al menos 6 E\/S Digitales como microcontroladores o tarjetas Arduino.<\/p>\n<h2>Caracter\u00edsticas:<\/h2>\n<ul>\n<li>Integrado: HD44780<\/li>\n<li>Alimentaci\u00f3n: 5 VDC<\/li>\n<li>Retroiluminaci\u00f3n: Color Azul<\/li>\n<li>Formato: 20&#215;4 (20 caracteres x 4 l\u00edneas)<\/li>\n<li>Color del car\u00e1cter: Blanco<\/li>\n<li>Temperatura de operaci\u00f3n: -10 \u00baC a 60 \u00baC<\/li>\n<li>Dimensiones: 98x60x12 mm<\/li>\n<li>Peso: 60g<\/li>\n<\/ul>\n","protected":false},"excerpt":{"rendered":"<h2>Caracter\u00edsticas:<\/h2>\n<ul>\n<li>Integrado: HD44780<\/li>\n<li>Alimentaci\u00f3n: 5 VDC<\/li>\n<li>Retroiluminaci\u00f3n: Color Azul<\/li>\n<li>Formato: 20&#215;4 (20 caracteres x 4 l\u00edneas)<\/li>\n<li>Color del car\u00e1cter: Blanco<\/li>\n<li>Temperatura de operaci\u00f3n: -10 \u00baC a 60 \u00baC<\/li>\n<li>Dimensiones: 98x60x12 mm<\/li>\n<li>Peso: 60g<\/li>\n<\/ul>\n","protected":false},"featured_media":16116,"template":"","meta":[],"product_brand":[],"product_cat":[86,44],"product_tag":[204,981,1880,88,1881,995],"class_list":{"0":"post-16115","1":"product","2":"type-product","3":"status-publish","4":"has-post-thumbnail","6":"product_cat-electronica","7":"product_cat-pantallas-y-lcds","8":"product_tag-204","9":"product_tag-20x4","10":"product_tag-alfanumerico","11":"product_tag-arduino","12":"product_tag-backlight","13":"product_tag-display","15":"first","16":"outofstock","17":"shipping-taxable","18":"purchasable","19":"product-type-simple"},"_links":{"self":[{"href":"https:\/\/novatronicec.com\/index.php\/wp-json\/wp\/v2\/product\/16115","targetHints":{"allow":["GET"]}}],"collection":[{"href":"https:\/\/novatronicec.com\/index.php\/wp-json\/wp\/v2\/product"}],"about":[{"href":"https:\/\/novatronicec.com\/index.php\/wp-json\/wp\/v2\/types\/product"}],"wp:featuredmedia":[{"embeddable":true,"href":"https:\/\/novatronicec.com\/index.php\/wp-json\/wp\/v2\/media\/16116"}],"wp:attachment":[{"href":"https:\/\/novatronicec.com\/index.php\/wp-json\/wp\/v2\/media?parent=16115"}],"wp:term":[{"taxonomy":"product_brand","embeddable":true,"href":"https:\/\/novatronicec.com\/index.php\/wp-json\/wp\/v2\/product_brand?post=16115"},{"taxonomy":"product_cat","embeddable":true,"href":"https:\/\/novatronicec.com\/index.php\/wp-json\/wp\/v2\/product_cat?post=16115"},{"taxonomy":"product_tag","embeddable":true,"href":"https:\/\/novatronicec.com\/index.php\/wp-json\/wp\/v2\/product_tag?post=16115"}],"curies":[{"name":"wp","href":"https:\/\/api.w.org\/{rel}","templated":true}]}}