{"id":16120,"date":"2025-03-18T17:59:18","date_gmt":"2025-03-18T17:59:18","guid":{"rendered":"https:\/\/novatronicec.com\/?post_type=product&#038;p=16120"},"modified":"2025-03-18T17:59:20","modified_gmt":"2025-03-18T17:59:20","slug":"modulo-reductor-de-voltaje-12a-300w-xl4016-ajustable","status":"publish","type":"product","link":"https:\/\/novatronicec.com\/index.php\/product\/modulo-reductor-de-voltaje-12a-300w-xl4016-ajustable\/","title":{"rendered":"M\u00d3DULO REDUCTOR DE VOLTAJE 12A 300W XL4016 AJUSTABLE"},"content":{"rendered":"<h2>Descripci\u00f3n:<\/h2>\n<p>El XL4016 Modulo Regulador Step Down es un regulador de voltaje de tipo conmutado reductor (Step-Down o Buck) obteniendo un voltaje de salida entre 0.8V a 28V y capaz de manejar una carga hasta de 12A, cuando se emplee para una corriente superior a 5A es recomendable adicionar ventilador. El m\u00f3dulo reduce al m\u00ednimo el uso de componentes externos para simplificar el dise\u00f1o de fuentes de alimentaci\u00f3n.<\/p>\n<p>Cuenta con protecci\u00f3n limitadora de corriente, de sobre-temperatura (apangando el sistema) y corto circuito; no cuenta con protecci\u00f3n frente a inversi\u00f3n de polaridad.<\/p>\n<p>\u00datil para obtener un voltaje regulado a partir de una fuente con un voltaje mayor obteniendo una \u00a0alta eficiencia de conversi\u00f3n, excelente regulaci\u00f3n de l\u00ednea y bajo voltaje de rizado para control de led de potencia, juguetes, motores, carga de bater\u00edas (6V, 12V, 14V, 24V), sistema de alimentaci\u00f3n regulada.<\/p>\n<h2>Caracter\u00edsticas:<\/h2>\n<ul>\n<li>Voltaje de entrada:\u00a0DC 7-32V<\/li>\n<li>Voltaje de salida:\u00a0DC 0.8-28V (ajustable)<\/li>\n<li>Corriente de salida:\u00a012A MAX<\/li>\n<li>Rango de corriente constante: 0,2-12 A (ajustable)<\/li>\n<li>Potencia de salida: potencia m\u00e1xima alrededor de 300 W<\/li>\n<li>Eficiencia de conversi\u00f3n: hasta aproximadamente el 95%<\/li>\n<li>Temperatura : Grado industrial (-40 \u00b0C a +85 \u00b0C)<\/li>\n<li>Regulaci\u00f3n de carga : \u00b1 1% (voltaje constante)<\/li>\n<li>Regulaci\u00f3n de voltaje: \u00b1 1%<\/li>\n<li>Velocidad de respuesta din\u00e1mica: 5% 200uS<\/li>\n<li>Tama\u00f1o: alrededor de 65*47*23,5mm<\/li>\n<\/ul>\n","protected":false},"excerpt":{"rendered":"<h2>Caracter\u00edsticas:<\/h2>\n<ul>\n<li>Voltaje de entrada:\u00a0DC 7-32V<\/li>\n<li>Voltaje de salida:\u00a0DC 0.8-28V (ajustable)<\/li>\n<li>Corriente de salida:\u00a012A MAX<\/li>\n<li>Rango de corriente constante: 0,2-12 A (ajustable)<\/li>\n<li>Potencia de salida: potencia m\u00e1xima alrededor de 300 W<\/li>\n<li>Eficiencia de conversi\u00f3n: hasta aproximadamente el 95%<\/li>\n<li>Temperatura : Grado industrial (-40 \u00b0C a +85 \u00b0C)<\/li>\n<li>Regulaci\u00f3n de carga : \u00b1 1% (voltaje constante)<\/li>\n<li>Regulaci\u00f3n de voltaje: \u00b1 1%<\/li>\n<li>Velocidad de respuesta din\u00e1mica: 5% 200uS<\/li>\n<li>Tama\u00f1o: alrededor de 65*47*23,5mm<\/li>\n<\/ul>\n","protected":false},"featured_media":16124,"template":"","meta":[],"product_brand":[],"product_cat":[128,86,46],"product_tag":[1813,431,428,1145,328,1882],"class_list":{"0":"post-16120","1":"product","2":"type-product","3":"status-publish","4":"has-post-thumbnail","6":"product_cat-baterias","7":"product_cat-electronica","8":"product_cat-fuentes-y-adaptadores-de-voltaje","9":"product_tag-buck","10":"product_tag-cargador","11":"product_tag-fuente","12":"product_tag-reductor","13":"product_tag-regulador-de-voltaje","14":"product_tag-stepdown","16":"first","17":"instock","18":"shipping-taxable","19":"purchasable","20":"product-type-simple"},"_links":{"self":[{"href":"https:\/\/novatronicec.com\/index.php\/wp-json\/wp\/v2\/product\/16120","targetHints":{"allow":["GET"]}}],"collection":[{"href":"https:\/\/novatronicec.com\/index.php\/wp-json\/wp\/v2\/product"}],"about":[{"href":"https:\/\/novatronicec.com\/index.php\/wp-json\/wp\/v2\/types\/product"}],"wp:featuredmedia":[{"embeddable":true,"href":"https:\/\/novatronicec.com\/index.php\/wp-json\/wp\/v2\/media\/16124"}],"wp:attachment":[{"href":"https:\/\/novatronicec.com\/index.php\/wp-json\/wp\/v2\/media?parent=16120"}],"wp:term":[{"taxonomy":"product_brand","embeddable":true,"href":"https:\/\/novatronicec.com\/index.php\/wp-json\/wp\/v2\/product_brand?post=16120"},{"taxonomy":"product_cat","embeddable":true,"href":"https:\/\/novatronicec.com\/index.php\/wp-json\/wp\/v2\/product_cat?post=16120"},{"taxonomy":"product_tag","embeddable":true,"href":"https:\/\/novatronicec.com\/index.php\/wp-json\/wp\/v2\/product_tag?post=16120"}],"curies":[{"name":"wp","href":"https:\/\/api.w.org\/{rel}","templated":true}]}}