{"id":16163,"date":"2025-04-02T21:43:18","date_gmt":"2025-04-02T21:43:18","guid":{"rendered":"https:\/\/novatronicec.com\/?post_type=product&#038;p=16163"},"modified":"2025-04-02T21:49:49","modified_gmt":"2025-04-02T21:49:49","slug":"micromotor-dc12v-n20-50rpm-10001","status":"publish","type":"product","link":"https:\/\/novatronicec.com\/index.php\/product\/micromotor-dc12v-n20-50rpm-10001\/","title":{"rendered":"Micromotor DC12V N20 50rpm 1000:1"},"content":{"rendered":"<h3>Descripci\u00f3n:<\/h3>\n<p>El Motorreductor DC N20 es un dispositivo el\u00e9ctrico que combina un motor de corriente continua (DC) con un reductor de velocidad, tambi\u00e9n conocido como caja de engranajes. El cual est\u00e1 disponible en diferentes voltajes y RPM. Se utiliza en una amplia variedad de aplicaciones, incluyendo robots, veh\u00edculos teledirigidos y muchos otros dispositivos que requieren un movimiento controlado y potente.<\/p>\n<h3>Caracter\u00edsticas:<\/h3>\n<ul>\n<li>Voltaje de Operaci\u00f3n: 6 &#8211; 12V<\/li>\n<li>Corriente sin carga: 35 mA<\/li>\n<li>Corriente nominal: 120 mA<\/li>\n<li>Corriente con eje detenido: 360 mA<\/li>\n<li>Velocidad Angular sin carga: 50RPM<\/li>\n<li>Velocidad Angular nominal: 30 RPM<\/li>\n<li>Torque nominal: 0.6 Kg.cm<\/li>\n<li>Eje de salida: 3mm di\u00e1metro y 12mm largo<\/li>\n<li>Peso: 40g<\/li>\n<\/ul>\n","protected":false},"excerpt":{"rendered":"<h3>Caracter\u00edsticas:<\/h3>\n<ul>\n<li>Voltaje de Operaci\u00f3n nominal: 6 &#8211; 12V<\/li>\n<li>Corriente sin carga: 35 mA<\/li>\n<li>Corriente nominal: 120 mA<\/li>\n<li>Corriente con eje detenido: 360 mA<\/li>\n<li>Velocidad Angular sin carga: 50RPM<\/li>\n<li>Velocidad Angular nominal: 30 RPM<\/li>\n<li>Torque nominal: 0.6 Kg.cm<\/li>\n<li>Eje de salida: 3mm di\u00e1metro y 12mm largo<\/li>\n<li>Peso: 40g<\/li>\n<\/ul>\n","protected":false},"featured_media":16164,"template":"","meta":[],"product_brand":[],"product_cat":[86,68,43,69],"product_tag":[177,181,141],"class_list":{"0":"post-16163","1":"product","2":"type-product","3":"status-publish","4":"has-post-thumbnail","6":"product_cat-electronica","7":"product_cat-llantas","8":"product_cat-motores-y-actuadores","9":"product_cat-robotica","10":"product_tag-micromotor","11":"product_tag-motor-caja-reductora","12":"product_tag-motor-dc","14":"first","15":"instock","16":"shipping-taxable","17":"purchasable","18":"product-type-simple"},"_links":{"self":[{"href":"https:\/\/novatronicec.com\/index.php\/wp-json\/wp\/v2\/product\/16163","targetHints":{"allow":["GET"]}}],"collection":[{"href":"https:\/\/novatronicec.com\/index.php\/wp-json\/wp\/v2\/product"}],"about":[{"href":"https:\/\/novatronicec.com\/index.php\/wp-json\/wp\/v2\/types\/product"}],"wp:featuredmedia":[{"embeddable":true,"href":"https:\/\/novatronicec.com\/index.php\/wp-json\/wp\/v2\/media\/16164"}],"wp:attachment":[{"href":"https:\/\/novatronicec.com\/index.php\/wp-json\/wp\/v2\/media?parent=16163"}],"wp:term":[{"taxonomy":"product_brand","embeddable":true,"href":"https:\/\/novatronicec.com\/index.php\/wp-json\/wp\/v2\/product_brand?post=16163"},{"taxonomy":"product_cat","embeddable":true,"href":"https:\/\/novatronicec.com\/index.php\/wp-json\/wp\/v2\/product_cat?post=16163"},{"taxonomy":"product_tag","embeddable":true,"href":"https:\/\/novatronicec.com\/index.php\/wp-json\/wp\/v2\/product_tag?post=16163"}],"curies":[{"name":"wp","href":"https:\/\/api.w.org\/{rel}","templated":true}]}}