{"id":16299,"date":"2025-04-28T22:36:30","date_gmt":"2025-04-28T22:36:30","guid":{"rendered":"https:\/\/novatronicec.com\/?post_type=product&#038;p=16299"},"modified":"2025-11-25T21:58:57","modified_gmt":"2025-11-25T21:58:57","slug":"pantalla-nextion-nx8048t070_011-7-inch","status":"publish","type":"product","link":"https:\/\/novatronicec.com\/index.php\/product\/pantalla-nextion-nx8048t070_011-7-inch\/","title":{"rendered":"Pantalla Nextion NX8048T070_011 7 inch"},"content":{"rendered":"<h3>Descripci\u00f3n:<\/h3>\n<p>La Pantalla Nextion NX8048T070 es una soluci\u00f3n perfecta de interfaz hombre-m\u00e1quina (HMI) ya que cuenta con una interfaz de control y visualizaci\u00f3n entre un ser humano y un proceso, m\u00e1quina, aplicaci\u00f3n o dispositivo t\u00e1ctil resistivo de 4 hilos, memoria Flash 16MB y comunicaci\u00f3n por puerto serial.<\/p>\n<p>Nextion se aplica principalmente al IoT o al campo de la electr\u00f3nica de consumo. Es la mejor soluci\u00f3n para reemplazar el tradicional tubo LCD y LED. Compatible con Raspberry Pi A +, B + y Raspberry Pi 2, Arduino.<\/p>\n<p>Con el software\u00a0<strong><a href=\"https:\/\/nextion.tech\/nextion-editor\/\" target=\"_blank\" rel=\"noopener\">Nextion Editor<\/a><\/strong>\u00a0, los usuarios pueden crear y dise\u00f1ar sus propias interfaces para la pantalla Nextion.<\/p>\n<h3>Caracter\u00edsticas:<\/h3>\n<ul>\n<li>Marca: Nextion<\/li>\n<li>Voltaje de Operaci\u00f3n: 4.75V (m\u00edn.), 5V (t\u00edpico) y 7V(m\u00e1x.)<\/li>\n<li>Corriente de Operaci\u00f3n:\n<ul>\n<li>100% de brillo: 510mA<\/li>\n<li>Modo Sleep: 15 mA<\/li>\n<\/ul>\n<\/li>\n<li>Dimensiones: 181 mm x 108 mm<\/li>\n<li>Resoluci\u00f3n: 800\u00d7480 pixeles<\/li>\n<li>Color: 16 bit 565, 64K , 65536 colores<\/li>\n<li>Memoria Flash: 16 MB<\/li>\n<li>Memoria RAM: 3584 byte<\/li>\n<li>Interfaz : 4 pines (+ 5V, TX, RX, GND)<\/li>\n<li>Puerto Serial: TTL<\/li>\n<li>Interfaz USB: No<\/li>\n<li>Puerto SD: Si, Formato FAT32 , Micro SD 32G m\u00e1ximo<\/li>\n<li>Temperatura de Trabajo: -20\u00b0C a 70\u00b0C<\/li>\n<\/ul>\n<p>Fuente de alimentaci\u00f3n recomendada: 5V, 2A, DC<\/p>\n<h3>Recursos:<\/h3>\n<ul>\n<li><a href=\"https:\/\/nextion.tech\/datasheets\/nx8048t070\/\" target=\"_blank\" rel=\"noopener\"><strong>Datasheet Nextion 7\u2033 NX8048T070<\/strong><\/a><\/li>\n<li><a href=\"https:\/\/cdn.nextion.tech\/wp-content\/uploads\/2017\/09\/7.0_Nextion_Dimension.pdf\" target=\"_blank\" rel=\"noopener\"><strong>Dimensiones<\/strong><\/a><\/li>\n<li><a href=\"https:\/\/nextion.tech\/editor_guide\/\" target=\"_blank\" rel=\"noopener\"><strong>Interfaz Nextion Editor<\/strong><\/a><\/li>\n<li><a href=\"https:\/\/nextion.tech\/instruction-set\/\" target=\"_blank\" rel=\"noopener\"><strong>Instrucciones para Nextion Editor<\/strong><\/a><\/li>\n<li><a href=\"https:\/\/github.com\/itead\/ITEADLIB_Arduino_Nextion\" target=\"_blank\" rel=\"noopener\"><strong>Librer\u00eda para Arduino<\/strong><\/a><\/li>\n<\/ul>\n","protected":false},"excerpt":{"rendered":"<h3>Caracter\u00edsticas:<\/h3>\n<ul>\n<li>Marca: Nextion<\/li>\n<li>Voltaje de Operaci\u00f3n: 4.75V (m\u00edn.), 5V (t\u00edpico) y 7V(m\u00e1x.)<\/li>\n<li>Corriente de Operaci\u00f3n:\n<ul>\n<li>100% de brillo: 510mA<\/li>\n<li>Modo Sleep: 15 mA<\/li>\n<\/ul>\n<\/li>\n<li>Dimensiones: 181 mm x 108 mm<\/li>\n<li>Resoluci\u00f3n: 800\u00d7480 pixeles<\/li>\n<li>Color: 16 bit 565, 64K , 65536 colores<\/li>\n<li>Memoria Flash: 16 MB<\/li>\n<li>Memoria RAM: 3584 byte<\/li>\n<li>Interfaz : 4 pines (+ 5V, TX, RX, GND)<\/li>\n<li>Puerto Serial: TTL<\/li>\n<li>Interfaz USB: No<\/li>\n<li>Puerto SD: Si, Formato FAT32 , Micro SD 32G m\u00e1ximo<\/li>\n<li>Temperatura de Trabajo: -20\u00b0C a 70\u00b0C<\/li>\n<\/ul>\n","protected":false},"featured_media":16303,"template":"","meta":[],"product_brand":[],"product_cat":[86,44],"product_tag":[1925,995,170,1926,1927,172],"class_list":{"0":"post-16299","1":"product","2":"type-product","3":"status-publish","4":"has-post-thumbnail","6":"product_cat-electronica","7":"product_cat-pantallas-y-lcds","8":"product_tag-7-pulgadas","9":"product_tag-display","10":"product_tag-lcd","11":"product_tag-marca-nextion","12":"product_tag-nx8048t070","13":"product_tag-touch","15":"first","16":"outofstock","17":"shipping-taxable","18":"purchasable","19":"product-type-simple"},"_links":{"self":[{"href":"https:\/\/novatronicec.com\/index.php\/wp-json\/wp\/v2\/product\/16299","targetHints":{"allow":["GET"]}}],"collection":[{"href":"https:\/\/novatronicec.com\/index.php\/wp-json\/wp\/v2\/product"}],"about":[{"href":"https:\/\/novatronicec.com\/index.php\/wp-json\/wp\/v2\/types\/product"}],"wp:featuredmedia":[{"embeddable":true,"href":"https:\/\/novatronicec.com\/index.php\/wp-json\/wp\/v2\/media\/16303"}],"wp:attachment":[{"href":"https:\/\/novatronicec.com\/index.php\/wp-json\/wp\/v2\/media?parent=16299"}],"wp:term":[{"taxonomy":"product_brand","embeddable":true,"href":"https:\/\/novatronicec.com\/index.php\/wp-json\/wp\/v2\/product_brand?post=16299"},{"taxonomy":"product_cat","embeddable":true,"href":"https:\/\/novatronicec.com\/index.php\/wp-json\/wp\/v2\/product_cat?post=16299"},{"taxonomy":"product_tag","embeddable":true,"href":"https:\/\/novatronicec.com\/index.php\/wp-json\/wp\/v2\/product_tag?post=16299"}],"curies":[{"name":"wp","href":"https:\/\/api.w.org\/{rel}","templated":true}]}}