{"id":17659,"date":"2025-10-03T14:56:39","date_gmt":"2025-10-03T14:56:39","guid":{"rendered":"https:\/\/novatronicec.com\/?post_type=product&#038;p=17659"},"modified":"2025-10-03T14:56:44","modified_gmt":"2025-10-03T14:56:44","slug":"turbina-aeo-brushless-adf27mm-11500kv","status":"publish","type":"product","link":"https:\/\/novatronicec.com\/index.php\/product\/turbina-aeo-brushless-adf27mm-11500kv\/","title":{"rendered":"TURBINA AEO BRUSHLESS, ADF27MM 11500KV"},"content":{"rendered":"<h4>DESCRIPCI\u00d3N:<\/h4>\n<p>La turbina AEO Brushless ADF27mm 11500KV es una unidad de propulsi\u00f3n el\u00e9ctrica de alto rendimiento, dise\u00f1ada para modelos de aviones RC que requieren una combinaci\u00f3n de potencia, ligereza y eficiencia. Con un dise\u00f1o compacto y equilibrado, esta turbina es perfecta para entusiastas que buscan mejorar la maniobrabilidad y velocidad de su modelos.<\/p>\n<p>Su dise\u00f1o es optimizado dado que posee un cuerpo compacto y ligero que minimiza el peso sin sacrificar la potencia. Su construcci\u00f3n de alta calidad garantiza una larga vida \u00fatil y un rendimiento constante.<\/p>\n<h4>CARACTER\u00cdSTICAS:<\/h4>\n<ul>\n<li>Di\u00e1metro: 27mm<\/li>\n<li>N\u00famero de palas: 7<\/li>\n<li>Motor tipo: Outrunner Brushless M1204<\/li>\n<li>Revoluciones por Voltio (KV): 11500KV<\/li>\n<li>Peso: 11g<\/li>\n<li>Conectores: PK 2mm<\/li>\n<li>Direcci\u00f3n de rotaci\u00f3n: Sentido antihorario (CCW)<\/li>\n<li>Material: Pl\u00e1stico sint\u00e9tico, transl\u00facido azul<\/li>\n<li>Equilibrado: Unidad ensamblada y balanceada de f\u00e1brica para un funcionamiento sin vibraciones<\/li>\n<\/ul>\n<p><img decoding=\"async\" class=\"alignnone size-medium wp-image-17660 aligncenter\" src=\"https:\/\/novatronicec.com\/wp-content\/uploads\/2025\/10\/TURBINA27MM-400x62.png\" alt=\"\" width=\"400\" height=\"62\" srcset=\"https:\/\/novatronicec.com\/wp-content\/uploads\/2025\/10\/TURBINA27MM-400x62.png 400w, https:\/\/novatronicec.com\/wp-content\/uploads\/2025\/10\/TURBINA27MM-768x119.png 768w, https:\/\/novatronicec.com\/wp-content\/uploads\/2025\/10\/TURBINA27MM-430x67.png 430w, https:\/\/novatronicec.com\/wp-content\/uploads\/2025\/10\/TURBINA27MM-700x109.png 700w, https:\/\/novatronicec.com\/wp-content\/uploads\/2025\/10\/TURBINA27MM-150x23.png 150w, https:\/\/novatronicec.com\/wp-content\/uploads\/2025\/10\/TURBINA27MM.png 908w\" sizes=\"(max-width: 400px) 100vw, 400px\" \/><\/p>\n","protected":false},"excerpt":{"rendered":"<h4>CARACTER\u00cdSTICAS:<\/h4>\n<ul>\n<li>Di\u00e1metro: 27mm<\/li>\n<li>N\u00famero de palas: 7<\/li>\n<li>Motor tipo: Outrunner Brushless M1204<\/li>\n<li>Revoluciones por Voltio (KV): 11500KV<\/li>\n<li>Peso: 11g<\/li>\n<li>Conectores: PK 2mm<\/li>\n<li>Direcci\u00f3n de rotaci\u00f3n: Sentido antihorario (CCW)<\/li>\n<li>Material: Pl\u00e1stico sint\u00e9tico, transl\u00facido azul<\/li>\n<li>Equilibrado: Unidad ensamblada y balanceada de f\u00e1brica para un funcionamiento sin vibraciones<\/li>\n<\/ul>\n","protected":false},"featured_media":17661,"template":"","meta":[],"product_brand":[],"product_cat":[86,43,69],"product_tag":[1933,1787,1932,1786],"class_list":{"0":"post-17659","1":"product","2":"type-product","3":"status-publish","4":"has-post-thumbnail","6":"product_cat-electronica","7":"product_cat-motores-y-actuadores","8":"product_cat-robotica","9":"product_tag-11500kv","10":"product_tag-edf","11":"product_tag-edf27","12":"product_tag-turbina","14":"first","15":"instock","16":"shipping-taxable","17":"purchasable","18":"product-type-simple"},"_links":{"self":[{"href":"https:\/\/novatronicec.com\/index.php\/wp-json\/wp\/v2\/product\/17659","targetHints":{"allow":["GET"]}}],"collection":[{"href":"https:\/\/novatronicec.com\/index.php\/wp-json\/wp\/v2\/product"}],"about":[{"href":"https:\/\/novatronicec.com\/index.php\/wp-json\/wp\/v2\/types\/product"}],"wp:featuredmedia":[{"embeddable":true,"href":"https:\/\/novatronicec.com\/index.php\/wp-json\/wp\/v2\/media\/17661"}],"wp:attachment":[{"href":"https:\/\/novatronicec.com\/index.php\/wp-json\/wp\/v2\/media?parent=17659"}],"wp:term":[{"taxonomy":"product_brand","embeddable":true,"href":"https:\/\/novatronicec.com\/index.php\/wp-json\/wp\/v2\/product_brand?post=17659"},{"taxonomy":"product_cat","embeddable":true,"href":"https:\/\/novatronicec.com\/index.php\/wp-json\/wp\/v2\/product_cat?post=17659"},{"taxonomy":"product_tag","embeddable":true,"href":"https:\/\/novatronicec.com\/index.php\/wp-json\/wp\/v2\/product_tag?post=17659"}],"curies":[{"name":"wp","href":"https:\/\/api.w.org\/{rel}","templated":true}]}}