{"id":17679,"date":"2025-10-07T16:10:51","date_gmt":"2025-10-07T16:10:51","guid":{"rendered":"https:\/\/novatronicec.com\/?post_type=product&#038;p=17679"},"modified":"2025-10-07T16:10:57","modified_gmt":"2025-10-07T16:10:57","slug":"esc-15a-3ch-para-motor-brushed-2s-4s","status":"publish","type":"product","link":"https:\/\/novatronicec.com\/index.php\/product\/esc-15a-3ch-para-motor-brushed-2s-4s\/","title":{"rendered":"ESC 15A 3CH PARA MOTOR BRUSHED 2S-4S"},"content":{"rendered":"<h4>DESCRIPCI\u00d3N:<\/h4>\n<p>El ESC 15A 3CH es un controlador electr\u00f3nico de velocidad dise\u00f1ado para motores brushed (de escobillas), ideal para proyectos de rob\u00f3tica, veh\u00edculos RC, autos, barcos, o tanques a control remoto. Su dise\u00f1o compacto, con capacidad de hasta 15 amperios continuos, permite un control preciso y estable del motor, garantizando una respuesta suave en aceleraci\u00f3n y freno.<\/p>\n<p>Este modelo es compatible con bater\u00edas LiPo de 2 a 4 celdas (7.4V &#8211; 14.8V) e incluye tres canales (3CH), lo que facilita el control simult\u00e1neo del motor y funciones adicionales como direcci\u00f3n o luces, seg\u00fan la configuraci\u00f3n del sistema.<\/p>\n<h4>CARACTER\u00cdSTICAS:<\/h4>\n<ul>\n<li>Tipo de motor compatible: Brushed (con escobillas)<\/li>\n<li>Corriente continua: 15A (3 v\u00edas 15Ax3)<\/li>\n<li>Voltaje de entrada: 2S &#8211; 4S LiPo (7.4V &#8211; 14.8V)<\/li>\n<li>Modo de control: PWM<\/li>\n<li>Silencioso: elimina el molesto ruido de la unidad, que es especialmente notable cuando el motor no est\u00e1 girando o a bajas RPM<\/li>\n<li>Punto neutro de control remoto fijo PWM 1500us (\u00b1 50), recorrido m\u00ednimo 700-1100 y m\u00e1xima 1900-2300 adaptaci\u00f3n autom\u00e1tica<\/li>\n<li>Con arranque de punto medio<\/li>\n<li>Con protecci\u00f3n fuera de control (p\u00e9rdida de se\u00f1al), para mayor seguridad, protecci\u00f3n del motor, necesidad de acelerar de nuevo al medio, volver a desbloquear.<\/li>\n<li>Protecci\u00f3n: contra sobrecorriente y sobrecalentamiento<\/li>\n<li>Salida BEC (3P l\u00edneas blancas, rojas y negras en rojo y negro) 5v 1A para satisfacer sus necesidades de recepci\u00f3n de energ\u00eda, regulaci\u00f3n de voltaje con protecci\u00f3n contra sobrecalentamiento<\/li>\n<li>Tama\u00f1o: 50 x 40 mm (incluida la longitud del condensador)<\/li>\n<li>Peso: 35 g (incluido el cable)<\/li>\n<li>Motores compatibles: 380, 390, 370, 180 y 130<\/li>\n<\/ul>\n","protected":false},"excerpt":{"rendered":"<h4>CARACTER\u00cdSTICAS:<\/h4>\n<ul>\n<li>Tipo de motor compatible: Brushed (con escobillas)<\/li>\n<li>Corriente continua: 15A (3 v\u00edas 15Ax3)<\/li>\n<li>Voltaje de entrada: 2S &#8211; 4S LiPo (7.4V &#8211; 14.8V)<\/li>\n<li>Modo de control: PWM<\/li>\n<li>Silencioso: elimina el molesto ruido de la unidad, que es especialmente notable cuando el motor no est\u00e1 girando o a bajas RPM<\/li>\n<li>Punto neutro de control remoto fijo PWM 1500us (\u00b1 50), recorrido m\u00ednimo 700-1100 y m\u00e1xima 1900-2300 adaptaci\u00f3n autom\u00e1tica<\/li>\n<li>Con arranque de punto medio<\/li>\n<li>Con protecci\u00f3n fuera de control (p\u00e9rdida de se\u00f1al), para mayor seguridad, protecci\u00f3n del motor, necesidad de acelerar de nuevo al medio, volver a desbloquear.<\/li>\n<li>Protecci\u00f3n: contra sobrecorriente y sobrecalentamiento<\/li>\n<li>Salida BEC (3P l\u00edneas blancas, rojas y negras en rojo y negro) 5v 1A para satisfacer sus necesidades de recepci\u00f3n de energ\u00eda, regulaci\u00f3n de voltaje con protecci\u00f3n contra sobrecalentamiento<\/li>\n<li>Tama\u00f1o: 50 x 40 mm (incluida la longitud del condensador)<\/li>\n<li>Peso: 35 g (incluido el cable)<\/li>\n<li>Motores compatibles: 380, 390, 370, 180 y 130<\/li>\n<\/ul>\n","protected":false},"featured_media":17681,"template":"","meta":[],"product_brand":[],"product_cat":[98,86,43,69],"product_tag":[1936,1934,1299,1937,535,136],"class_list":{"0":"post-17679","1":"product","2":"type-product","3":"status-publish","4":"has-post-thumbnail","6":"product_cat-drones-componentes","7":"product_cat-electronica","8":"product_cat-motores-y-actuadores","9":"product_cat-robotica","10":"product_tag-3-vias","11":"product_tag-brushed","12":"product_tag-esc","13":"product_tag-esc-15a","14":"product_tag-rc","15":"product_tag-robot","17":"first","18":"instock","19":"shipping-taxable","20":"purchasable","21":"product-type-simple"},"_links":{"self":[{"href":"https:\/\/novatronicec.com\/index.php\/wp-json\/wp\/v2\/product\/17679","targetHints":{"allow":["GET"]}}],"collection":[{"href":"https:\/\/novatronicec.com\/index.php\/wp-json\/wp\/v2\/product"}],"about":[{"href":"https:\/\/novatronicec.com\/index.php\/wp-json\/wp\/v2\/types\/product"}],"wp:featuredmedia":[{"embeddable":true,"href":"https:\/\/novatronicec.com\/index.php\/wp-json\/wp\/v2\/media\/17681"}],"wp:attachment":[{"href":"https:\/\/novatronicec.com\/index.php\/wp-json\/wp\/v2\/media?parent=17679"}],"wp:term":[{"taxonomy":"product_brand","embeddable":true,"href":"https:\/\/novatronicec.com\/index.php\/wp-json\/wp\/v2\/product_brand?post=17679"},{"taxonomy":"product_cat","embeddable":true,"href":"https:\/\/novatronicec.com\/index.php\/wp-json\/wp\/v2\/product_cat?post=17679"},{"taxonomy":"product_tag","embeddable":true,"href":"https:\/\/novatronicec.com\/index.php\/wp-json\/wp\/v2\/product_tag?post=17679"}],"curies":[{"name":"wp","href":"https:\/\/api.w.org\/{rel}","templated":true}]}}