{"id":17698,"date":"2025-10-07T21:04:45","date_gmt":"2025-10-07T21:04:45","guid":{"rendered":"https:\/\/novatronicec.com\/?post_type=product&#038;p=17698"},"modified":"2025-10-07T21:04:46","modified_gmt":"2025-10-07T21:04:46","slug":"transistor-bc337-npn","status":"publish","type":"product","link":"https:\/\/novatronicec.com\/index.php\/product\/transistor-bc337-npn\/","title":{"rendered":"Transistor BC337 NPN"},"content":{"rendered":"<h5>DESCRIPCI\u00d3N:<\/h5>\n<p>El BC337 es un transistor de Uni\u00f3n Bipolar (BJT) de silicio y de polaridad NPN. Es un componente extremadamente popular en la electr\u00f3nica por su gran versatilidad y su capacidad para manejar una corriente de colector significativamente alta (hasta 800 mA) para un encapsulado de tan bajo perfil como el TO-92. Se utiliza como interruptor electr\u00f3nico para controlar cargas que requieren m\u00e1s corriente de la que pueden suministrar microcontroladores o microprocesadores, y como amplificador en circuitos de baja y media potencia.<\/p>\n<p>Este transistor es capaz de disipar hasta 625mW, aun as\u00ed, puede controlar dispositivos que consuman hasta 800mA o que requieran tensiones de hasta 45VDC, siempre y cuando no se exija el dispositivo hasta o sobre su potencia de disipaci\u00f3n m\u00e1xima. Su factor de amplificaci\u00f3n (hFE) que varia de acuerdo a la carga a utilizar, variando entre los 100 y los 630.<\/p>\n<h5>CARACTER\u00cdSTICAS:<\/h5>\n<ul>\n<li>Encapsulado: TO-92<\/li>\n<li>Polaridad: NPN<\/li>\n<li>Voltaje Colector- Emisor VCE: 45V<\/li>\n<li>Voltaje Colector &#8211; Base VCB: 50V<\/li>\n<li>Voltaje Emisor &#8211; Base VEB: 5V<\/li>\n<li>Voltaje Saturaci\u00f3n Colector-Emisor VCE(sat): 0.7V<\/li>\n<li>Corriente M\u00e1xima de Colector IC: 800mA<\/li>\n<li>Ganancia hFE: 160 a 400<\/li>\n<li>Potencia M\u00e1xima Disipada PD: 625 mW<\/li>\n<li>Disipaci\u00f3n t\u00e9rmica PD: 5 mW\/\u00b0C<\/li>\n<li>Frecuencia M\u00e1xima de Conmutaci\u00f3n fT: 210MHz<\/li>\n<li>Temperatura de operaci\u00f3n TJ: -55 a 150\u00b0C<\/li>\n<\/ul>\n","protected":false},"excerpt":{"rendered":"<h5>CARACTER\u00cdSTICAS:<\/h5>\n<ul>\n<li>Encapsulado: TO-92<\/li>\n<li>Polaridad: NPN<\/li>\n<li>Voltaje Colector- Emisor VCE: 45V<\/li>\n<li>Voltaje Colector &#8211; Base VCB: 50V<\/li>\n<li>Voltaje Emisor &#8211; Base VEB: 5V<\/li>\n<li>Voltaje Saturaci\u00f3n Colector-Emisor VCE(sat): 0.7V<\/li>\n<li>Corriente M\u00e1xima de Colector IC: 800mA<\/li>\n<li>Ganancia hFE: 160 a 400<\/li>\n<li>Potencia M\u00e1xima Disipada PD: 625 mW<\/li>\n<li>Disipaci\u00f3n t\u00e9rmica PD: 5 mW\/\u00b0C<\/li>\n<li>Frecuencia M\u00e1xima de Conmutaci\u00f3n fT: 210MHz<\/li>\n<li>Temperatura de operaci\u00f3n TJ: -55 a 150\u00b0C<\/li>\n<\/ul>\n","protected":false},"featured_media":17699,"template":"","meta":[],"product_brand":[],"product_cat":[86],"product_tag":[104,443,1939,442],"class_list":{"0":"post-17698","1":"product","2":"type-product","3":"status-publish","4":"has-post-thumbnail","6":"product_cat-electronica","7":"product_tag-electronica","8":"product_tag-npn","9":"product_tag-semiconductor","10":"product_tag-transistor","12":"first","13":"instock","14":"shipping-taxable","15":"purchasable","16":"product-type-simple"},"_links":{"self":[{"href":"https:\/\/novatronicec.com\/index.php\/wp-json\/wp\/v2\/product\/17698","targetHints":{"allow":["GET"]}}],"collection":[{"href":"https:\/\/novatronicec.com\/index.php\/wp-json\/wp\/v2\/product"}],"about":[{"href":"https:\/\/novatronicec.com\/index.php\/wp-json\/wp\/v2\/types\/product"}],"wp:featuredmedia":[{"embeddable":true,"href":"https:\/\/novatronicec.com\/index.php\/wp-json\/wp\/v2\/media\/17699"}],"wp:attachment":[{"href":"https:\/\/novatronicec.com\/index.php\/wp-json\/wp\/v2\/media?parent=17698"}],"wp:term":[{"taxonomy":"product_brand","embeddable":true,"href":"https:\/\/novatronicec.com\/index.php\/wp-json\/wp\/v2\/product_brand?post=17698"},{"taxonomy":"product_cat","embeddable":true,"href":"https:\/\/novatronicec.com\/index.php\/wp-json\/wp\/v2\/product_cat?post=17698"},{"taxonomy":"product_tag","embeddable":true,"href":"https:\/\/novatronicec.com\/index.php\/wp-json\/wp\/v2\/product_tag?post=17698"}],"curies":[{"name":"wp","href":"https:\/\/api.w.org\/{rel}","templated":true}]}}