{"id":17702,"date":"2025-10-08T15:31:35","date_gmt":"2025-10-08T15:31:35","guid":{"rendered":"https:\/\/novatronicec.com\/?post_type=product&#038;p=17702"},"modified":"2025-10-08T15:31:36","modified_gmt":"2025-10-08T15:31:36","slug":"interruptor-t85-kcd1-b3-6-pines-dpdt","status":"publish","type":"product","link":"https:\/\/novatronicec.com\/index.php\/product\/interruptor-t85-kcd1-b3-6-pines-dpdt\/","title":{"rendered":"Interruptor T85 KCD1-B3 6 pines DPDT"},"content":{"rendered":"<h5>DESCRIPCI\u00d3N:<\/h5>\n<p>El interruptor KCD1-B3 (o KCD1) es un robusto interruptor de balanc\u00edn dise\u00f1ado para montaje en panel, utilizado para controlar el encendido y apagado de equipos. Aunque su funci\u00f3n principal es ON\/OFF, su configuraci\u00f3n DPDT (Doble Polo, Doble Tiro) lo hace excepcionalmente \u00fatil, ya que le permite cortar o conectar la alimentaci\u00f3n en dos l\u00edneas (Fase y Neutro) simult\u00e1neamente, o controlar dos circuitos independientes con una sola acci\u00f3n.<\/p>\n<p>Es un componente esencial para cualquier dispositivo que requiera una desconexi\u00f3n total y segura de la fuente de alimentaci\u00f3n principal. La designaci\u00f3n T85 garantiza su capacidad de operar de forma fiable en entornos con temperaturas de hasta <span class=\"math-inline\"><span class=\"katex\"><span class=\"katex-html\" aria-hidden=\"true\"><span class=\"base\"><span class=\"mord\">85\u00b0C<\/span><\/span><\/span><\/span><\/span>.<\/p>\n<h5>CARACTER\u00cdSTICAS:<\/h5>\n<ul>\n<li>Capacidad m\u00e1x. de conmutaci\u00f3n: 6 A a 250 V CA, 10 A a 125 V CA<\/li>\n<li>Dimensiones: 20,9 x 15,2 x 25,4 mm<\/li>\n<li>N\u00famero de clavijas: 6<\/li>\n<li>Terminales de conexi\u00f3n r\u00e1pida: 0,77 mm<\/li>\n<li>Color del balanc\u00edn: Negro<\/li>\n<\/ul>\n","protected":false},"excerpt":{"rendered":"<h5>CARACTER\u00cdSTICAS:<\/h5>\n<ul>\n<li>Capacidad m\u00e1x. de conmutaci\u00f3n: 6 A a 250 V CA, 10 A a 125 V CA<\/li>\n<li>Dimensiones: 20,9 x 15,2 x 25,4 mm<\/li>\n<li>N\u00famero de clavijas: 6<\/li>\n<li>Terminales de conexi\u00f3n r\u00e1pida: 0,77 mm<\/li>\n<li>Color del balanc\u00edn: Negro<\/li>\n<\/ul>\n","protected":false},"featured_media":17703,"template":"","meta":[],"product_brand":[],"product_cat":[86],"product_tag":[1197,1198,513,725,726,727],"class_list":{"0":"post-17702","1":"product","2":"type-product","3":"status-publish","4":"has-post-thumbnail","6":"product_cat-electronica","7":"product_tag-basculante","8":"product_tag-batiente","9":"product_tag-interruptor","10":"product_tag-lampara","11":"product_tag-on-off","12":"product_tag-switch","14":"first","15":"instock","16":"shipping-taxable","17":"purchasable","18":"product-type-simple"},"_links":{"self":[{"href":"https:\/\/novatronicec.com\/index.php\/wp-json\/wp\/v2\/product\/17702","targetHints":{"allow":["GET"]}}],"collection":[{"href":"https:\/\/novatronicec.com\/index.php\/wp-json\/wp\/v2\/product"}],"about":[{"href":"https:\/\/novatronicec.com\/index.php\/wp-json\/wp\/v2\/types\/product"}],"wp:featuredmedia":[{"embeddable":true,"href":"https:\/\/novatronicec.com\/index.php\/wp-json\/wp\/v2\/media\/17703"}],"wp:attachment":[{"href":"https:\/\/novatronicec.com\/index.php\/wp-json\/wp\/v2\/media?parent=17702"}],"wp:term":[{"taxonomy":"product_brand","embeddable":true,"href":"https:\/\/novatronicec.com\/index.php\/wp-json\/wp\/v2\/product_brand?post=17702"},{"taxonomy":"product_cat","embeddable":true,"href":"https:\/\/novatronicec.com\/index.php\/wp-json\/wp\/v2\/product_cat?post=17702"},{"taxonomy":"product_tag","embeddable":true,"href":"https:\/\/novatronicec.com\/index.php\/wp-json\/wp\/v2\/product_tag?post=17702"}],"curies":[{"name":"wp","href":"https:\/\/api.w.org\/{rel}","templated":true}]}}