{"id":17842,"date":"2026-01-17T16:27:17","date_gmt":"2026-01-17T16:27:17","guid":{"rendered":"https:\/\/novatronicec.com\/?post_type=product&#038;p=17842"},"modified":"2026-01-17T16:27:52","modified_gmt":"2026-01-17T16:27:52","slug":"bateria-lipo-500mah-1s-95c-3-7v-tattu-jst-phr","status":"publish","type":"product","link":"https:\/\/novatronicec.com\/index.php\/product\/bateria-lipo-500mah-1s-95c-3-7v-tattu-jst-phr\/","title":{"rendered":"BATERIA LIPO 500mAh 1S 95C 3.7V TATTU JST-PHR"},"content":{"rendered":"<h4>DESCRIPCI\u00d3N:<\/h4>\n<p>La bater\u00eda Lipo Tattu R-Line 500mAh 3.7V 95C 1S1P tiene un tama\u00f1o muy ligero y compacto. Es una bater\u00eda lipo de carreras FPV de alta tasa de descarga. El 95C proporciona suficiente potencia bajo carga.\u00a0La forma alargada de esta bater\u00eda hace que funcione mejor en drones peque\u00f1os. Las bater\u00edas Tattu est\u00e1n fabricadas espec\u00edficamente para el mercado de veh\u00edculos a\u00e9reos no tripulados, FPV y drones.<\/p>\n<p>La notable tecnolog\u00eda de apilamiento permite capacidades de celda \u00fanica de 500 mAh. Posee un alto rendimiento de descarga y alta densidad energ\u00e9tica, con materias primas superiores de pol\u00edmeros de litio de Jap\u00f3n y Corea.<\/p>\n<p>Tattu R-Line es una nueva l\u00ednea de productos dise\u00f1ada espec\u00edficamente para competiciones de carreras profesionales de FPV. Es la versi\u00f3n comercial de las bater\u00edas Toppilot. Tambi\u00e9n es filial de la marca Tattu. Tiene mayor capacidad, menor resistencia interna y menores temperaturas de aterrizaje. Son m\u00e1s potentes que cualquier bater\u00eda de grafeno.<\/p>\n<h4>CARACTER\u00cdSTICAS:<\/h4>\n<ul>\n<li>Capacidad: 500 mAh<\/li>\n<li>Configuraci\u00f3n: 1S1P\/3,7 V \/ 1 celda<\/li>\n<li>Tasa de descarga: 95C<\/li>\n<li>Tasa m\u00e1xima de descarga de explosi\u00f3n: 190C<\/li>\n<li>Peso neto: 15g<\/li>\n<li>Dimensiones: 60 x 19 x 9 mm<\/li>\n<li>Tipo de conector: JST-PHR-2P<\/li>\n<\/ul>\n","protected":false},"excerpt":{"rendered":"<h4>CARACTER\u00cdSTICAS:<\/h4>\n<ul>\n<li>Capacidad: 500 mAh<\/li>\n<li>Configuraci\u00f3n: 1S1P\/3,7 V \/ 1 celda<\/li>\n<li>Tasa de descarga: 95C<\/li>\n<li>Tasa m\u00e1xima de descarga de explosi\u00f3n: 190C<\/li>\n<li>Peso neto: 15g<\/li>\n<li>Dimensiones: 60 x 19 x 9 mm<\/li>\n<li>Tipo de conector: JST-PHR-2P<\/li>\n<\/ul>\n","protected":false},"featured_media":17843,"template":"","meta":[],"product_brand":[],"product_cat":[128,86],"product_tag":[131,713,130,129,136,134],"class_list":{"0":"post-17842","1":"product","2":"type-product","3":"status-publish","4":"has-post-thumbnail","6":"product_cat-baterias","7":"product_cat-electronica","8":"product_tag-bateria","9":"product_tag-bateria-recargable","10":"product_tag-baterialipo","11":"product_tag-lipo","12":"product_tag-robot","13":"product_tag-tattu","15":"first","16":"instock","17":"shipping-taxable","18":"purchasable","19":"product-type-simple"},"_links":{"self":[{"href":"https:\/\/novatronicec.com\/index.php\/wp-json\/wp\/v2\/product\/17842","targetHints":{"allow":["GET"]}}],"collection":[{"href":"https:\/\/novatronicec.com\/index.php\/wp-json\/wp\/v2\/product"}],"about":[{"href":"https:\/\/novatronicec.com\/index.php\/wp-json\/wp\/v2\/types\/product"}],"wp:featuredmedia":[{"embeddable":true,"href":"https:\/\/novatronicec.com\/index.php\/wp-json\/wp\/v2\/media\/17843"}],"wp:attachment":[{"href":"https:\/\/novatronicec.com\/index.php\/wp-json\/wp\/v2\/media?parent=17842"}],"wp:term":[{"taxonomy":"product_brand","embeddable":true,"href":"https:\/\/novatronicec.com\/index.php\/wp-json\/wp\/v2\/product_brand?post=17842"},{"taxonomy":"product_cat","embeddable":true,"href":"https:\/\/novatronicec.com\/index.php\/wp-json\/wp\/v2\/product_cat?post=17842"},{"taxonomy":"product_tag","embeddable":true,"href":"https:\/\/novatronicec.com\/index.php\/wp-json\/wp\/v2\/product_tag?post=17842"}],"curies":[{"name":"wp","href":"https:\/\/api.w.org\/{rel}","templated":true}]}}