{"id":17846,"date":"2026-01-17T17:36:29","date_gmt":"2026-01-17T17:36:29","guid":{"rendered":"https:\/\/novatronicec.com\/?post_type=product&#038;p=17846"},"modified":"2026-01-17T17:40:34","modified_gmt":"2026-01-17T17:40:34","slug":"bateria-lipo-2s-1000mah-45c-gens-ace-tipo-t","status":"publish","type":"product","link":"https:\/\/novatronicec.com\/index.php\/product\/bateria-lipo-2s-1000mah-45c-gens-ace-tipo-t\/","title":{"rendered":"BATERIA LIPO 2S 1000mAh 45C Gens ace Tipo T"},"content":{"rendered":"<h4>DESCRIPCI\u00d3N:<\/h4>\n<p>Las bater\u00edas GensAce han demostrado en la comunidad de Radio Control ofrecer un rendimiento confiable y consistente para todos los modelistas por igual. Todas las bater\u00edas GensAce ofrecen una selecci\u00f3n de celdas superior en f\u00e1brica y son extremadamente consistentes en la selecci\u00f3n de celdas emparejadas despu\u00e9s de cada lote producido. Adem\u00e1s, la baja resistencia interna ofrece a los modelistas una salida de voltaje estable durante toda la duraci\u00f3n de la bater\u00eda.<\/p>\n<p>Las bater\u00edas lipo Gens ace 1000mAh 7.4V 45C 2S brindan energ\u00eda confiable y de alta calidad para veh\u00edculos a\u00e9reos no tripulados, FPV y drones.\u00a0La tecnolog\u00eda de apilamiento autom\u00e1tico estable permite capacidades de una sola celda de 1000 mAh.<\/p>\n<h4>CARACTER\u00cdSTICAS:<\/h4>\n<ul>\n<li>Capacidad: 1000 mAh<\/li>\n<li>Voltaje: 7,4 V\/2S\/2 celdas<\/li>\n<li>Tasa de descarga: 45 C<\/li>\n<li>Tasa m\u00e1xima de descarga en r\u00e1faga: 90 C<\/li>\n<li>Peso: 64 g<\/li>\n<li>Tama\u00f1o: 72 x 36 x 13 mm<\/li>\n<li>Tipo de conector : Deans (Tipo T)<\/li>\n<li>Conector de Balanceo: JST-XH<\/li>\n<\/ul>\n","protected":false},"excerpt":{"rendered":"<h4>CARACTER\u00cdSTICAS:<\/h4>\n<ul>\n<li>Capacidad: 1000 mAh<\/li>\n<li>Voltaje: 7,4 V\/2S\/2 celdas<\/li>\n<li>Tasa de descarga: 45 C<\/li>\n<li>Tasa m\u00e1xima de descarga en r\u00e1faga: 90 C<\/li>\n<li>Peso: 64 g<\/li>\n<li>Tama\u00f1o: 72 x 36 x 13 mm<\/li>\n<li>Tipo de conector : Deans (Tipo T)<\/li>\n<li>Conector de Balanceo: JST-XH<\/li>\n<\/ul>\n","protected":false},"featured_media":17847,"template":"","meta":[],"product_brand":[],"product_cat":[128,86],"product_tag":[131,713,130,1946,1773,129,136],"class_list":{"0":"post-17846","1":"product","2":"type-product","3":"status-publish","4":"has-post-thumbnail","6":"product_cat-baterias","7":"product_cat-electronica","8":"product_tag-bateria","9":"product_tag-bateria-recargable","10":"product_tag-baterialipo","11":"product_tag-gens","12":"product_tag-gens-ace","13":"product_tag-lipo","14":"product_tag-robot","16":"first","17":"instock","18":"shipping-taxable","19":"purchasable","20":"product-type-simple"},"_links":{"self":[{"href":"https:\/\/novatronicec.com\/index.php\/wp-json\/wp\/v2\/product\/17846","targetHints":{"allow":["GET"]}}],"collection":[{"href":"https:\/\/novatronicec.com\/index.php\/wp-json\/wp\/v2\/product"}],"about":[{"href":"https:\/\/novatronicec.com\/index.php\/wp-json\/wp\/v2\/types\/product"}],"wp:featuredmedia":[{"embeddable":true,"href":"https:\/\/novatronicec.com\/index.php\/wp-json\/wp\/v2\/media\/17847"}],"wp:attachment":[{"href":"https:\/\/novatronicec.com\/index.php\/wp-json\/wp\/v2\/media?parent=17846"}],"wp:term":[{"taxonomy":"product_brand","embeddable":true,"href":"https:\/\/novatronicec.com\/index.php\/wp-json\/wp\/v2\/product_brand?post=17846"},{"taxonomy":"product_cat","embeddable":true,"href":"https:\/\/novatronicec.com\/index.php\/wp-json\/wp\/v2\/product_cat?post=17846"},{"taxonomy":"product_tag","embeddable":true,"href":"https:\/\/novatronicec.com\/index.php\/wp-json\/wp\/v2\/product_tag?post=17846"}],"curies":[{"name":"wp","href":"https:\/\/api.w.org\/{rel}","templated":true}]}}