{"id":17850,"date":"2026-01-19T15:17:44","date_gmt":"2026-01-19T15:17:44","guid":{"rendered":"https:\/\/novatronicec.com\/?post_type=product&#038;p=17850"},"modified":"2026-01-19T15:19:31","modified_gmt":"2026-01-19T15:19:31","slug":"driver-uln2003-2","status":"publish","type":"product","link":"https:\/\/novatronicec.com\/index.php\/product\/driver-uln2003-2\/","title":{"rendered":"Driver ULN2003"},"content":{"rendered":"<h4>DESCRIPCI\u00d3N:<\/h4>\n<p>El ULN2003 DIP es un arreglo de siete transistores Darlington NPN con capacidad de 500 mA y 50 V de salida. Cuenta con diodos de retorno de c\u00e1todo com\u00fan para conmutar cargas inductivas.<\/p>\n<p id=\"tw-target-text\" class=\"tw-data-text tw-ta tw-text-small\" dir=\"ltr\" data-placeholder=\"Traducci\u00f3n\"><span lang=\"es\">El uso t\u00edpico es en circuitos de controladores para rel\u00e9s, l\u00e1mparas y pantallas LED, motores paso a paso, buffers l\u00f3gicos y controladores de l\u00ednea. Puedes encontrarlo tambi\u00e9n con el motor a pasos 28BYJ-48.<\/span><\/p>\n<h4>CARACTER\u00cdSTICAS:<\/h4>\n<ul>\n<li>Voltaje de entrada: -0.5 V a 30 V<\/li>\n<li>Salida: 0.5 A (500 mA) max.<\/li>\n<li>Voltaje de sostenimiento a la salida:\u00a0-0.5 V a 50 V<\/li>\n<li>Resistencia de entrada a la base: 2.7 k\u03a9<\/li>\n<li>Entradas compatibles TTL y CMOS de 5 V<\/li>\n<li>Encapsulado: DIP\u00a016 pines<\/li>\n<li>7\u00a0transistores NPN Darlington\u00a0en emisor com\u00fan<\/li>\n<li>7\u00a0diodos de supresi\u00f3n de voltajes inversos\u00a0para manejar cargas inductivas, con conexiones de c\u00e1todo com\u00fan<\/li>\n<li>Los transistores pueden ser conectados en paralelo para mayor capacidad de corriente<\/li>\n<li>Dimensiones: 19 x 5 x 7 mm.<\/li>\n<\/ul>\n<h3><strong>DOCUMENTACI\u00d3N Y RECURSOS<\/strong><\/h3>\n<ul>\n<li><strong><a href=\"http:\/\/www.ti.com\/lit\/ds\/symlink\/uln2003a.pdf\">DataSheet<\/a><\/strong><\/li>\n<\/ul>\n","protected":false},"excerpt":{"rendered":"<h4>CARACTER\u00cdSTICAS:<\/h4>\n<ul>\n<li>Voltaje de entrada: -0.5 V a 30 V<\/li>\n<li>Salida: 0.5 A (500 mA) max.<\/li>\n<li>Voltaje de sostenimiento a la salida:\u00a0-0.5 V a 50 V<\/li>\n<li>Resistencia de entrada a la base: 2.7 k\u03a9<\/li>\n<li>Entradas compatibles TTL y CMOS de 5 V<\/li>\n<li>Encapsulado: DIP\u00a016 pines<\/li>\n<li>7\u00a0transistores NPN Darlington\u00a0en emisor com\u00fan<\/li>\n<li>7\u00a0diodos de supresi\u00f3n de voltajes inversos\u00a0para manejar cargas inductivas, con conexiones de c\u00e1todo com\u00fan<\/li>\n<li>Los transistores pueden ser conectados en paralelo para mayor capacidad de corriente<\/li>\n<li>Dimensiones: 19 x 5 x 7 mm.<\/li>\n<\/ul>\n","protected":false},"featured_media":17851,"template":"","meta":[],"product_brand":[],"product_cat":[41,86,43,69],"product_tag":[1377,1924,1947,1848,1352,142,1948],"class_list":{"0":"post-17850","1":"product","2":"type-product","3":"status-publish","4":"has-post-thumbnail","6":"product_cat-drivers","7":"product_cat-electronica","8":"product_cat-motores-y-actuadores","9":"product_cat-robotica","10":"product_tag-controlador","11":"product_tag-controlador-de-motor","12":"product_tag-dip","13":"product_tag-integrado","14":"product_tag-leds","15":"product_tag-motor","16":"product_tag-uln2003","18":"first","19":"instock","20":"shipping-taxable","21":"purchasable","22":"product-type-simple"},"_links":{"self":[{"href":"https:\/\/novatronicec.com\/index.php\/wp-json\/wp\/v2\/product\/17850","targetHints":{"allow":["GET"]}}],"collection":[{"href":"https:\/\/novatronicec.com\/index.php\/wp-json\/wp\/v2\/product"}],"about":[{"href":"https:\/\/novatronicec.com\/index.php\/wp-json\/wp\/v2\/types\/product"}],"wp:featuredmedia":[{"embeddable":true,"href":"https:\/\/novatronicec.com\/index.php\/wp-json\/wp\/v2\/media\/17851"}],"wp:attachment":[{"href":"https:\/\/novatronicec.com\/index.php\/wp-json\/wp\/v2\/media?parent=17850"}],"wp:term":[{"taxonomy":"product_brand","embeddable":true,"href":"https:\/\/novatronicec.com\/index.php\/wp-json\/wp\/v2\/product_brand?post=17850"},{"taxonomy":"product_cat","embeddable":true,"href":"https:\/\/novatronicec.com\/index.php\/wp-json\/wp\/v2\/product_cat?post=17850"},{"taxonomy":"product_tag","embeddable":true,"href":"https:\/\/novatronicec.com\/index.php\/wp-json\/wp\/v2\/product_tag?post=17850"}],"curies":[{"name":"wp","href":"https:\/\/api.w.org\/{rel}","templated":true}]}}