{"id":17858,"date":"2026-01-19T15:58:49","date_gmt":"2026-01-19T15:58:49","guid":{"rendered":"https:\/\/novatronicec.com\/?post_type=product&#038;p=17858"},"modified":"2026-01-19T16:00:04","modified_gmt":"2026-01-19T16:00:04","slug":"modulo-reductor-de-voltaje-20a-300w-step-down","status":"publish","type":"product","link":"https:\/\/novatronicec.com\/index.php\/product\/modulo-reductor-de-voltaje-20a-300w-step-down\/","title":{"rendered":"M\u00f3dulo reductor de Voltaje 20A 300W Step Down"},"content":{"rendered":"<h4>DESCRIPCI\u00d3N:<\/h4>\n<p id=\"tw-target-text\" class=\"tw-data-text tw-ta tw-text-small\" dir=\"ltr\" data-placeholder=\"Traducci\u00f3n\">El m\u00f3dulo Step Down 20A 300W es un convertidor DC &#8211; DC tipo buck, tiene la capacidad de regular o reducir el voltaje proveniente de una fuente de alimentaci\u00f3n de mayor voltaje, manteniendo una alta eficiencia. Cuenta con dos trimpot multivuelta (potenci\u00f3metros) que permiten ajustar el voltaje (CV) Y la corriente (CC) de la salida, se recomienda operarlo preferiblemente a 15A para un rendimiento \u00f3ptimo.<\/p>\n<h4>CARACTER\u00cdSTICAS:<\/h4>\n<ul>\n<li>Tipo: Regulador de voltaje Step Down<\/li>\n<li>Pines: 4 (IN-, IN+, OUT- y OUT+)<\/li>\n<li>Voltaje de entrada: 4 a 40V (IN)<\/li>\n<li>Voltaje de salida: 1.2V a 36 V (Regulable por trimmer)<\/li>\n<li>Corriente de Salida: m\u00e1x. 20A, recomendable 15A<\/li>\n<li>Potencia de salida M\u00e1ximo: 300 W<\/li>\n<li>Eficiencia de conversi\u00f3n: 95%\u00a0(prueba realizada con voltaje de entrada de 24V y salida a 12V, 20A)<\/li>\n<li>Ondulaci\u00f3n de salida: =50mV<\/li>\n<li>Protecci\u00f3n contra cortocircuitos: recuperaci\u00f3n autom\u00e1tica (no dejar en cortocircuito durante mucho tiempo ya que se da\u00f1ar\u00e1 el m\u00f3dulo)<\/li>\n<li>Dimensiones: 60 mm x 53 mm x 27 mm<\/li>\n<li>Interruptor de On y Off<\/li>\n<li>CV: Ajustar voltaje de salida<\/li>\n<li>CC: Ajustar corriente de salida<\/li>\n<li>Modo de operaci\u00f3n: reducci\u00f3n de voltaje mediante el giro del trimpot en sentido antihorario, y horario regula el valor hasta obtener el voltaje de la entrada.<\/li>\n<\/ul>\n","protected":false},"excerpt":{"rendered":"<h4>CARACTER\u00cdSTICAS:<\/h4>\n<ul>\n<li>Tipo: Regulador de voltaje Step Down<\/li>\n<li>Pines: 4 (IN-, IN+, OUT- y OUT+)<\/li>\n<li>Voltaje de entrada: 4 a 40V (IN)<\/li>\n<li>Voltaje de salida: 1.2V a 36 V (Regulable por trimmer)<\/li>\n<li>Corriente de Salida: m\u00e1x. 20A, recomendable 15A<\/li>\n<li>Potencia de salida M\u00e1ximo: 300 W<\/li>\n<li>Eficiencia de conversi\u00f3n: 95%\u00a0(prueba realizada con voltaje de entrada de 24V y salida a 12V, 20A)<\/li>\n<li>Ondulaci\u00f3n de salida: =50mV<\/li>\n<li>Protecci\u00f3n contra cortocircuitos: recuperaci\u00f3n autom\u00e1tica (no dejar en cortocircuito durante mucho tiempo ya que se da\u00f1ar\u00e1 el m\u00f3dulo)<\/li>\n<li>Dimensiones: 60 mm x 53 mm x 27 mm<\/li>\n<li>Interruptor de On y Off<\/li>\n<li>CV: Ajustar voltaje de salida<\/li>\n<li>CC: Ajustar corriente de salida<\/li>\n<li>Modo de operaci\u00f3n: reducci\u00f3n de voltaje mediante el giro del trimpot en sentido antihorario, y horario regula el valor hasta obtener el voltaje de la entrada.<\/li>\n<\/ul>\n","protected":false},"featured_media":17859,"template":"","meta":[],"product_brand":[],"product_cat":[128,86,46,69],"product_tag":[1300,1813,1553,428,1145,367,328,144,1882,1499],"class_list":{"0":"post-17858","1":"product","2":"type-product","3":"status-publish","4":"has-post-thumbnail","6":"product_cat-baterias","7":"product_cat-electronica","8":"product_cat-fuentes-y-adaptadores-de-voltaje","9":"product_cat-robotica","10":"product_tag-20a","11":"product_tag-buck","12":"product_tag-down","13":"product_tag-fuente","14":"product_tag-reductor","15":"product_tag-regulador","16":"product_tag-regulador-de-voltaje","17":"product_tag-step","18":"product_tag-stepdown","19":"product_tag-voltaje","21":"first","22":"instock","23":"shipping-taxable","24":"purchasable","25":"product-type-simple"},"_links":{"self":[{"href":"https:\/\/novatronicec.com\/index.php\/wp-json\/wp\/v2\/product\/17858","targetHints":{"allow":["GET"]}}],"collection":[{"href":"https:\/\/novatronicec.com\/index.php\/wp-json\/wp\/v2\/product"}],"about":[{"href":"https:\/\/novatronicec.com\/index.php\/wp-json\/wp\/v2\/types\/product"}],"wp:featuredmedia":[{"embeddable":true,"href":"https:\/\/novatronicec.com\/index.php\/wp-json\/wp\/v2\/media\/17859"}],"wp:attachment":[{"href":"https:\/\/novatronicec.com\/index.php\/wp-json\/wp\/v2\/media?parent=17858"}],"wp:term":[{"taxonomy":"product_brand","embeddable":true,"href":"https:\/\/novatronicec.com\/index.php\/wp-json\/wp\/v2\/product_brand?post=17858"},{"taxonomy":"product_cat","embeddable":true,"href":"https:\/\/novatronicec.com\/index.php\/wp-json\/wp\/v2\/product_cat?post=17858"},{"taxonomy":"product_tag","embeddable":true,"href":"https:\/\/novatronicec.com\/index.php\/wp-json\/wp\/v2\/product_tag?post=17858"}],"curies":[{"name":"wp","href":"https:\/\/api.w.org\/{rel}","templated":true}]}}